{"id":11,"date":"2023-11-28T11:51:41","date_gmt":"2023-11-28T14:51:41","guid":{"rendered":"https:\/\/civilmaster.com.br\/?page_id=11"},"modified":"2025-08-13T01:12:06","modified_gmt":"2025-08-13T04:12:06","slug":"solucoes-industriais-hidrojateamento","status":"publish","type":"page","link":"https:\/\/civilmaster.com.br\/en\/solucoes-industriais-hidrojateamento\/","title":{"rendered":"Infrastructure"},"content":{"rendered":"<p>direita we understand the fundamental importance of infrastructure and are committed to creating efficient innovative solutions that promote sustainable growth connectivity for your company explore below learn about our areas expertise discover how can help achieve its projects portugues do brasil https \/\/civilmaster com br\/pb\/infraestrutura\/#execucao-de-dhp veja nossos servicos anchored retaining walls they consist rigid facing generally made reinforced concrete either pumped or shotcrete equipped with anchors embedded in ground counteract active at-rest earth pressures these special steel bars low-relaxation strands prestressed pushing against ensuring slope stability preventing undesirable mass movements a 5 {i 0 s 3 &#8220;546&#8221; i 1 &#8220;547&#8221; 2 &#8220;548&#8221; &#8220;549&#8221; 4 &#8220;550&#8221; } nailed soil this technique is used stabilizing natural slopes embankments primary mechanism restriction massif deformations unlike nails not have free length considered passive elements because only activated when there tendency movement pre-tensioned be high-strength wire mesh some cases may any on surface &#8220;551&#8221; &#8220;552&#8221; &#8220;553&#8221; &#8220;554&#8221; drainage network responsible directing rainwater watercourses proper direction prevents excessive infiltration which harm additionally correct sizing erosion develop into landslides gullies more &#8220;555&#8221; &#8220;556&#8221; &#8220;557&#8221; dynamic barriers flexible designed contain slow down rock blocks solution applied comprehensively becomes economically unfeasible sized by energy must capable absorbing potential converted kinetic during rockfall &#8220;558&#8221; &#8220;559&#8221; &#8220;560&#8221; instrumentation involves installing devices predetermined locations measure various quantities relevant given such as pore water levels etc most commonly instruments piezometers level indicators inclinometers markers topographic prisms crack meters settlement pins other also installed verify specific parameters location &#8220;561&#8221; &#8220;562&#8221; &#8220;563&#8221; &#8220;564&#8221; tunnel support supports containing block detachments case tunnels main type addressed rockburst sudden &#8220;explosion&#8221; solid resulting detachment significant release &#8220;565&#8221; cleaning important it allows identification issues visible through superficial layer vegetation cracks erosions monitoring using example necessary ensure equipment accurately target instrument question performed manually mechanically remotely depending complexity site access condition and\/or dam &#8220;566&#8221; &#8220;567&#8221; &#8220;568&#8221; foundation hard-to-access parts structures located very high steep large deep valleys where possible execute conventional market &#8220;569&#8221; &#8220;570&#8221; &#8220;571&#8221; execution horizontal drains keeping table lowered an unwanted rise according hydrogeological rainfall studies each assembly allow enter tube directed out up perforated pipes wrapped geotextiles screens geotubes permeable tubes &#8220;544&#8221; &#8220;545&#8221; <\/p>","protected":false},"excerpt":{"rendered":"<p>direita we understand the fundamental importance of infrastructure and are committed to creating efficient innovative solutions that promote sustainable growth connectivity for your company explore below learn about our areas expertise discover how can help achieve its projects portugues do brasil https \/\/civilmaster com br\/pb\/infraestrutura\/#execucao-de-dhp veja nossos servicos anchored retaining walls they consist rigid facing [&hellip;]<\/p>\n","protected":false},"author":1,"featured_media":0,"parent":0,"menu_order":0,"comment_status":"closed","ping_status":"closed","template":"template-servicos.php","meta":{"_acf_changed":false},"class_list":["post-11","page","type-page","status-publish","hentry"],"acf":[],"yoast_head":"<!-- This site is optimized with the Yoast SEO Premium plugin v25.3 (Yoast SEO v24.0) - https:\/\/yoast.com\/wordpress\/plugins\/seo\/ -->\n<title>Solu\u00e7\u00f5es Industriais: Servi\u00e7os em Locais de Dif\u00edcil Acesso<\/title>\n<meta name=\"description\" content=\"Especialistas em servi\u00e7os industriais essenciais, como hidrojateamento de alta press\u00e3o, manuten\u00e7\u00e3o de componentes e acesso por corda.\" \/>\n<meta name=\"robots\" content=\"index, follow, max-snippet:-1, max-image-preview:large, max-video-preview:-1\" \/>\n<link rel=\"canonical\" href=\"https:\/\/civilmaster.com.br\/solucoes-industriais-hidrojateamento\/\" \/>\n<meta property=\"og:locale\" content=\"en_US\" \/>\n<meta property=\"og:type\" content=\"article\" \/>\n<meta property=\"og:title\" content=\"Solu\u00e7\u00f5es Industriais: Servi\u00e7os em Locais de Dif\u00edcil Acesso\" \/>\n<meta property=\"og:description\" content=\"Especialistas em servi\u00e7os industriais essenciais, como hidrojateamento de alta press\u00e3o, manuten\u00e7\u00e3o de componentes e acesso por corda.\" \/>\n<meta property=\"og:url\" content=\"https:\/\/civilmaster.com.br\/solucoes-industriais-hidrojateamento\/\" \/>\n<meta property=\"og:site_name\" content=\"Civil Master\" \/>\n<meta property=\"article:publisher\" content=\"https:\/\/www.instagram.com\/civilmasterengenharia\" \/>\n<meta property=\"article:modified_time\" content=\"2025-08-13T04:12:06+00:00\" \/>\n<meta property=\"og:image\" content=\"https:\/\/civilmaster.com.br\/wp-content\/uploads\/2024\/11\/logo.png.webp\" \/>\n\t<meta property=\"og:image:width\" content=\"129\" \/>\n\t<meta property=\"og:image:height\" content=\"83\" \/>\n\t<meta property=\"og:image:type\" content=\"image\/webp\" \/>\n<meta name=\"twitter:card\" content=\"summary_large_image\" \/>\n<meta name=\"twitter:label1\" content=\"Est. reading time\" \/>\n\t<meta name=\"twitter:data1\" content=\"4 minutes\" \/>\n<script type=\"application\/ld+json\" class=\"yoast-schema-graph\">{\"@context\":\"https:\/\/schema.org\",\"@graph\":[{\"@type\":\"WebPage\",\"@id\":\"https:\/\/civilmaster.com.br\/solucoes-industriais-hidrojateamento\/\",\"url\":\"https:\/\/civilmaster.com.br\/solucoes-industriais-hidrojateamento\/\",\"name\":\"Solu\u00e7\u00f5es Industriais: Servi\u00e7os em Locais de Dif\u00edcil Acesso\",\"isPartOf\":{\"@id\":\"https:\/\/civilmaster.com.br\/#website\"},\"datePublished\":\"2023-11-28T14:51:41+00:00\",\"dateModified\":\"2025-08-13T04:12:06+00:00\",\"description\":\"Especialistas em servi\u00e7os industriais essenciais, como hidrojateamento de alta press\u00e3o, manuten\u00e7\u00e3o de componentes e acesso por corda.\",\"breadcrumb\":{\"@id\":\"https:\/\/civilmaster.com.br\/solucoes-industriais-hidrojateamento\/#breadcrumb\"},\"inLanguage\":\"en-US\",\"potentialAction\":[{\"@type\":\"ReadAction\",\"target\":[\"https:\/\/civilmaster.com.br\/solucoes-industriais-hidrojateamento\/\"]}]},{\"@type\":\"BreadcrumbList\",\"@id\":\"https:\/\/civilmaster.com.br\/solucoes-industriais-hidrojateamento\/#breadcrumb\",\"itemListElement\":[{\"@type\":\"ListItem\",\"position\":1,\"name\":\"Home\",\"item\":\"https:\/\/civilmaster.com.br\/\"},{\"@type\":\"ListItem\",\"position\":2,\"name\":\"Infraestrutura\"}]},{\"@type\":\"WebSite\",\"@id\":\"https:\/\/civilmaster.com.br\/#website\",\"url\":\"https:\/\/civilmaster.com.br\/\",\"name\":\"Civil Master\",\"description\":\"Engenharia em Altura\",\"publisher\":{\"@id\":\"https:\/\/civilmaster.com.br\/#organization\"},\"potentialAction\":[{\"@type\":\"SearchAction\",\"target\":{\"@type\":\"EntryPoint\",\"urlTemplate\":\"https:\/\/civilmaster.com.br\/?s={search_term_string}\"},\"query-input\":{\"@type\":\"PropertyValueSpecification\",\"valueRequired\":true,\"valueName\":\"search_term_string\"}}],\"inLanguage\":\"en-US\"},{\"@type\":\"Organization\",\"@id\":\"https:\/\/civilmaster.com.br\/#organization\",\"name\":\"Civil Master\",\"url\":\"https:\/\/civilmaster.com.br\/\",\"logo\":{\"@type\":\"ImageObject\",\"inLanguage\":\"en-US\",\"@id\":\"https:\/\/civilmaster.com.br\/#\/schema\/logo\/image\/\",\"url\":\"https:\/\/civilmaster.com.br\/wp-content\/uploads\/2024\/11\/logo.png.webp\",\"contentUrl\":\"https:\/\/civilmaster.com.br\/wp-content\/uploads\/2024\/11\/logo.png.webp\",\"width\":129,\"height\":83,\"caption\":\"Civil Master\"},\"image\":{\"@id\":\"https:\/\/civilmaster.com.br\/#\/schema\/logo\/image\/\"},\"sameAs\":[\"https:\/\/www.instagram.com\/civilmasterengenharia\"]}]}<\/script>\n<!-- \/ Yoast SEO Premium plugin. -->","yoast_head_json":{"title":"Solu\u00e7\u00f5es Industriais: Servi\u00e7os em Locais de Dif\u00edcil Acesso","description":"Especialistas em servi\u00e7os industriais essenciais, como hidrojateamento de alta press\u00e3o, manuten\u00e7\u00e3o de componentes e acesso por corda.","robots":{"index":"index","follow":"follow","max-snippet":"max-snippet:-1","max-image-preview":"max-image-preview:large","max-video-preview":"max-video-preview:-1"},"canonical":"https:\/\/civilmaster.com.br\/solucoes-industriais-hidrojateamento\/","og_locale":"en_US","og_type":"article","og_title":"Solu\u00e7\u00f5es Industriais: Servi\u00e7os em Locais de Dif\u00edcil Acesso","og_description":"Especialistas em servi\u00e7os industriais essenciais, como hidrojateamento de alta press\u00e3o, manuten\u00e7\u00e3o de componentes e acesso por corda.","og_url":"https:\/\/civilmaster.com.br\/solucoes-industriais-hidrojateamento\/","og_site_name":"Civil Master","article_publisher":"https:\/\/www.instagram.com\/civilmasterengenharia","article_modified_time":"2025-08-13T04:12:06+00:00","og_image":[{"width":129,"height":83,"url":"https:\/\/civilmaster.com.br\/wp-content\/uploads\/2024\/11\/logo.png.webp","type":"image\/webp"}],"twitter_card":"summary_large_image","twitter_misc":{"Est. reading time":"4 minutes"},"schema":{"@context":"https:\/\/schema.org","@graph":[{"@type":"WebPage","@id":"https:\/\/civilmaster.com.br\/solucoes-industriais-hidrojateamento\/","url":"https:\/\/civilmaster.com.br\/solucoes-industriais-hidrojateamento\/","name":"Solu\u00e7\u00f5es Industriais: Servi\u00e7os em Locais de Dif\u00edcil Acesso","isPartOf":{"@id":"https:\/\/civilmaster.com.br\/#website"},"datePublished":"2023-11-28T14:51:41+00:00","dateModified":"2025-08-13T04:12:06+00:00","description":"Especialistas em servi\u00e7os industriais essenciais, como hidrojateamento de alta press\u00e3o, manuten\u00e7\u00e3o de componentes e acesso por corda.","breadcrumb":{"@id":"https:\/\/civilmaster.com.br\/solucoes-industriais-hidrojateamento\/#breadcrumb"},"inLanguage":"en-US","potentialAction":[{"@type":"ReadAction","target":["https:\/\/civilmaster.com.br\/solucoes-industriais-hidrojateamento\/"]}]},{"@type":"BreadcrumbList","@id":"https:\/\/civilmaster.com.br\/solucoes-industriais-hidrojateamento\/#breadcrumb","itemListElement":[{"@type":"ListItem","position":1,"name":"Home","item":"https:\/\/civilmaster.com.br\/"},{"@type":"ListItem","position":2,"name":"Infraestrutura"}]},{"@type":"WebSite","@id":"https:\/\/civilmaster.com.br\/#website","url":"https:\/\/civilmaster.com.br\/","name":"Civil Master","description":"Engenharia em Altura","publisher":{"@id":"https:\/\/civilmaster.com.br\/#organization"},"potentialAction":[{"@type":"SearchAction","target":{"@type":"EntryPoint","urlTemplate":"https:\/\/civilmaster.com.br\/?s={search_term_string}"},"query-input":{"@type":"PropertyValueSpecification","valueRequired":true,"valueName":"search_term_string"}}],"inLanguage":"en-US"},{"@type":"Organization","@id":"https:\/\/civilmaster.com.br\/#organization","name":"Civil Master","url":"https:\/\/civilmaster.com.br\/","logo":{"@type":"ImageObject","inLanguage":"en-US","@id":"https:\/\/civilmaster.com.br\/#\/schema\/logo\/image\/","url":"https:\/\/civilmaster.com.br\/wp-content\/uploads\/2024\/11\/logo.png.webp","contentUrl":"https:\/\/civilmaster.com.br\/wp-content\/uploads\/2024\/11\/logo.png.webp","width":129,"height":83,"caption":"Civil Master"},"image":{"@id":"https:\/\/civilmaster.com.br\/#\/schema\/logo\/image\/"},"sameAs":["https:\/\/www.instagram.com\/civilmasterengenharia"]}]}},"_links":{"self":[{"href":"https:\/\/civilmaster.com.br\/en\/wp-json\/wp\/v2\/pages\/11","targetHints":{"allow":["GET"]}}],"collection":[{"href":"https:\/\/civilmaster.com.br\/en\/wp-json\/wp\/v2\/pages"}],"about":[{"href":"https:\/\/civilmaster.com.br\/en\/wp-json\/wp\/v2\/types\/page"}],"author":[{"embeddable":true,"href":"https:\/\/civilmaster.com.br\/en\/wp-json\/wp\/v2\/users\/1"}],"replies":[{"embeddable":true,"href":"https:\/\/civilmaster.com.br\/en\/wp-json\/wp\/v2\/comments?post=11"}],"version-history":[{"count":33,"href":"https:\/\/civilmaster.com.br\/en\/wp-json\/wp\/v2\/pages\/11\/revisions"}],"predecessor-version":[{"id":2332,"href":"https:\/\/civilmaster.com.br\/en\/wp-json\/wp\/v2\/pages\/11\/revisions\/2332"}],"wp:attachment":[{"href":"https:\/\/civilmaster.com.br\/en\/wp-json\/wp\/v2\/media?parent=11"}],"curies":[{"name":"wp","href":"https:\/\/api.w.org\/{rel}","templated":true}]}}