{"id":13,"date":"2023-11-28T11:51:54","date_gmt":"2023-11-28T14:51:54","guid":{"rendered":"https:\/\/civilmaster.com.br\/?page_id=13"},"modified":"2025-08-13T01:09:27","modified_gmt":"2025-08-13T04:09:27","slug":"mineracao","status":"publish","type":"page","link":"https:\/\/civilmaster.com.br\/en\/mineracao\/","title":{"rendered":"Mining"},"content":{"rendered":"<p>direita mining is crucial to the global economy providing essential resources for society at civil master we are forefront of industry offering technically and environmentally responsible solutions explore our areas expertise below discover how can help your company achieve its projects portugues do brasil https \/\/civilmaster com br\/pb\/mineracao\/#execucao-de-dhp veja nossos servicos anchored retaining walls they consist rigid facing generally made reinforced concrete either pumped or shotcrete equipped with anchors embedded in ground counteract active at-rest earth pressures these special steel bars low-relaxation strands prestressed pushing against ensuring slope stability preventing undesirable mass movements a 5 {i 0 s 3 &#8220;580&#8221; i 1 &#8220;581&#8221; 2 &#8220;582&#8221; &#8220;583&#8221; 4 &#8220;584&#8221; } nailed soil this technique used stabilizing natural slopes embankments primary mechanism restriction massif deformations unlike nails not have free length considered passive elements because only activated when there tendency movement pre-tensioned be high-strength wire mesh some cases may any on surface &#8220;585&#8221; &#8220;586&#8221; &#8220;587&#8221; &#8220;588&#8221; drainage network directing rainwater watercourses proper direction prevents excessive infiltration which harm additionally correct sizing erosion develop into landslides gullies more &#8220;589&#8221; &#8220;590&#8221; &#8220;591&#8221; dynamic barriers flexible designed contain slow down rock blocks solution applied comprehensively becomes economically unfeasible sized by energy must capable absorbing potential that converted kinetic during rockfall &#8220;592&#8221; &#8220;593&#8221; &#8220;594&#8221; instrumentation involves installing devices predetermined locations measure various quantities relevant given such as pore water levels etc most commonly instruments piezometers level indicators inclinometers markers topographic prisms crack meters settlement pins other also installed verify specific parameters location &#8220;595&#8221; &#8220;596&#8221; &#8220;597&#8221; &#8220;598&#8221; tunnel supports containing block detachments case tunnels main type addressed rockburst sudden &#8220;explosion&#8221; solid resulting detachment significant release &#8220;599&#8221; cleaning important it allows identification issues visible through superficial layer vegetation cracks erosions monitoring using example necessary ensure equipment accurately target instrument question performed manually mechanically remotely depending complexity site access condition and\/or dam &#8220;600&#8221; &#8220;601&#8221; &#8220;602&#8221; silo use rope maintenance screening loading silos industrial complexes optimized downtime clients increased productivity their activities &#8220;603&#8221; foundation hard-to-access fundamental parts infrastructure structures located very high steep large deep valleys where possible execute conventional market &#8220;604&#8221; &#8220;605&#8221; &#8220;606&#8221; remote operations aircraft external load inspection no adequate transporting small medium-sized materials extremely without crest railways within self-rescue zones inspections represent highest emergency imminent risk failure climbers who structure ropes from &#8220;607&#8221; &#8220;608&#8221; &#8220;609&#8221; controlled service human presence prohibited insufficient time intervention competent authority an unmanned control examples include suppression 360\u00b0 camera services dams &#8220;610&#8221; execution horizontal drains keeping table lowered unwanted rise according hydrogeological rainfall studies each assembly allow enter tube directed out up perforated pipes wrapped geotextiles screens geotubes permeable tubes &#8220;578&#8221; &#8220;579&#8221; <\/p>","protected":false},"excerpt":{"rendered":"<p>direita mining is crucial to the global economy providing essential resources for society at civil master we are forefront of industry offering technically and environmentally responsible solutions explore our areas expertise below discover how can help your company achieve its projects portugues do brasil https \/\/civilmaster com br\/pb\/mineracao\/#execucao-de-dhp veja nossos servicos anchored retaining walls they [&hellip;]<\/p>\n","protected":false},"author":1,"featured_media":0,"parent":0,"menu_order":0,"comment_status":"closed","ping_status":"closed","template":"template-servicos.php","meta":{"_acf_changed":false},"class_list":["post-13","page","type-page","status-publish","hentry"],"acf":[],"yoast_head":"<!-- This site is optimized with the Yoast SEO Premium plugin v25.3 (Yoast SEO v24.0) - https:\/\/yoast.com\/wordpress\/plugins\/seo\/ -->\n<title>Solu\u00e7\u00f5es para Minera\u00e7\u00e3o: Geotecnia, Conten\u00e7\u00e3o e Servi\u00e7os<\/title>\n<meta name=\"description\" content=\"Descubra nossas solu\u00e7\u00f5es para o setor de minera\u00e7\u00e3o, incluindo DHP, cortinas atirantadas, solo grampeado, barreiras din\u00e2micas, limpeza de taludes e silos, al\u00e9m de tecnologias remotas\" \/>\n<meta name=\"robots\" content=\"index, follow, max-snippet:-1, max-image-preview:large, max-video-preview:-1\" \/>\n<link rel=\"canonical\" href=\"https:\/\/civilmaster.com.br\/mineracao\/\" \/>\n<meta property=\"og:locale\" content=\"en_US\" \/>\n<meta property=\"og:type\" content=\"article\" \/>\n<meta property=\"og:title\" content=\"Solu\u00e7\u00f5es para Minera\u00e7\u00e3o: Geotecnia, Conten\u00e7\u00e3o e Servi\u00e7os\" \/>\n<meta property=\"og:description\" content=\"Descubra nossas solu\u00e7\u00f5es para o setor de minera\u00e7\u00e3o, incluindo DHP, cortinas atirantadas, solo grampeado, barreiras din\u00e2micas, limpeza de taludes e silos, al\u00e9m de tecnologias remotas\" \/>\n<meta property=\"og:url\" content=\"https:\/\/civilmaster.com.br\/mineracao\/\" \/>\n<meta property=\"og:site_name\" content=\"Civil Master\" \/>\n<meta property=\"article:publisher\" content=\"https:\/\/www.instagram.com\/civilmasterengenharia\" \/>\n<meta property=\"article:modified_time\" content=\"2025-08-13T04:09:27+00:00\" \/>\n<meta property=\"og:image\" content=\"https:\/\/civilmaster.com.br\/wp-content\/uploads\/2024\/11\/logo.png.webp\" \/>\n\t<meta property=\"og:image:width\" content=\"129\" \/>\n\t<meta property=\"og:image:height\" content=\"83\" \/>\n\t<meta property=\"og:image:type\" content=\"image\/webp\" \/>\n<meta name=\"twitter:card\" content=\"summary_large_image\" \/>\n<meta name=\"twitter:label1\" content=\"Est. reading time\" \/>\n\t<meta name=\"twitter:data1\" content=\"5 minutes\" \/>\n<script type=\"application\/ld+json\" class=\"yoast-schema-graph\">{\"@context\":\"https:\/\/schema.org\",\"@graph\":[{\"@type\":\"WebPage\",\"@id\":\"https:\/\/civilmaster.com.br\/mineracao\/\",\"url\":\"https:\/\/civilmaster.com.br\/mineracao\/\",\"name\":\"Solu\u00e7\u00f5es para Minera\u00e7\u00e3o: Geotecnia, Conten\u00e7\u00e3o e Servi\u00e7os\",\"isPartOf\":{\"@id\":\"https:\/\/civilmaster.com.br\/#website\"},\"datePublished\":\"2023-11-28T14:51:54+00:00\",\"dateModified\":\"2025-08-13T04:09:27+00:00\",\"description\":\"Descubra nossas solu\u00e7\u00f5es para o setor de minera\u00e7\u00e3o, incluindo DHP, cortinas atirantadas, solo grampeado, barreiras din\u00e2micas, limpeza de taludes e silos, al\u00e9m de tecnologias remotas\",\"breadcrumb\":{\"@id\":\"https:\/\/civilmaster.com.br\/mineracao\/#breadcrumb\"},\"inLanguage\":\"en-US\",\"potentialAction\":[{\"@type\":\"ReadAction\",\"target\":[\"https:\/\/civilmaster.com.br\/mineracao\/\"]}]},{\"@type\":\"BreadcrumbList\",\"@id\":\"https:\/\/civilmaster.com.br\/mineracao\/#breadcrumb\",\"itemListElement\":[{\"@type\":\"ListItem\",\"position\":1,\"name\":\"Home\",\"item\":\"https:\/\/civilmaster.com.br\/\"},{\"@type\":\"ListItem\",\"position\":2,\"name\":\"Minera\u00e7\u00e3o\"}]},{\"@type\":\"WebSite\",\"@id\":\"https:\/\/civilmaster.com.br\/#website\",\"url\":\"https:\/\/civilmaster.com.br\/\",\"name\":\"Civil Master\",\"description\":\"Engenharia em Altura\",\"publisher\":{\"@id\":\"https:\/\/civilmaster.com.br\/#organization\"},\"potentialAction\":[{\"@type\":\"SearchAction\",\"target\":{\"@type\":\"EntryPoint\",\"urlTemplate\":\"https:\/\/civilmaster.com.br\/?s={search_term_string}\"},\"query-input\":{\"@type\":\"PropertyValueSpecification\",\"valueRequired\":true,\"valueName\":\"search_term_string\"}}],\"inLanguage\":\"en-US\"},{\"@type\":\"Organization\",\"@id\":\"https:\/\/civilmaster.com.br\/#organization\",\"name\":\"Civil Master\",\"url\":\"https:\/\/civilmaster.com.br\/\",\"logo\":{\"@type\":\"ImageObject\",\"inLanguage\":\"en-US\",\"@id\":\"https:\/\/civilmaster.com.br\/#\/schema\/logo\/image\/\",\"url\":\"https:\/\/civilmaster.com.br\/wp-content\/uploads\/2024\/11\/logo.png.webp\",\"contentUrl\":\"https:\/\/civilmaster.com.br\/wp-content\/uploads\/2024\/11\/logo.png.webp\",\"width\":129,\"height\":83,\"caption\":\"Civil Master\"},\"image\":{\"@id\":\"https:\/\/civilmaster.com.br\/#\/schema\/logo\/image\/\"},\"sameAs\":[\"https:\/\/www.instagram.com\/civilmasterengenharia\"]}]}<\/script>\n<!-- \/ Yoast SEO Premium plugin. -->","yoast_head_json":{"title":"Solu\u00e7\u00f5es para Minera\u00e7\u00e3o: Geotecnia, Conten\u00e7\u00e3o e Servi\u00e7os","description":"Descubra nossas solu\u00e7\u00f5es para o setor de minera\u00e7\u00e3o, incluindo DHP, cortinas atirantadas, solo grampeado, barreiras din\u00e2micas, limpeza de taludes e silos, al\u00e9m de tecnologias remotas","robots":{"index":"index","follow":"follow","max-snippet":"max-snippet:-1","max-image-preview":"max-image-preview:large","max-video-preview":"max-video-preview:-1"},"canonical":"https:\/\/civilmaster.com.br\/mineracao\/","og_locale":"en_US","og_type":"article","og_title":"Solu\u00e7\u00f5es para Minera\u00e7\u00e3o: Geotecnia, Conten\u00e7\u00e3o e Servi\u00e7os","og_description":"Descubra nossas solu\u00e7\u00f5es para o setor de minera\u00e7\u00e3o, incluindo DHP, cortinas atirantadas, solo grampeado, barreiras din\u00e2micas, limpeza de taludes e silos, al\u00e9m de tecnologias remotas","og_url":"https:\/\/civilmaster.com.br\/mineracao\/","og_site_name":"Civil Master","article_publisher":"https:\/\/www.instagram.com\/civilmasterengenharia","article_modified_time":"2025-08-13T04:09:27+00:00","og_image":[{"width":129,"height":83,"url":"https:\/\/civilmaster.com.br\/wp-content\/uploads\/2024\/11\/logo.png.webp","type":"image\/webp"}],"twitter_card":"summary_large_image","twitter_misc":{"Est. reading time":"5 minutes"},"schema":{"@context":"https:\/\/schema.org","@graph":[{"@type":"WebPage","@id":"https:\/\/civilmaster.com.br\/mineracao\/","url":"https:\/\/civilmaster.com.br\/mineracao\/","name":"Solu\u00e7\u00f5es para Minera\u00e7\u00e3o: Geotecnia, Conten\u00e7\u00e3o e Servi\u00e7os","isPartOf":{"@id":"https:\/\/civilmaster.com.br\/#website"},"datePublished":"2023-11-28T14:51:54+00:00","dateModified":"2025-08-13T04:09:27+00:00","description":"Descubra nossas solu\u00e7\u00f5es para o setor de minera\u00e7\u00e3o, incluindo DHP, cortinas atirantadas, solo grampeado, barreiras din\u00e2micas, limpeza de taludes e silos, al\u00e9m de tecnologias remotas","breadcrumb":{"@id":"https:\/\/civilmaster.com.br\/mineracao\/#breadcrumb"},"inLanguage":"en-US","potentialAction":[{"@type":"ReadAction","target":["https:\/\/civilmaster.com.br\/mineracao\/"]}]},{"@type":"BreadcrumbList","@id":"https:\/\/civilmaster.com.br\/mineracao\/#breadcrumb","itemListElement":[{"@type":"ListItem","position":1,"name":"Home","item":"https:\/\/civilmaster.com.br\/"},{"@type":"ListItem","position":2,"name":"Minera\u00e7\u00e3o"}]},{"@type":"WebSite","@id":"https:\/\/civilmaster.com.br\/#website","url":"https:\/\/civilmaster.com.br\/","name":"Civil Master","description":"Engenharia em Altura","publisher":{"@id":"https:\/\/civilmaster.com.br\/#organization"},"potentialAction":[{"@type":"SearchAction","target":{"@type":"EntryPoint","urlTemplate":"https:\/\/civilmaster.com.br\/?s={search_term_string}"},"query-input":{"@type":"PropertyValueSpecification","valueRequired":true,"valueName":"search_term_string"}}],"inLanguage":"en-US"},{"@type":"Organization","@id":"https:\/\/civilmaster.com.br\/#organization","name":"Civil Master","url":"https:\/\/civilmaster.com.br\/","logo":{"@type":"ImageObject","inLanguage":"en-US","@id":"https:\/\/civilmaster.com.br\/#\/schema\/logo\/image\/","url":"https:\/\/civilmaster.com.br\/wp-content\/uploads\/2024\/11\/logo.png.webp","contentUrl":"https:\/\/civilmaster.com.br\/wp-content\/uploads\/2024\/11\/logo.png.webp","width":129,"height":83,"caption":"Civil Master"},"image":{"@id":"https:\/\/civilmaster.com.br\/#\/schema\/logo\/image\/"},"sameAs":["https:\/\/www.instagram.com\/civilmasterengenharia"]}]}},"_links":{"self":[{"href":"https:\/\/civilmaster.com.br\/en\/wp-json\/wp\/v2\/pages\/13","targetHints":{"allow":["GET"]}}],"collection":[{"href":"https:\/\/civilmaster.com.br\/en\/wp-json\/wp\/v2\/pages"}],"about":[{"href":"https:\/\/civilmaster.com.br\/en\/wp-json\/wp\/v2\/types\/page"}],"author":[{"embeddable":true,"href":"https:\/\/civilmaster.com.br\/en\/wp-json\/wp\/v2\/users\/1"}],"replies":[{"embeddable":true,"href":"https:\/\/civilmaster.com.br\/en\/wp-json\/wp\/v2\/comments?post=13"}],"version-history":[{"count":27,"href":"https:\/\/civilmaster.com.br\/en\/wp-json\/wp\/v2\/pages\/13\/revisions"}],"predecessor-version":[{"id":2330,"href":"https:\/\/civilmaster.com.br\/en\/wp-json\/wp\/v2\/pages\/13\/revisions\/2330"}],"wp:attachment":[{"href":"https:\/\/civilmaster.com.br\/en\/wp-json\/wp\/v2\/media?parent=13"}],"curies":[{"name":"wp","href":"https:\/\/api.w.org\/{rel}","templated":true}]}}