{"id":19,"date":"2023-11-28T11:52:50","date_gmt":"2023-11-28T14:52:50","guid":{"rendered":"https:\/\/civilmaster.com.br\/?page_id=19"},"modified":"2025-01-09T19:10:31","modified_gmt":"2025-01-09T22:10:31","slug":"industrial","status":"publish","type":"page","link":"https:\/\/civilmaster.com.br\/en\/industrial\/","title":{"rendered":"Industrial"},"content":{"rendered":"<p>we specialize in essential services for the industrial sector offering specialized solutions including maintenance planning hard-to-access areas component non-destructive testing silo cleaning acoustic protection and confined space work our team understands unique needs of environment works to ensure efficiency safety all projects explore expertise below discover how can help you achieve success your projects! portugues do brasil https \/\/civilmaster com br\/pb\/industrial\/#hidrojateamento-de-alta-pressao high-pressure hydroblasting use rope access removing scale maintaining structures that are difficult silos warehouses industries elevated etc technique allows be carried out quickly with reduced teams giving clients greater productivity their activities a 3 {i 0 s 4 &#8220;1196&#8221; i 1 &#8220;1197&#8221; 2 &#8220;1198&#8221; } using allowing particular structure each complex preserved providing speed quality economy service &#8220;1208&#8221; &#8220;1209&#8221; &#8220;1210&#8221; direita <\/p>","protected":false},"excerpt":{"rendered":"<p>we specialize in essential services for the industrial sector offering specialized solutions including maintenance planning hard-to-access areas component non-destructive testing silo cleaning acoustic protection and confined space work our team understands unique needs of environment works to ensure efficiency safety all projects explore expertise below discover how can help you achieve success your projects! portugues [&hellip;]<\/p>\n","protected":false},"author":1,"featured_media":0,"parent":0,"menu_order":0,"comment_status":"closed","ping_status":"closed","template":"template-servicos.php","meta":{"_acf_changed":false},"class_list":["post-19","page","type-page","status-publish","hentry"],"acf":[],"yoast_head":"<!-- This site is optimized with the Yoast SEO Premium plugin v25.3 (Yoast SEO v24.0) - https:\/\/yoast.com\/wordpress\/plugins\/seo\/ -->\n<title>Servi\u00e7os em Altura para o Setor Industrial<\/title>\n<meta name=\"description\" content=\"Solu\u00e7\u00f5es especializadas para o setor industrial, como manuten\u00e7\u00e3o em locais de dif\u00edcil acesso, ensaios n\u00e3o destrutivos, limpeza de silos...\" \/>\n<meta name=\"robots\" content=\"index, follow, max-snippet:-1, max-image-preview:large, max-video-preview:-1\" \/>\n<link rel=\"canonical\" href=\"https:\/\/civilmaster.com.br\/industrial\/\" \/>\n<meta property=\"og:locale\" content=\"en_US\" \/>\n<meta property=\"og:type\" content=\"article\" \/>\n<meta property=\"og:title\" content=\"Servi\u00e7os em Altura para o Setor Industrial\" \/>\n<meta property=\"og:description\" content=\"Solu\u00e7\u00f5es especializadas para o setor industrial, como manuten\u00e7\u00e3o em locais de dif\u00edcil acesso, ensaios n\u00e3o destrutivos, limpeza de silos...\" \/>\n<meta property=\"og:url\" content=\"https:\/\/civilmaster.com.br\/industrial\/\" \/>\n<meta property=\"og:site_name\" content=\"Civil Master\" \/>\n<meta property=\"article:publisher\" content=\"https:\/\/www.instagram.com\/civilmasterengenharia\" \/>\n<meta property=\"article:modified_time\" content=\"2025-01-09T22:10:31+00:00\" \/>\n<meta property=\"og:image\" content=\"https:\/\/civilmaster.com.br\/wp-content\/uploads\/2024\/11\/logo.png.webp\" \/>\n\t<meta property=\"og:image:width\" content=\"129\" \/>\n\t<meta property=\"og:image:height\" content=\"83\" \/>\n\t<meta property=\"og:image:type\" content=\"image\/webp\" \/>\n<meta name=\"twitter:card\" content=\"summary_large_image\" \/>\n<meta name=\"twitter:label1\" content=\"Est. reading time\" \/>\n\t<meta name=\"twitter:data1\" content=\"1 minute\" \/>\n<script type=\"application\/ld+json\" class=\"yoast-schema-graph\">{\"@context\":\"https:\/\/schema.org\",\"@graph\":[{\"@type\":\"WebPage\",\"@id\":\"https:\/\/civilmaster.com.br\/industrial\/\",\"url\":\"https:\/\/civilmaster.com.br\/industrial\/\",\"name\":\"Servi\u00e7os em Altura para o Setor Industrial\",\"isPartOf\":{\"@id\":\"https:\/\/civilmaster.com.br\/#website\"},\"datePublished\":\"2023-11-28T14:52:50+00:00\",\"dateModified\":\"2025-01-09T22:10:31+00:00\",\"description\":\"Solu\u00e7\u00f5es especializadas para o setor industrial, como manuten\u00e7\u00e3o em locais de dif\u00edcil acesso, ensaios n\u00e3o destrutivos, limpeza de silos...\",\"breadcrumb\":{\"@id\":\"https:\/\/civilmaster.com.br\/industrial\/#breadcrumb\"},\"inLanguage\":\"en-US\",\"potentialAction\":[{\"@type\":\"ReadAction\",\"target\":[\"https:\/\/civilmaster.com.br\/industrial\/\"]}]},{\"@type\":\"BreadcrumbList\",\"@id\":\"https:\/\/civilmaster.com.br\/industrial\/#breadcrumb\",\"itemListElement\":[{\"@type\":\"ListItem\",\"position\":1,\"name\":\"Home\",\"item\":\"https:\/\/civilmaster.com.br\/\"},{\"@type\":\"ListItem\",\"position\":2,\"name\":\"Industrial\"}]},{\"@type\":\"WebSite\",\"@id\":\"https:\/\/civilmaster.com.br\/#website\",\"url\":\"https:\/\/civilmaster.com.br\/\",\"name\":\"Civil Master\",\"description\":\"Engenharia em Altura\",\"publisher\":{\"@id\":\"https:\/\/civilmaster.com.br\/#organization\"},\"potentialAction\":[{\"@type\":\"SearchAction\",\"target\":{\"@type\":\"EntryPoint\",\"urlTemplate\":\"https:\/\/civilmaster.com.br\/?s={search_term_string}\"},\"query-input\":{\"@type\":\"PropertyValueSpecification\",\"valueRequired\":true,\"valueName\":\"search_term_string\"}}],\"inLanguage\":\"en-US\"},{\"@type\":\"Organization\",\"@id\":\"https:\/\/civilmaster.com.br\/#organization\",\"name\":\"Civil Master\",\"url\":\"https:\/\/civilmaster.com.br\/\",\"logo\":{\"@type\":\"ImageObject\",\"inLanguage\":\"en-US\",\"@id\":\"https:\/\/civilmaster.com.br\/#\/schema\/logo\/image\/\",\"url\":\"https:\/\/civilmaster.com.br\/wp-content\/uploads\/2024\/11\/logo.png.webp\",\"contentUrl\":\"https:\/\/civilmaster.com.br\/wp-content\/uploads\/2024\/11\/logo.png.webp\",\"width\":129,\"height\":83,\"caption\":\"Civil Master\"},\"image\":{\"@id\":\"https:\/\/civilmaster.com.br\/#\/schema\/logo\/image\/\"},\"sameAs\":[\"https:\/\/www.instagram.com\/civilmasterengenharia\"]}]}<\/script>\n<!-- \/ Yoast SEO Premium plugin. -->","yoast_head_json":{"title":"Servi\u00e7os em Altura para o Setor Industrial","description":"Solu\u00e7\u00f5es especializadas para o setor industrial, como manuten\u00e7\u00e3o em locais de dif\u00edcil acesso, ensaios n\u00e3o destrutivos, limpeza de silos...","robots":{"index":"index","follow":"follow","max-snippet":"max-snippet:-1","max-image-preview":"max-image-preview:large","max-video-preview":"max-video-preview:-1"},"canonical":"https:\/\/civilmaster.com.br\/industrial\/","og_locale":"en_US","og_type":"article","og_title":"Servi\u00e7os em Altura para o Setor Industrial","og_description":"Solu\u00e7\u00f5es especializadas para o setor industrial, como manuten\u00e7\u00e3o em locais de dif\u00edcil acesso, ensaios n\u00e3o destrutivos, limpeza de silos...","og_url":"https:\/\/civilmaster.com.br\/industrial\/","og_site_name":"Civil Master","article_publisher":"https:\/\/www.instagram.com\/civilmasterengenharia","article_modified_time":"2025-01-09T22:10:31+00:00","og_image":[{"width":129,"height":83,"url":"https:\/\/civilmaster.com.br\/wp-content\/uploads\/2024\/11\/logo.png.webp","type":"image\/webp"}],"twitter_card":"summary_large_image","twitter_misc":{"Est. reading time":"1 minute"},"schema":{"@context":"https:\/\/schema.org","@graph":[{"@type":"WebPage","@id":"https:\/\/civilmaster.com.br\/industrial\/","url":"https:\/\/civilmaster.com.br\/industrial\/","name":"Servi\u00e7os em Altura para o Setor Industrial","isPartOf":{"@id":"https:\/\/civilmaster.com.br\/#website"},"datePublished":"2023-11-28T14:52:50+00:00","dateModified":"2025-01-09T22:10:31+00:00","description":"Solu\u00e7\u00f5es especializadas para o setor industrial, como manuten\u00e7\u00e3o em locais de dif\u00edcil acesso, ensaios n\u00e3o destrutivos, limpeza de silos...","breadcrumb":{"@id":"https:\/\/civilmaster.com.br\/industrial\/#breadcrumb"},"inLanguage":"en-US","potentialAction":[{"@type":"ReadAction","target":["https:\/\/civilmaster.com.br\/industrial\/"]}]},{"@type":"BreadcrumbList","@id":"https:\/\/civilmaster.com.br\/industrial\/#breadcrumb","itemListElement":[{"@type":"ListItem","position":1,"name":"Home","item":"https:\/\/civilmaster.com.br\/"},{"@type":"ListItem","position":2,"name":"Industrial"}]},{"@type":"WebSite","@id":"https:\/\/civilmaster.com.br\/#website","url":"https:\/\/civilmaster.com.br\/","name":"Civil Master","description":"Engenharia em Altura","publisher":{"@id":"https:\/\/civilmaster.com.br\/#organization"},"potentialAction":[{"@type":"SearchAction","target":{"@type":"EntryPoint","urlTemplate":"https:\/\/civilmaster.com.br\/?s={search_term_string}"},"query-input":{"@type":"PropertyValueSpecification","valueRequired":true,"valueName":"search_term_string"}}],"inLanguage":"en-US"},{"@type":"Organization","@id":"https:\/\/civilmaster.com.br\/#organization","name":"Civil Master","url":"https:\/\/civilmaster.com.br\/","logo":{"@type":"ImageObject","inLanguage":"en-US","@id":"https:\/\/civilmaster.com.br\/#\/schema\/logo\/image\/","url":"https:\/\/civilmaster.com.br\/wp-content\/uploads\/2024\/11\/logo.png.webp","contentUrl":"https:\/\/civilmaster.com.br\/wp-content\/uploads\/2024\/11\/logo.png.webp","width":129,"height":83,"caption":"Civil Master"},"image":{"@id":"https:\/\/civilmaster.com.br\/#\/schema\/logo\/image\/"},"sameAs":["https:\/\/www.instagram.com\/civilmasterengenharia"]}]}},"_links":{"self":[{"href":"https:\/\/civilmaster.com.br\/en\/wp-json\/wp\/v2\/pages\/19","targetHints":{"allow":["GET"]}}],"collection":[{"href":"https:\/\/civilmaster.com.br\/en\/wp-json\/wp\/v2\/pages"}],"about":[{"href":"https:\/\/civilmaster.com.br\/en\/wp-json\/wp\/v2\/types\/page"}],"author":[{"embeddable":true,"href":"https:\/\/civilmaster.com.br\/en\/wp-json\/wp\/v2\/users\/1"}],"replies":[{"embeddable":true,"href":"https:\/\/civilmaster.com.br\/en\/wp-json\/wp\/v2\/comments?post=19"}],"version-history":[{"count":88,"href":"https:\/\/civilmaster.com.br\/en\/wp-json\/wp\/v2\/pages\/19\/revisions"}],"predecessor-version":[{"id":2000,"href":"https:\/\/civilmaster.com.br\/en\/wp-json\/wp\/v2\/pages\/19\/revisions\/2000"}],"wp:attachment":[{"href":"https:\/\/civilmaster.com.br\/en\/wp-json\/wp\/v2\/media?parent=19"}],"curies":[{"name":"wp","href":"https:\/\/api.w.org\/{rel}","templated":true}]}}