{"id":21,"date":"2023-11-28T11:53:04","date_gmt":"2023-11-28T14:53:04","guid":{"rendered":"https:\/\/civilmaster.com.br\/?page_id=21"},"modified":"2025-08-11T16:15:57","modified_gmt":"2025-08-11T19:15:57","slug":"sobre","status":"publish","type":"page","link":"https:\/\/civilmaster.com.br\/en\/sobre\/","title":{"rendered":"About"},"content":{"rendered":"<p>from solid foundations to great achievements company culture the civil master is made up of a team committed meeting engineering challenges with quality and operational safety we are proud have completed all our works in line best technical practices always seeking technology world provide efficiency operations understand that humility ability put ourselves shoes stakeholders has allowed us develop active listening skills seek solutions complex problems know when correct routes or actions not guided by values evolves as grow an organization incorporating characteristics partners valuable light purpose strengthen move towards achieving strategic objectives set protect what matters most carrying out difficult access professionals natural resources communities part clients&#8217; assets particularities each work due risk complexity take supreme value golden rule individual collective conduct competence developed experience highly difficult-to-access services constantly improving techniques meet commitment sustainable development carry activities way respecting people environment contributing local economic watch for strive make difference lives staff on daily basis care about physical mental well-being employees encourage them healthy welcoming where everyone aligned principles satisfied motivated give their ethics according strict ethical establishing respectful trusting relationships customers suppliers innovation dna continuously map world&#8217;s leading technologies apply proprietary novel deliver results foundation start building maintenance hard-to-reach locations master&#8217;s first iso 9001 management system certification geotechnics project using rope technique geotechnical states sao paulo minas gerais parana santa catarina highway concessions at port tubarao can partnership bit history esg making more than balance key concept define whether socially conscious environmentally responsible properly managed it also usually personal goal articulating aspects often go beyond aware this attentive impact close believe same story why invest knowledge initiatives leave positive legacy generations come want idea behind social reforestation program after identifying areas preferentially identify around construction sites select young aged 18 29 who become agents transformation they live through humanistic professional aims recover planting native species reforesting slopes well creating opportunities income processes aimed use water help reduce environmental site nova lima mg example photovoltaic generates energy solar radiation replaces diesel oil supply generators thus reducing co2 emissions into atmosphere providing annual saving 228 million liters which would been used produce fuel enough fill 91 olympic swimming pools certifications big responsibilities nature overcome execution infrastructure projects expertise multidisciplinary takes seriousness individually collectively prevent accidents avoid damage protecting life certified standards &#8211; 2015 14001 45001 2018 occupational health addition industrial climbers trade association irata globally recognized authority affiliated members national rescue companies aneac accredited inmetro certify mountaineering training 8 years rio treinamentos high-level complying current legal nbr international trained instructors workload 40 hours divided 2 modules theoretical practical offer you do best! gallery policy excellence its business based fundamental reflect promote working contribute company&#8217;s success codigo de etica politica privacidade sustentabilidade helicopter operation crt client largest time aguas claras never before country para monitoring level 3 dams abseiling integrated rail tunnel ceiling containment unprecedented implementation remotely controlled equipment area 25 salobo cable-stayed curtain wall brazil 2019-2023 brumadinho debris flow barrier highest load capacity barreira debri com maior capacidade carga mundo qsms <\/p>","protected":false},"excerpt":{"rendered":"<p>from solid foundations to great achievements company culture the civil master is made up of a team committed meeting engineering challenges with quality and operational safety we are proud have completed all our works in line best technical practices always seeking technology world provide efficiency operations understand that humility ability put ourselves shoes stakeholders has [&hellip;]<\/p>\n","protected":false},"author":1,"featured_media":0,"parent":0,"menu_order":0,"comment_status":"closed","ping_status":"closed","template":"template-sobre.php","meta":{"_acf_changed":false},"class_list":["post-21","page","type-page","status-publish","hentry"],"acf":[],"yoast_head":"<!-- This site is optimized with the Yoast SEO Premium plugin v25.3 (Yoast SEO v24.0) - https:\/\/yoast.com\/wordpress\/plugins\/seo\/ -->\n<title>Civil Master: Engenharia em Altura<\/title>\n<meta name=\"description\" content=\"Compromisso com qualidade, seguran\u00e7a operacional e inova\u00e7\u00e3o. Desenvolvemos solu\u00e7\u00f5es para desafios complexos\" \/>\n<meta name=\"robots\" content=\"index, follow, max-snippet:-1, max-image-preview:large, max-video-preview:-1\" \/>\n<link rel=\"canonical\" href=\"https:\/\/civilmaster.com.br\/sobre\/\" \/>\n<meta property=\"og:locale\" content=\"en_US\" \/>\n<meta property=\"og:type\" content=\"article\" \/>\n<meta property=\"og:title\" content=\"Civil Master: Engenharia em Altura\" \/>\n<meta property=\"og:description\" content=\"Compromisso com qualidade, seguran\u00e7a operacional e inova\u00e7\u00e3o. Desenvolvemos solu\u00e7\u00f5es para desafios complexos\" \/>\n<meta property=\"og:url\" content=\"https:\/\/civilmaster.com.br\/sobre\/\" \/>\n<meta property=\"og:site_name\" content=\"Civil Master\" \/>\n<meta property=\"article:publisher\" content=\"https:\/\/www.instagram.com\/civilmasterengenharia\" \/>\n<meta property=\"article:modified_time\" content=\"2025-08-11T19:15:57+00:00\" \/>\n<meta property=\"og:image\" content=\"https:\/\/civilmaster.com.br\/wp-content\/uploads\/2024\/11\/logo.png.webp\" \/>\n\t<meta property=\"og:image:width\" content=\"129\" \/>\n\t<meta property=\"og:image:height\" content=\"83\" \/>\n\t<meta property=\"og:image:type\" content=\"image\/webp\" \/>\n<meta name=\"twitter:card\" content=\"summary_large_image\" \/>\n<meta name=\"twitter:label1\" content=\"Est. reading time\" \/>\n\t<meta name=\"twitter:data1\" content=\"22 minutes\" \/>\n<script type=\"application\/ld+json\" class=\"yoast-schema-graph\">{\"@context\":\"https:\/\/schema.org\",\"@graph\":[{\"@type\":\"WebPage\",\"@id\":\"https:\/\/civilmaster.com.br\/sobre\/\",\"url\":\"https:\/\/civilmaster.com.br\/sobre\/\",\"name\":\"Civil Master: Engenharia em Altura\",\"isPartOf\":{\"@id\":\"https:\/\/civilmaster.com.br\/#website\"},\"datePublished\":\"2023-11-28T14:53:04+00:00\",\"dateModified\":\"2025-08-11T19:15:57+00:00\",\"description\":\"Compromisso com qualidade, seguran\u00e7a operacional e inova\u00e7\u00e3o. Desenvolvemos solu\u00e7\u00f5es para desafios complexos\",\"breadcrumb\":{\"@id\":\"https:\/\/civilmaster.com.br\/sobre\/#breadcrumb\"},\"inLanguage\":\"en-US\",\"potentialAction\":[{\"@type\":\"ReadAction\",\"target\":[\"https:\/\/civilmaster.com.br\/sobre\/\"]}]},{\"@type\":\"BreadcrumbList\",\"@id\":\"https:\/\/civilmaster.com.br\/sobre\/#breadcrumb\",\"itemListElement\":[{\"@type\":\"ListItem\",\"position\":1,\"name\":\"Home\",\"item\":\"https:\/\/civilmaster.com.br\/\"},{\"@type\":\"ListItem\",\"position\":2,\"name\":\"[:pb]Sobre[:en]About[:es]Sobre[:]\"}]},{\"@type\":\"WebSite\",\"@id\":\"https:\/\/civilmaster.com.br\/#website\",\"url\":\"https:\/\/civilmaster.com.br\/\",\"name\":\"Civil Master\",\"description\":\"Engenharia em Altura\",\"publisher\":{\"@id\":\"https:\/\/civilmaster.com.br\/#organization\"},\"potentialAction\":[{\"@type\":\"SearchAction\",\"target\":{\"@type\":\"EntryPoint\",\"urlTemplate\":\"https:\/\/civilmaster.com.br\/?s={search_term_string}\"},\"query-input\":{\"@type\":\"PropertyValueSpecification\",\"valueRequired\":true,\"valueName\":\"search_term_string\"}}],\"inLanguage\":\"en-US\"},{\"@type\":\"Organization\",\"@id\":\"https:\/\/civilmaster.com.br\/#organization\",\"name\":\"Civil Master\",\"url\":\"https:\/\/civilmaster.com.br\/\",\"logo\":{\"@type\":\"ImageObject\",\"inLanguage\":\"en-US\",\"@id\":\"https:\/\/civilmaster.com.br\/#\/schema\/logo\/image\/\",\"url\":\"https:\/\/civilmaster.com.br\/wp-content\/uploads\/2024\/11\/logo.png.webp\",\"contentUrl\":\"https:\/\/civilmaster.com.br\/wp-content\/uploads\/2024\/11\/logo.png.webp\",\"width\":129,\"height\":83,\"caption\":\"Civil Master\"},\"image\":{\"@id\":\"https:\/\/civilmaster.com.br\/#\/schema\/logo\/image\/\"},\"sameAs\":[\"https:\/\/www.instagram.com\/civilmasterengenharia\"]}]}<\/script>\n<!-- \/ Yoast SEO Premium plugin. -->","yoast_head_json":{"title":"Civil Master: Engenharia em Altura","description":"Compromisso com qualidade, seguran\u00e7a operacional e inova\u00e7\u00e3o. Desenvolvemos solu\u00e7\u00f5es para desafios complexos","robots":{"index":"index","follow":"follow","max-snippet":"max-snippet:-1","max-image-preview":"max-image-preview:large","max-video-preview":"max-video-preview:-1"},"canonical":"https:\/\/civilmaster.com.br\/sobre\/","og_locale":"en_US","og_type":"article","og_title":"Civil Master: Engenharia em Altura","og_description":"Compromisso com qualidade, seguran\u00e7a operacional e inova\u00e7\u00e3o. Desenvolvemos solu\u00e7\u00f5es para desafios complexos","og_url":"https:\/\/civilmaster.com.br\/sobre\/","og_site_name":"Civil Master","article_publisher":"https:\/\/www.instagram.com\/civilmasterengenharia","article_modified_time":"2025-08-11T19:15:57+00:00","og_image":[{"width":129,"height":83,"url":"https:\/\/civilmaster.com.br\/wp-content\/uploads\/2024\/11\/logo.png.webp","type":"image\/webp"}],"twitter_card":"summary_large_image","twitter_misc":{"Est. reading time":"22 minutes"},"schema":{"@context":"https:\/\/schema.org","@graph":[{"@type":"WebPage","@id":"https:\/\/civilmaster.com.br\/sobre\/","url":"https:\/\/civilmaster.com.br\/sobre\/","name":"Civil Master: Engenharia em Altura","isPartOf":{"@id":"https:\/\/civilmaster.com.br\/#website"},"datePublished":"2023-11-28T14:53:04+00:00","dateModified":"2025-08-11T19:15:57+00:00","description":"Compromisso com qualidade, seguran\u00e7a operacional e inova\u00e7\u00e3o. Desenvolvemos solu\u00e7\u00f5es para desafios complexos","breadcrumb":{"@id":"https:\/\/civilmaster.com.br\/sobre\/#breadcrumb"},"inLanguage":"en-US","potentialAction":[{"@type":"ReadAction","target":["https:\/\/civilmaster.com.br\/sobre\/"]}]},{"@type":"BreadcrumbList","@id":"https:\/\/civilmaster.com.br\/sobre\/#breadcrumb","itemListElement":[{"@type":"ListItem","position":1,"name":"Home","item":"https:\/\/civilmaster.com.br\/"},{"@type":"ListItem","position":2,"name":"[:pb]Sobre[:en]About[:es]Sobre[:]"}]},{"@type":"WebSite","@id":"https:\/\/civilmaster.com.br\/#website","url":"https:\/\/civilmaster.com.br\/","name":"Civil Master","description":"Engenharia em Altura","publisher":{"@id":"https:\/\/civilmaster.com.br\/#organization"},"potentialAction":[{"@type":"SearchAction","target":{"@type":"EntryPoint","urlTemplate":"https:\/\/civilmaster.com.br\/?s={search_term_string}"},"query-input":{"@type":"PropertyValueSpecification","valueRequired":true,"valueName":"search_term_string"}}],"inLanguage":"en-US"},{"@type":"Organization","@id":"https:\/\/civilmaster.com.br\/#organization","name":"Civil Master","url":"https:\/\/civilmaster.com.br\/","logo":{"@type":"ImageObject","inLanguage":"en-US","@id":"https:\/\/civilmaster.com.br\/#\/schema\/logo\/image\/","url":"https:\/\/civilmaster.com.br\/wp-content\/uploads\/2024\/11\/logo.png.webp","contentUrl":"https:\/\/civilmaster.com.br\/wp-content\/uploads\/2024\/11\/logo.png.webp","width":129,"height":83,"caption":"Civil Master"},"image":{"@id":"https:\/\/civilmaster.com.br\/#\/schema\/logo\/image\/"},"sameAs":["https:\/\/www.instagram.com\/civilmasterengenharia"]}]}},"_links":{"self":[{"href":"https:\/\/civilmaster.com.br\/en\/wp-json\/wp\/v2\/pages\/21","targetHints":{"allow":["GET"]}}],"collection":[{"href":"https:\/\/civilmaster.com.br\/en\/wp-json\/wp\/v2\/pages"}],"about":[{"href":"https:\/\/civilmaster.com.br\/en\/wp-json\/wp\/v2\/types\/page"}],"author":[{"embeddable":true,"href":"https:\/\/civilmaster.com.br\/en\/wp-json\/wp\/v2\/users\/1"}],"replies":[{"embeddable":true,"href":"https:\/\/civilmaster.com.br\/en\/wp-json\/wp\/v2\/comments?post=21"}],"version-history":[{"count":139,"href":"https:\/\/civilmaster.com.br\/en\/wp-json\/wp\/v2\/pages\/21\/revisions"}],"predecessor-version":[{"id":2305,"href":"https:\/\/civilmaster.com.br\/en\/wp-json\/wp\/v2\/pages\/21\/revisions\/2305"}],"wp:attachment":[{"href":"https:\/\/civilmaster.com.br\/en\/wp-json\/wp\/v2\/media?parent=21"}],"curies":[{"name":"wp","href":"https:\/\/api.w.org\/{rel}","templated":true}]}}