{"id":27,"date":"2023-11-28T11:53:44","date_gmt":"2023-11-28T14:53:44","guid":{"rendered":"https:\/\/civilmaster.com.br\/?page_id=27"},"modified":"2024-12-10T20:27:36","modified_gmt":"2024-12-10T23:27:36","slug":"trabalhe-conosco","status":"publish","type":"page","link":"https:\/\/civilmaster.com.br\/en\/trabalhe-conosco\/","title":{"rendered":"Work with us"},"content":{"rendered":"<p>join the civil master team! pleasure we are master! engineering at height this is basis of master&#8217;s work began our activities in 1997 rio de janeiro and over time have established ourselves as a company that makes complex works possible places difficult to access only thanks talent experience employees team brings together specialists from different areas who close partnership with field teams professionals environmental geotechnics mechatronics mechanics electrical other disciplines technical industrial climbers site masters surveyors laboratory workers heavy machinery operators many others make up more than 1 800 people across brazil an activity demands above all seriousness responsibility constantly invest training maintain own centers certified iso 9001 2015 14001 45001 2018 standards which guarantee excellence execution operational procedures take safety supreme value seek protect what matters most communities integrate natural resources assets each client \u00a0ethics competence innovation commitment sustainable development caring for values guide individual collective conduct testimonials explore inspiring stories current former revealing unique experiences working immerse yourself define us everything fills hearts pride walk professional journey rodrigo soares supervisor my career approaching 20 years i joined 2004 helper rj start always been dedicated tried do was entrusted me best way can see offers opportunities its i&#8217;m example i&#8217;ve given recognized performance reaching levels such alpinist lead construction foreman until reached position hold today sao paulo building am grateful it has throughout looking talented passionate want be part innovative diversity thought skills andressa albuquerque hr analyst started trainee department on path learning ever since assistant pl management column believing supporting young starting their careers here fuels admiration challenged every day better overcome obstacles pursue dreams courage face any challenge! nilton santos engineer 2014 5th semester degree upon completion 2017 received offer 2019 long-awaited opportunity engineer! very happy so much provides excellent environment sem vagas abertas no momento <\/p>","protected":false},"excerpt":{"rendered":"<p>join the civil master team! pleasure we are master! engineering at height this is basis of master&#8217;s work began our activities in 1997 rio de janeiro and over time have established ourselves as a company that makes complex works possible places difficult to access only thanks talent experience employees team brings together specialists from different [&hellip;]<\/p>\n","protected":false},"author":1,"featured_media":0,"parent":0,"menu_order":0,"comment_status":"closed","ping_status":"closed","template":"template-trabalhe-conosco.php","meta":{"_acf_changed":false},"class_list":["post-27","page","type-page","status-publish","hentry"],"acf":[],"yoast_head":"<!-- This site is optimized with the Yoast SEO Premium plugin v25.3 (Yoast SEO v24.0) - https:\/\/yoast.com\/wordpress\/plugins\/seo\/ -->\n<title>Trabalhe Conosco: Fa\u00e7a Parte do Time Civil Master<\/title>\n<meta name=\"description\" content=\"Junte-se \u00e0 Civil Master, l\u00edder em engenharia em altura e obras complexas. Valorizamos talentos diversos e oferecemos capacita\u00e7\u00e3o cont\u00ednua\" \/>\n<meta name=\"robots\" content=\"index, follow, max-snippet:-1, max-image-preview:large, max-video-preview:-1\" \/>\n<link rel=\"canonical\" href=\"https:\/\/civilmaster.com.br\/trabalhe-conosco\/\" \/>\n<meta property=\"og:locale\" content=\"en_US\" \/>\n<meta property=\"og:type\" content=\"article\" \/>\n<meta property=\"og:title\" content=\"Trabalhe Conosco: Fa\u00e7a Parte do Time Civil Master\" \/>\n<meta property=\"og:description\" content=\"Junte-se \u00e0 Civil Master, l\u00edder em engenharia em altura e obras complexas. Valorizamos talentos diversos e oferecemos capacita\u00e7\u00e3o cont\u00ednua\" \/>\n<meta property=\"og:url\" content=\"https:\/\/civilmaster.com.br\/trabalhe-conosco\/\" \/>\n<meta property=\"og:site_name\" content=\"Civil Master\" \/>\n<meta property=\"article:publisher\" content=\"https:\/\/www.instagram.com\/civilmasterengenharia\" \/>\n<meta property=\"article:modified_time\" content=\"2024-12-10T23:27:36+00:00\" \/>\n<meta property=\"og:image\" content=\"https:\/\/civilmaster.com.br\/wp-content\/uploads\/2024\/11\/logo.png.webp\" \/>\n\t<meta property=\"og:image:width\" content=\"129\" \/>\n\t<meta property=\"og:image:height\" content=\"83\" \/>\n\t<meta property=\"og:image:type\" content=\"image\/webp\" \/>\n<meta name=\"twitter:card\" content=\"summary_large_image\" \/>\n<script type=\"application\/ld+json\" class=\"yoast-schema-graph\">{\"@context\":\"https:\/\/schema.org\",\"@graph\":[{\"@type\":\"WebPage\",\"@id\":\"https:\/\/civilmaster.com.br\/trabalhe-conosco\/\",\"url\":\"https:\/\/civilmaster.com.br\/trabalhe-conosco\/\",\"name\":\"Trabalhe Conosco: Fa\u00e7a Parte do Time Civil Master\",\"isPartOf\":{\"@id\":\"https:\/\/civilmaster.com.br\/#website\"},\"datePublished\":\"2023-11-28T14:53:44+00:00\",\"dateModified\":\"2024-12-10T23:27:36+00:00\",\"description\":\"Junte-se \u00e0 Civil Master, l\u00edder em engenharia em altura e obras complexas. Valorizamos talentos diversos e oferecemos capacita\u00e7\u00e3o cont\u00ednua\",\"breadcrumb\":{\"@id\":\"https:\/\/civilmaster.com.br\/trabalhe-conosco\/#breadcrumb\"},\"inLanguage\":\"en-US\",\"potentialAction\":[{\"@type\":\"ReadAction\",\"target\":[\"https:\/\/civilmaster.com.br\/trabalhe-conosco\/\"]}]},{\"@type\":\"BreadcrumbList\",\"@id\":\"https:\/\/civilmaster.com.br\/trabalhe-conosco\/#breadcrumb\",\"itemListElement\":[{\"@type\":\"ListItem\",\"position\":1,\"name\":\"Home\",\"item\":\"https:\/\/civilmaster.com.br\/\"},{\"@type\":\"ListItem\",\"position\":2,\"name\":\"Trabalhe Conosco\"}]},{\"@type\":\"WebSite\",\"@id\":\"https:\/\/civilmaster.com.br\/#website\",\"url\":\"https:\/\/civilmaster.com.br\/\",\"name\":\"Civil Master\",\"description\":\"Engenharia em Altura\",\"publisher\":{\"@id\":\"https:\/\/civilmaster.com.br\/#organization\"},\"potentialAction\":[{\"@type\":\"SearchAction\",\"target\":{\"@type\":\"EntryPoint\",\"urlTemplate\":\"https:\/\/civilmaster.com.br\/?s={search_term_string}\"},\"query-input\":{\"@type\":\"PropertyValueSpecification\",\"valueRequired\":true,\"valueName\":\"search_term_string\"}}],\"inLanguage\":\"en-US\"},{\"@type\":\"Organization\",\"@id\":\"https:\/\/civilmaster.com.br\/#organization\",\"name\":\"Civil Master\",\"url\":\"https:\/\/civilmaster.com.br\/\",\"logo\":{\"@type\":\"ImageObject\",\"inLanguage\":\"en-US\",\"@id\":\"https:\/\/civilmaster.com.br\/#\/schema\/logo\/image\/\",\"url\":\"https:\/\/civilmaster.com.br\/wp-content\/uploads\/2024\/11\/logo.png.webp\",\"contentUrl\":\"https:\/\/civilmaster.com.br\/wp-content\/uploads\/2024\/11\/logo.png.webp\",\"width\":129,\"height\":83,\"caption\":\"Civil Master\"},\"image\":{\"@id\":\"https:\/\/civilmaster.com.br\/#\/schema\/logo\/image\/\"},\"sameAs\":[\"https:\/\/www.instagram.com\/civilmasterengenharia\"]}]}<\/script>\n<!-- \/ Yoast SEO Premium plugin. -->","yoast_head_json":{"title":"Trabalhe Conosco: Fa\u00e7a Parte do Time Civil Master","description":"Junte-se \u00e0 Civil Master, l\u00edder em engenharia em altura e obras complexas. Valorizamos talentos diversos e oferecemos capacita\u00e7\u00e3o cont\u00ednua","robots":{"index":"index","follow":"follow","max-snippet":"max-snippet:-1","max-image-preview":"max-image-preview:large","max-video-preview":"max-video-preview:-1"},"canonical":"https:\/\/civilmaster.com.br\/trabalhe-conosco\/","og_locale":"en_US","og_type":"article","og_title":"Trabalhe Conosco: Fa\u00e7a Parte do Time Civil Master","og_description":"Junte-se \u00e0 Civil Master, l\u00edder em engenharia em altura e obras complexas. Valorizamos talentos diversos e oferecemos capacita\u00e7\u00e3o cont\u00ednua","og_url":"https:\/\/civilmaster.com.br\/trabalhe-conosco\/","og_site_name":"Civil Master","article_publisher":"https:\/\/www.instagram.com\/civilmasterengenharia","article_modified_time":"2024-12-10T23:27:36+00:00","og_image":[{"width":129,"height":83,"url":"https:\/\/civilmaster.com.br\/wp-content\/uploads\/2024\/11\/logo.png.webp","type":"image\/webp"}],"twitter_card":"summary_large_image","schema":{"@context":"https:\/\/schema.org","@graph":[{"@type":"WebPage","@id":"https:\/\/civilmaster.com.br\/trabalhe-conosco\/","url":"https:\/\/civilmaster.com.br\/trabalhe-conosco\/","name":"Trabalhe Conosco: Fa\u00e7a Parte do Time Civil Master","isPartOf":{"@id":"https:\/\/civilmaster.com.br\/#website"},"datePublished":"2023-11-28T14:53:44+00:00","dateModified":"2024-12-10T23:27:36+00:00","description":"Junte-se \u00e0 Civil Master, l\u00edder em engenharia em altura e obras complexas. Valorizamos talentos diversos e oferecemos capacita\u00e7\u00e3o cont\u00ednua","breadcrumb":{"@id":"https:\/\/civilmaster.com.br\/trabalhe-conosco\/#breadcrumb"},"inLanguage":"en-US","potentialAction":[{"@type":"ReadAction","target":["https:\/\/civilmaster.com.br\/trabalhe-conosco\/"]}]},{"@type":"BreadcrumbList","@id":"https:\/\/civilmaster.com.br\/trabalhe-conosco\/#breadcrumb","itemListElement":[{"@type":"ListItem","position":1,"name":"Home","item":"https:\/\/civilmaster.com.br\/"},{"@type":"ListItem","position":2,"name":"Trabalhe Conosco"}]},{"@type":"WebSite","@id":"https:\/\/civilmaster.com.br\/#website","url":"https:\/\/civilmaster.com.br\/","name":"Civil Master","description":"Engenharia em Altura","publisher":{"@id":"https:\/\/civilmaster.com.br\/#organization"},"potentialAction":[{"@type":"SearchAction","target":{"@type":"EntryPoint","urlTemplate":"https:\/\/civilmaster.com.br\/?s={search_term_string}"},"query-input":{"@type":"PropertyValueSpecification","valueRequired":true,"valueName":"search_term_string"}}],"inLanguage":"en-US"},{"@type":"Organization","@id":"https:\/\/civilmaster.com.br\/#organization","name":"Civil Master","url":"https:\/\/civilmaster.com.br\/","logo":{"@type":"ImageObject","inLanguage":"en-US","@id":"https:\/\/civilmaster.com.br\/#\/schema\/logo\/image\/","url":"https:\/\/civilmaster.com.br\/wp-content\/uploads\/2024\/11\/logo.png.webp","contentUrl":"https:\/\/civilmaster.com.br\/wp-content\/uploads\/2024\/11\/logo.png.webp","width":129,"height":83,"caption":"Civil Master"},"image":{"@id":"https:\/\/civilmaster.com.br\/#\/schema\/logo\/image\/"},"sameAs":["https:\/\/www.instagram.com\/civilmasterengenharia"]}]}},"_links":{"self":[{"href":"https:\/\/civilmaster.com.br\/en\/wp-json\/wp\/v2\/pages\/27","targetHints":{"allow":["GET"]}}],"collection":[{"href":"https:\/\/civilmaster.com.br\/en\/wp-json\/wp\/v2\/pages"}],"about":[{"href":"https:\/\/civilmaster.com.br\/en\/wp-json\/wp\/v2\/types\/page"}],"author":[{"embeddable":true,"href":"https:\/\/civilmaster.com.br\/en\/wp-json\/wp\/v2\/users\/1"}],"replies":[{"embeddable":true,"href":"https:\/\/civilmaster.com.br\/en\/wp-json\/wp\/v2\/comments?post=27"}],"version-history":[{"count":58,"href":"https:\/\/civilmaster.com.br\/en\/wp-json\/wp\/v2\/pages\/27\/revisions"}],"predecessor-version":[{"id":2137,"href":"https:\/\/civilmaster.com.br\/en\/wp-json\/wp\/v2\/pages\/27\/revisions\/2137"}],"wp:attachment":[{"href":"https:\/\/civilmaster.com.br\/en\/wp-json\/wp\/v2\/media?parent=27"}],"curies":[{"name":"wp","href":"https:\/\/api.w.org\/{rel}","templated":true}]}}