{"id":34,"date":"2023-12-19T13:41:25","date_gmt":"2023-12-19T16:41:25","guid":{"rendered":"https:\/\/civilmaster.com.br\/?page_id=34"},"modified":"2025-01-15T16:29:25","modified_gmt":"2025-01-15T19:29:25","slug":"predial","status":"publish","type":"page","link":"https:\/\/civilmaster.com.br\/en\/predial\/","title":{"rendered":"Building"},"content":{"rendered":"<p>manual and mechanized cleaning of facades skylights facade is a fundamental part building maintenance not only for aesthetic reasons but also to ensure the preservation useful life its elements civil master has specialized team that uses industrial mountaineering techniques reach even most difficult points guaranteeing efficient safe materials products equipment are chosen according coating each site in order preserve integrity surface guarantee excellence result achieved customer satisfaction 9 {i 0 s 4 &#8220;1396&#8221; i 1 &#8220;1397&#8221; 2 &#8220;1398&#8221; 3 &#8220;1399&#8221; &#8220;1400&#8221; 5 &#8220;1401&#8221; 6 &#8220;1402&#8221; 7 &#8220;1403&#8221; 8 &#8220;1404&#8221; } visual percussion test inspection structures offers technical thorough approach identifying irregularities pathologies providing detailed reports allow technically based decisions be made long-term during construction phase identification execution faults before accepted reduces need interventions warranty period project&#8217;s periodic inspections recommended every years potential problems identified they worsen bring risks users &#8220;1407&#8221; &#8220;1408&#8221; &#8220;1409&#8221; &#8220;1410&#8221; &#8220;1411&#8221; &#8220;1412&#8221; &#8220;1413&#8221; treatment painting at height we specialize complete services combining skill advanced commitment safety our experienced innovative high-quality stand out visually convey confidence clients as well offering an impeccable appearance prioritize resistance durability &#8220;1416&#8221; &#8220;1417&#8221; &#8220;1418&#8221; &#8220;1419&#8221; &#8220;1420&#8221; &#8220;1421&#8221; &#8220;1422&#8221; installation tarpaulins banners panels lighting stickers signs illuminations challenging locations from small details solutions experts combines creativity personalized ensuring unique enhances your business or event &#8220;1425&#8221; &#8220;1427&#8221; &#8220;1428&#8221; &#8220;1429&#8221; waterproofing \/ sealing watertightness feature protection aesthetics property service goes beyond simply understand this vital process responsible meeting challenges imposed by outside while contributing appeal &#8220;1241&#8221; &#8220;1242&#8221; &#8220;1243&#8221; &#8220;1246&#8221; glass replacement expertise replacing using rope access technique which eliminates overhangs on speeds up operating costs acting measurement acquisition replaced element offer management renovation &#8220;1249&#8221; &#8220;1251&#8221; &#8220;1252&#8221; &#8220;1253&#8221; &#8220;1255&#8221; lifting loads whether constructions complex projects prepared develop customized load reliability with extensive experience deliver precise positioned safely accurately &#8220;1258&#8221; &#8220;1259&#8221; structural restoration repairs cladding brickwork porcelain tiles granite marble essential should carried corrects flaws over time compromise stability structure repairing ensures maintains expected performance such thermal acoustic insulation relies robust engineers partner consultants specify procedure used project generating diagnosis guarantees high therefore enhancement savings &#8220;1432&#8221; &#8220;1433&#8221; &#8220;1434&#8221; &#8220;1435&#8221; roof repair general master&#8217;s decades working enables it require people moved quickly roofs installing maintaining lifelines &#8220;1270&#8221; &#8220;1271&#8221; direita high-pressure hydroblasting use removing scale silos warehouses industries elevated etc allows reduced teams giving greater productivity their activities &#8220;1274&#8221; &#8220;1275&#8221; &#8220;1276&#8221; &#8220;1277&#8221; &#8220;1278&#8221; &#8220;1279&#8221; <\/p>","protected":false},"excerpt":{"rendered":"<p>manual and mechanized cleaning of facades skylights facade is a fundamental part building maintenance not only for aesthetic reasons but also to ensure the preservation useful life its elements civil master has specialized team that uses industrial mountaineering techniques reach even most difficult points guaranteeing efficient safe materials products equipment are chosen according coating each [&hellip;]<\/p>\n","protected":false},"author":1,"featured_media":0,"parent":0,"menu_order":0,"comment_status":"closed","ping_status":"closed","template":"template-servicos.php","meta":{"_acf_changed":false},"class_list":["post-34","page","type-page","status-publish","hentry"],"acf":[],"yoast_head":"<!-- This site is optimized with the Yoast SEO Premium plugin v25.3 (Yoast SEO v24.0) - https:\/\/yoast.com\/wordpress\/plugins\/seo\/ -->\n<title>Solu\u00e7\u00f5es Prediais: Limpeza, Manuten\u00e7\u00e3o e Recupera\u00e7\u00e3o Estrutural<\/title>\n<meta name=\"description\" content=\"Limpeza de fachadas, inspe\u00e7\u00f5es, impermeabiliza\u00e7\u00e3o, substitui\u00e7\u00e3o de vidros, recupera\u00e7\u00e3o estrutural e I\u00e7amento de cargas\" \/>\n<meta name=\"robots\" content=\"index, follow, max-snippet:-1, max-image-preview:large, max-video-preview:-1\" \/>\n<link rel=\"canonical\" href=\"https:\/\/civilmaster.com.br\/predial\/\" \/>\n<meta property=\"og:locale\" content=\"en_US\" \/>\n<meta property=\"og:type\" content=\"article\" \/>\n<meta property=\"og:title\" content=\"Solu\u00e7\u00f5es Prediais: Limpeza, Manuten\u00e7\u00e3o e Recupera\u00e7\u00e3o Estrutural\" \/>\n<meta property=\"og:description\" content=\"Limpeza de fachadas, inspe\u00e7\u00f5es, impermeabiliza\u00e7\u00e3o, substitui\u00e7\u00e3o de vidros, recupera\u00e7\u00e3o estrutural e I\u00e7amento de cargas\" \/>\n<meta property=\"og:url\" content=\"https:\/\/civilmaster.com.br\/predial\/\" \/>\n<meta property=\"og:site_name\" content=\"Civil Master\" \/>\n<meta property=\"article:publisher\" content=\"https:\/\/www.instagram.com\/civilmasterengenharia\" \/>\n<meta property=\"article:modified_time\" content=\"2025-01-15T19:29:25+00:00\" \/>\n<meta property=\"og:image\" content=\"https:\/\/civilmaster.com.br\/wp-content\/uploads\/2024\/11\/logo.png.webp\" \/>\n\t<meta property=\"og:image:width\" content=\"129\" \/>\n\t<meta property=\"og:image:height\" content=\"83\" \/>\n\t<meta property=\"og:image:type\" content=\"image\/webp\" \/>\n<meta name=\"twitter:card\" content=\"summary_large_image\" \/>\n<meta name=\"twitter:label1\" content=\"Est. reading time\" \/>\n\t<meta name=\"twitter:data1\" content=\"5 minutes\" \/>\n<script type=\"application\/ld+json\" class=\"yoast-schema-graph\">{\"@context\":\"https:\/\/schema.org\",\"@graph\":[{\"@type\":\"WebPage\",\"@id\":\"https:\/\/civilmaster.com.br\/predial\/\",\"url\":\"https:\/\/civilmaster.com.br\/predial\/\",\"name\":\"Solu\u00e7\u00f5es Prediais: Limpeza, Manuten\u00e7\u00e3o e Recupera\u00e7\u00e3o Estrutural\",\"isPartOf\":{\"@id\":\"https:\/\/civilmaster.com.br\/#website\"},\"datePublished\":\"2023-12-19T16:41:25+00:00\",\"dateModified\":\"2025-01-15T19:29:25+00:00\",\"description\":\"Limpeza de fachadas, inspe\u00e7\u00f5es, impermeabiliza\u00e7\u00e3o, substitui\u00e7\u00e3o de vidros, recupera\u00e7\u00e3o estrutural e I\u00e7amento de cargas\",\"breadcrumb\":{\"@id\":\"https:\/\/civilmaster.com.br\/predial\/#breadcrumb\"},\"inLanguage\":\"en-US\",\"potentialAction\":[{\"@type\":\"ReadAction\",\"target\":[\"https:\/\/civilmaster.com.br\/predial\/\"]}]},{\"@type\":\"BreadcrumbList\",\"@id\":\"https:\/\/civilmaster.com.br\/predial\/#breadcrumb\",\"itemListElement\":[{\"@type\":\"ListItem\",\"position\":1,\"name\":\"Home\",\"item\":\"https:\/\/civilmaster.com.br\/\"},{\"@type\":\"ListItem\",\"position\":2,\"name\":\"Predial\"}]},{\"@type\":\"WebSite\",\"@id\":\"https:\/\/civilmaster.com.br\/#website\",\"url\":\"https:\/\/civilmaster.com.br\/\",\"name\":\"Civil Master\",\"description\":\"Engenharia em Altura\",\"publisher\":{\"@id\":\"https:\/\/civilmaster.com.br\/#organization\"},\"potentialAction\":[{\"@type\":\"SearchAction\",\"target\":{\"@type\":\"EntryPoint\",\"urlTemplate\":\"https:\/\/civilmaster.com.br\/?s={search_term_string}\"},\"query-input\":{\"@type\":\"PropertyValueSpecification\",\"valueRequired\":true,\"valueName\":\"search_term_string\"}}],\"inLanguage\":\"en-US\"},{\"@type\":\"Organization\",\"@id\":\"https:\/\/civilmaster.com.br\/#organization\",\"name\":\"Civil Master\",\"url\":\"https:\/\/civilmaster.com.br\/\",\"logo\":{\"@type\":\"ImageObject\",\"inLanguage\":\"en-US\",\"@id\":\"https:\/\/civilmaster.com.br\/#\/schema\/logo\/image\/\",\"url\":\"https:\/\/civilmaster.com.br\/wp-content\/uploads\/2024\/11\/logo.png.webp\",\"contentUrl\":\"https:\/\/civilmaster.com.br\/wp-content\/uploads\/2024\/11\/logo.png.webp\",\"width\":129,\"height\":83,\"caption\":\"Civil Master\"},\"image\":{\"@id\":\"https:\/\/civilmaster.com.br\/#\/schema\/logo\/image\/\"},\"sameAs\":[\"https:\/\/www.instagram.com\/civilmasterengenharia\"]}]}<\/script>\n<!-- \/ Yoast SEO Premium plugin. -->","yoast_head_json":{"title":"Solu\u00e7\u00f5es Prediais: Limpeza, Manuten\u00e7\u00e3o e Recupera\u00e7\u00e3o Estrutural","description":"Limpeza de fachadas, inspe\u00e7\u00f5es, impermeabiliza\u00e7\u00e3o, substitui\u00e7\u00e3o de vidros, recupera\u00e7\u00e3o estrutural e I\u00e7amento de cargas","robots":{"index":"index","follow":"follow","max-snippet":"max-snippet:-1","max-image-preview":"max-image-preview:large","max-video-preview":"max-video-preview:-1"},"canonical":"https:\/\/civilmaster.com.br\/predial\/","og_locale":"en_US","og_type":"article","og_title":"Solu\u00e7\u00f5es Prediais: Limpeza, Manuten\u00e7\u00e3o e Recupera\u00e7\u00e3o Estrutural","og_description":"Limpeza de fachadas, inspe\u00e7\u00f5es, impermeabiliza\u00e7\u00e3o, substitui\u00e7\u00e3o de vidros, recupera\u00e7\u00e3o estrutural e I\u00e7amento de cargas","og_url":"https:\/\/civilmaster.com.br\/predial\/","og_site_name":"Civil Master","article_publisher":"https:\/\/www.instagram.com\/civilmasterengenharia","article_modified_time":"2025-01-15T19:29:25+00:00","og_image":[{"width":129,"height":83,"url":"https:\/\/civilmaster.com.br\/wp-content\/uploads\/2024\/11\/logo.png.webp","type":"image\/webp"}],"twitter_card":"summary_large_image","twitter_misc":{"Est. reading time":"5 minutes"},"schema":{"@context":"https:\/\/schema.org","@graph":[{"@type":"WebPage","@id":"https:\/\/civilmaster.com.br\/predial\/","url":"https:\/\/civilmaster.com.br\/predial\/","name":"Solu\u00e7\u00f5es Prediais: Limpeza, Manuten\u00e7\u00e3o e Recupera\u00e7\u00e3o Estrutural","isPartOf":{"@id":"https:\/\/civilmaster.com.br\/#website"},"datePublished":"2023-12-19T16:41:25+00:00","dateModified":"2025-01-15T19:29:25+00:00","description":"Limpeza de fachadas, inspe\u00e7\u00f5es, impermeabiliza\u00e7\u00e3o, substitui\u00e7\u00e3o de vidros, recupera\u00e7\u00e3o estrutural e I\u00e7amento de cargas","breadcrumb":{"@id":"https:\/\/civilmaster.com.br\/predial\/#breadcrumb"},"inLanguage":"en-US","potentialAction":[{"@type":"ReadAction","target":["https:\/\/civilmaster.com.br\/predial\/"]}]},{"@type":"BreadcrumbList","@id":"https:\/\/civilmaster.com.br\/predial\/#breadcrumb","itemListElement":[{"@type":"ListItem","position":1,"name":"Home","item":"https:\/\/civilmaster.com.br\/"},{"@type":"ListItem","position":2,"name":"Predial"}]},{"@type":"WebSite","@id":"https:\/\/civilmaster.com.br\/#website","url":"https:\/\/civilmaster.com.br\/","name":"Civil Master","description":"Engenharia em Altura","publisher":{"@id":"https:\/\/civilmaster.com.br\/#organization"},"potentialAction":[{"@type":"SearchAction","target":{"@type":"EntryPoint","urlTemplate":"https:\/\/civilmaster.com.br\/?s={search_term_string}"},"query-input":{"@type":"PropertyValueSpecification","valueRequired":true,"valueName":"search_term_string"}}],"inLanguage":"en-US"},{"@type":"Organization","@id":"https:\/\/civilmaster.com.br\/#organization","name":"Civil Master","url":"https:\/\/civilmaster.com.br\/","logo":{"@type":"ImageObject","inLanguage":"en-US","@id":"https:\/\/civilmaster.com.br\/#\/schema\/logo\/image\/","url":"https:\/\/civilmaster.com.br\/wp-content\/uploads\/2024\/11\/logo.png.webp","contentUrl":"https:\/\/civilmaster.com.br\/wp-content\/uploads\/2024\/11\/logo.png.webp","width":129,"height":83,"caption":"Civil Master"},"image":{"@id":"https:\/\/civilmaster.com.br\/#\/schema\/logo\/image\/"},"sameAs":["https:\/\/www.instagram.com\/civilmasterengenharia"]}]}},"_links":{"self":[{"href":"https:\/\/civilmaster.com.br\/en\/wp-json\/wp\/v2\/pages\/34","targetHints":{"allow":["GET"]}}],"collection":[{"href":"https:\/\/civilmaster.com.br\/en\/wp-json\/wp\/v2\/pages"}],"about":[{"href":"https:\/\/civilmaster.com.br\/en\/wp-json\/wp\/v2\/types\/page"}],"author":[{"embeddable":true,"href":"https:\/\/civilmaster.com.br\/en\/wp-json\/wp\/v2\/users\/1"}],"replies":[{"embeddable":true,"href":"https:\/\/civilmaster.com.br\/en\/wp-json\/wp\/v2\/comments?post=34"}],"version-history":[{"count":88,"href":"https:\/\/civilmaster.com.br\/en\/wp-json\/wp\/v2\/pages\/34\/revisions"}],"predecessor-version":[{"id":2004,"href":"https:\/\/civilmaster.com.br\/en\/wp-json\/wp\/v2\/pages\/34\/revisions\/2004"}],"wp:attachment":[{"href":"https:\/\/civilmaster.com.br\/en\/wp-json\/wp\/v2\/media?parent=34"}],"curies":[{"name":"wp","href":"https:\/\/api.w.org\/{rel}","templated":true}]}}