{"id":8,"date":"2023-11-28T11:17:25","date_gmt":"2023-11-28T14:17:25","guid":{"rendered":"https:\/\/civilmaster.com.br\/pb\/?page_id=8"},"modified":"2026-01-02T16:08:43","modified_gmt":"2026-01-02T19:08:43","slug":"bem-vindo-ao-site-civil-master","status":"publish","type":"page","link":"https:\/\/civilmaster.com.br\/es\/","title":{"rendered":"Home"},"content":{"rendered":"<p class=\"qtranxs-available-languages-message qtranxs-available-languages-message-es\">Desculpa<\/p>","protected":false},"excerpt":{"rendered":"<p>Desculpa<\/p>\n","protected":false},"author":1,"featured_media":0,"parent":0,"menu_order":0,"comment_status":"closed","ping_status":"closed","template":"","meta":{"_acf_changed":false},"class_list":["post-8","page","type-page","status-publish","hentry"],"acf":[],"yoast_head":"<!-- This site is optimized with the Yoast SEO Premium plugin v25.3 (Yoast SEO v24.0) - https:\/\/yoast.com\/wordpress\/plugins\/seo\/ -->\n<title>Civil Master: Especialistas em Engenharia em Altura<\/title>\n<meta name=\"description\" content=\"Com mais de 25 anos de experi\u00eancia, a Civil Master \u00e9 l\u00edder em engenharia em altura e obras de infraestrutura em locais complexos.\" \/>\n<meta name=\"robots\" content=\"index, follow, max-snippet:-1, max-image-preview:large, max-video-preview:-1\" \/>\n<link rel=\"canonical\" href=\"https:\/\/civilmaster.com.br\/\" \/>\n<meta property=\"og:locale\" content=\"es_ES\" \/>\n<meta property=\"og:type\" content=\"article\" \/>\n<meta property=\"og:title\" content=\"Civil Master: Especialistas em Engenharia em Altura\" \/>\n<meta property=\"og:description\" content=\"Com mais de 25 anos de experi\u00eancia, a Civil Master \u00e9 l\u00edder em engenharia em altura e obras de infraestrutura em locais complexos.\" \/>\n<meta property=\"og:url\" content=\"https:\/\/civilmaster.com.br\/\" \/>\n<meta property=\"og:site_name\" content=\"Civil Master\" \/>\n<meta property=\"article:publisher\" content=\"https:\/\/www.instagram.com\/civilmasterengenharia\" \/>\n<meta property=\"article:modified_time\" content=\"2026-01-02T19:08:43+00:00\" \/>\n<meta property=\"og:image\" content=\"https:\/\/civilmaster.com.br\/wp-content\/uploads\/2024\/11\/logo.png.webp\" \/>\n\t<meta property=\"og:image:width\" content=\"129\" \/>\n\t<meta property=\"og:image:height\" content=\"83\" \/>\n\t<meta property=\"og:image:type\" content=\"image\/webp\" \/>\n<meta name=\"twitter:card\" content=\"summary_large_image\" \/>\n<meta name=\"twitter:label1\" content=\"Est. reading time\" \/>\n\t<meta name=\"twitter:data1\" content=\"2 minutos\" \/>\n<script type=\"application\/ld+json\" class=\"yoast-schema-graph\">{\"@context\":\"https:\/\/schema.org\",\"@graph\":[{\"@type\":\"WebPage\",\"@id\":\"https:\/\/civilmaster.com.br\/\",\"url\":\"https:\/\/civilmaster.com.br\/\",\"name\":\"Civil Master: Especialistas em Engenharia em Altura\",\"isPartOf\":{\"@id\":\"https:\/\/civilmaster.com.br\/#website\"},\"datePublished\":\"2023-11-28T14:17:25+00:00\",\"dateModified\":\"2026-01-02T19:08:43+00:00\",\"description\":\"Com mais de 25 anos de experi\u00eancia, a Civil Master \u00e9 l\u00edder em engenharia em altura e obras de infraestrutura em locais complexos.\",\"breadcrumb\":{\"@id\":\"https:\/\/civilmaster.com.br\/#breadcrumb\"},\"inLanguage\":\"es\",\"potentialAction\":[{\"@type\":\"ReadAction\",\"target\":[\"https:\/\/civilmaster.com.br\/\"]}]},{\"@type\":\"BreadcrumbList\",\"@id\":\"https:\/\/civilmaster.com.br\/#breadcrumb\",\"itemListElement\":[{\"@type\":\"ListItem\",\"position\":1,\"name\":\"Home\",\"item\":\"https:\/\/civilmaster.com.br\/\"},{\"@type\":\"ListItem\",\"position\":2,\"name\":\"Home\"}]},{\"@type\":\"WebSite\",\"@id\":\"https:\/\/civilmaster.com.br\/#website\",\"url\":\"https:\/\/civilmaster.com.br\/\",\"name\":\"Civil Master\",\"description\":\"Engenharia em Altura\",\"publisher\":{\"@id\":\"https:\/\/civilmaster.com.br\/#organization\"},\"potentialAction\":[{\"@type\":\"SearchAction\",\"target\":{\"@type\":\"EntryPoint\",\"urlTemplate\":\"https:\/\/civilmaster.com.br\/?s={search_term_string}\"},\"query-input\":{\"@type\":\"PropertyValueSpecification\",\"valueRequired\":true,\"valueName\":\"search_term_string\"}}],\"inLanguage\":\"es\"},{\"@type\":\"Organization\",\"@id\":\"https:\/\/civilmaster.com.br\/#organization\",\"name\":\"Civil Master\",\"url\":\"https:\/\/civilmaster.com.br\/\",\"logo\":{\"@type\":\"ImageObject\",\"inLanguage\":\"es\",\"@id\":\"https:\/\/civilmaster.com.br\/#\/schema\/logo\/image\/\",\"url\":\"https:\/\/civilmaster.com.br\/wp-content\/uploads\/2024\/11\/logo.png.webp\",\"contentUrl\":\"https:\/\/civilmaster.com.br\/wp-content\/uploads\/2024\/11\/logo.png.webp\",\"width\":129,\"height\":83,\"caption\":\"Civil Master\"},\"image\":{\"@id\":\"https:\/\/civilmaster.com.br\/#\/schema\/logo\/image\/\"},\"sameAs\":[\"https:\/\/www.instagram.com\/civilmasterengenharia\"]}]}<\/script>\n<!-- \/ Yoast SEO Premium plugin. -->","yoast_head_json":{"title":"Civil Master: Especialistas em Engenharia em Altura","description":"Com mais de 25 anos de experi\u00eancia, a Civil Master \u00e9 l\u00edder em engenharia em altura e obras de infraestrutura em locais complexos.","robots":{"index":"index","follow":"follow","max-snippet":"max-snippet:-1","max-image-preview":"max-image-preview:large","max-video-preview":"max-video-preview:-1"},"canonical":"https:\/\/civilmaster.com.br\/","og_locale":"es_ES","og_type":"article","og_title":"Civil Master: Especialistas em Engenharia em Altura","og_description":"Com mais de 25 anos de experi\u00eancia, a Civil Master \u00e9 l\u00edder em engenharia em altura e obras de infraestrutura em locais complexos.","og_url":"https:\/\/civilmaster.com.br\/","og_site_name":"Civil Master","article_publisher":"https:\/\/www.instagram.com\/civilmasterengenharia","article_modified_time":"2026-01-02T19:08:43+00:00","og_image":[{"width":129,"height":83,"url":"https:\/\/civilmaster.com.br\/wp-content\/uploads\/2024\/11\/logo.png.webp","type":"image\/webp"}],"twitter_card":"summary_large_image","twitter_misc":{"Est. reading time":"2 minutos"},"schema":{"@context":"https:\/\/schema.org","@graph":[{"@type":"WebPage","@id":"https:\/\/civilmaster.com.br\/","url":"https:\/\/civilmaster.com.br\/","name":"Civil Master: Especialistas em Engenharia em Altura","isPartOf":{"@id":"https:\/\/civilmaster.com.br\/#website"},"datePublished":"2023-11-28T14:17:25+00:00","dateModified":"2026-01-02T19:08:43+00:00","description":"Com mais de 25 anos de experi\u00eancia, a Civil Master \u00e9 l\u00edder em engenharia em altura e obras de infraestrutura em locais complexos.","breadcrumb":{"@id":"https:\/\/civilmaster.com.br\/#breadcrumb"},"inLanguage":"es","potentialAction":[{"@type":"ReadAction","target":["https:\/\/civilmaster.com.br\/"]}]},{"@type":"BreadcrumbList","@id":"https:\/\/civilmaster.com.br\/#breadcrumb","itemListElement":[{"@type":"ListItem","position":1,"name":"Home","item":"https:\/\/civilmaster.com.br\/"},{"@type":"ListItem","position":2,"name":"Home"}]},{"@type":"WebSite","@id":"https:\/\/civilmaster.com.br\/#website","url":"https:\/\/civilmaster.com.br\/","name":"Civil Master","description":"Engenharia em Altura","publisher":{"@id":"https:\/\/civilmaster.com.br\/#organization"},"potentialAction":[{"@type":"SearchAction","target":{"@type":"EntryPoint","urlTemplate":"https:\/\/civilmaster.com.br\/?s={search_term_string}"},"query-input":{"@type":"PropertyValueSpecification","valueRequired":true,"valueName":"search_term_string"}}],"inLanguage":"es"},{"@type":"Organization","@id":"https:\/\/civilmaster.com.br\/#organization","name":"Civil Master","url":"https:\/\/civilmaster.com.br\/","logo":{"@type":"ImageObject","inLanguage":"es","@id":"https:\/\/civilmaster.com.br\/#\/schema\/logo\/image\/","url":"https:\/\/civilmaster.com.br\/wp-content\/uploads\/2024\/11\/logo.png.webp","contentUrl":"https:\/\/civilmaster.com.br\/wp-content\/uploads\/2024\/11\/logo.png.webp","width":129,"height":83,"caption":"Civil Master"},"image":{"@id":"https:\/\/civilmaster.com.br\/#\/schema\/logo\/image\/"},"sameAs":["https:\/\/www.instagram.com\/civilmasterengenharia"]}]}},"_links":{"self":[{"href":"https:\/\/civilmaster.com.br\/es\/wp-json\/wp\/v2\/pages\/8","targetHints":{"allow":["GET"]}}],"collection":[{"href":"https:\/\/civilmaster.com.br\/es\/wp-json\/wp\/v2\/pages"}],"about":[{"href":"https:\/\/civilmaster.com.br\/es\/wp-json\/wp\/v2\/types\/page"}],"author":[{"embeddable":true,"href":"https:\/\/civilmaster.com.br\/es\/wp-json\/wp\/v2\/users\/1"}],"replies":[{"embeddable":true,"href":"https:\/\/civilmaster.com.br\/es\/wp-json\/wp\/v2\/comments?post=8"}],"version-history":[{"count":206,"href":"https:\/\/civilmaster.com.br\/es\/wp-json\/wp\/v2\/pages\/8\/revisions"}],"predecessor-version":[{"id":2565,"href":"https:\/\/civilmaster.com.br\/es\/wp-json\/wp\/v2\/pages\/8\/revisions\/2565"}],"wp:attachment":[{"href":"https:\/\/civilmaster.com.br\/es\/wp-json\/wp\/v2\/media?parent=8"}],"curies":[{"name":"wp","href":"https:\/\/api.w.org\/{rel}","templated":true}]}}