{"id":13,"date":"2023-11-28T11:51:54","date_gmt":"2023-11-28T14:51:54","guid":{"rendered":"https:\/\/civilmaster.com.br\/?page_id=13"},"modified":"2025-08-13T01:09:27","modified_gmt":"2025-08-13T04:09:27","slug":"mineracao","status":"publish","type":"page","link":"https:\/\/civilmaster.com.br\/pb\/mineracao\/","title":{"rendered":"Minera\u00e7\u00e3o"},"content":{"rendered":"<p>direita a mineracao e crucial para economia global fornecendo recursos essenciais sociedade na civil master estamos vanguarda da industria de oferecendo solucoes tecnicas ambientalmente responsaveis &#038;nbsp explore abaixo conhecer nossas areas atuacao descubra como podemos ajudar sua empresa concretizar seus projetos english veja nossos servicos cortinas atirantadas sao constituidas por paramentos rigidos em geral concreto armado bombeado ou projetado dotados tirantes ancorados no terreno combater os empuxos ativos repouso estes feitos com monobarras aco especial cordoalhas baixa relaxacao protendidos empurrando o paramento rigido contra garantindo estabilidade do talude evitando movimentos massa indesejaveis 5 {i 0 s 3 &#8220;580&#8221; i 1 &#8220;581&#8221; 2 &#8220;582&#8221; &#8220;583&#8221; 4 &#8220;584&#8221; } solo grampeado tecnica empregada estabilizacao encostas naturais taludes tem principal mecanismo estabilizador restricao as deformacoes macico diferentemente dos grampos nao possuem trecho livre definidos elementos passivos pois solicitados somente quando ha tendencia movimento maneira pre-tensionados seu pode ser constituido tela metalica alta resistencia inclusive ter nenhum face &#8220;585&#8221; &#8220;586&#8221; &#8220;587&#8221; &#8220;588&#8221; rede drenagem responsavel direcionar agua pluvial aos cursos d\u2019agua este correto direcionamento impede uma infiltracao excessiva chuva que prejudicar alem disso dimensionamento ocorram erosoes nos podem vir se transformarem deslizamentos superficiais vocorocas etc &#8220;589&#8221; &#8220;590&#8221; &#8220;591&#8221; barreiras dinamicas flexiveis visam contencao desaceleracao blocos rocha esta solucao aplicada estabilizar generalizada torna economicamente inviavel dimensionadas energia devem capazes absorver potencial transformada cinetica ao longo queda &#8220;592&#8221; &#8220;593&#8221; &#8220;594&#8221; instrumentacoes consiste instalar aparelhos locais previamente escolhidos medem diversas grandezas relevantes determinado tais poro-pressoes nivel instrumentos mais utilizados piezometros indicadores inclinometros marcos prismas topograficos crack meter pinos recalque outros instalados tambem verificacao parametro especifico local &#8220;595&#8221; &#8220;596&#8221; &#8220;597&#8221; &#8220;598&#8221; tunel contencoes tuneis conter possiveis desprendimentos caso rochoso tipo contemplado rockburst trata repentina \u201cexplosao\u201d sa vindo desprender grande liberacao &#8220;599&#8221; limpeza faz importante partir dela possivel verificar patologias camada vegetacao superficial enxergar trincas monitoramento alguns exemplo preciso realizar seja mirar equipamento topografico instrumento questao feita manual mecanizada remotamente controlada depender complexidade acesso condicao e\/ou barragem &#8220;600&#8221; &#8220;601&#8221; &#8220;602&#8221; silo utilizacao corda execucao manutencao silos peneiramento carregamento complexos industriais mineradores permite otimize tempo parada conferindo clientes maior produtividade suas atividades especificas &#8220;603&#8221; fundacao dificil partes elementares infraestrutura obras artes especiais localizadas muito altos ingremes grandes profundos vales onde possibilidade equipamentos convencionais mercado &#8220;604&#8221; &#8220;605&#8221; &#8220;606&#8221; trabalhos remotos aeronave carga externa inspecao alguma particularidade adequado disponivel transporte materiais pequeno\/medio porte extremamente sem crista ferrovias dentro zonas autossalvamento ja inspecoes barragens maximo emergencia iminencia rompimento feitas alpinistas acessar estrutura barramento cordas nas aeronaves &#8220;607&#8221; &#8220;608&#8221; &#8220;609&#8221; servico controlado permanencia pessoas proibida suficiente intervencao autoridade competente tripulados controlados controle remoto supressao vegetal cameras 360\u00b0 exemplos &#8220;610&#8221; dhp drenos sub-horizontais manter rebaixado lencol freatico um aumento indesejado dimensionados acordo estudos hidrogeologicos pluviometricos cada especificamente montagem deve permitir entre tubo direcionada fora constituidos tubos perfurados envoltos geotexteis telas geotubos permeaveis &#8220;578&#8221; &#8220;579&#8221; <\/p>","protected":false},"excerpt":{"rendered":"<p>direita a mineracao e crucial para economia global fornecendo recursos essenciais sociedade na civil master estamos vanguarda da industria de oferecendo solucoes tecnicas ambientalmente responsaveis &#038;nbsp explore abaixo conhecer nossas areas atuacao descubra como podemos ajudar sua empresa concretizar seus projetos english veja nossos servicos cortinas atirantadas sao constituidas por paramentos rigidos em geral concreto [&hellip;]<\/p>\n","protected":false},"author":1,"featured_media":0,"parent":0,"menu_order":0,"comment_status":"closed","ping_status":"closed","template":"template-servicos.php","meta":{"_acf_changed":false},"class_list":["post-13","page","type-page","status-publish","hentry"],"acf":[],"yoast_head":"<!-- This site is optimized with the Yoast SEO Premium plugin v25.3 (Yoast SEO v24.0) - https:\/\/yoast.com\/wordpress\/plugins\/seo\/ -->\n<title>Solu\u00e7\u00f5es para Minera\u00e7\u00e3o: Geotecnia, Conten\u00e7\u00e3o e Servi\u00e7os<\/title>\n<meta name=\"description\" content=\"Descubra nossas solu\u00e7\u00f5es para o setor de minera\u00e7\u00e3o, incluindo DHP, cortinas atirantadas, solo grampeado, barreiras din\u00e2micas, limpeza de taludes e silos, al\u00e9m de tecnologias remotas\" \/>\n<meta name=\"robots\" content=\"index, follow, max-snippet:-1, max-image-preview:large, max-video-preview:-1\" \/>\n<link rel=\"canonical\" href=\"https:\/\/civilmaster.com.br\/mineracao\/\" \/>\n<meta property=\"og:locale\" content=\"pt_BR\" \/>\n<meta property=\"og:type\" content=\"article\" \/>\n<meta property=\"og:title\" content=\"Solu\u00e7\u00f5es para Minera\u00e7\u00e3o: Geotecnia, Conten\u00e7\u00e3o e Servi\u00e7os\" \/>\n<meta property=\"og:description\" content=\"Descubra nossas solu\u00e7\u00f5es para o setor de minera\u00e7\u00e3o, incluindo DHP, cortinas atirantadas, solo grampeado, barreiras din\u00e2micas, limpeza de taludes e silos, al\u00e9m de tecnologias remotas\" \/>\n<meta property=\"og:url\" content=\"https:\/\/civilmaster.com.br\/mineracao\/\" \/>\n<meta property=\"og:site_name\" content=\"Civil Master\" \/>\n<meta property=\"article:publisher\" content=\"https:\/\/www.instagram.com\/civilmasterengenharia\" \/>\n<meta property=\"article:modified_time\" content=\"2025-08-13T04:09:27+00:00\" \/>\n<meta property=\"og:image\" content=\"https:\/\/civilmaster.com.br\/wp-content\/uploads\/2024\/11\/logo.png.webp\" \/>\n\t<meta property=\"og:image:width\" content=\"129\" \/>\n\t<meta property=\"og:image:height\" content=\"83\" \/>\n\t<meta property=\"og:image:type\" content=\"image\/webp\" \/>\n<meta name=\"twitter:card\" content=\"summary_large_image\" \/>\n<meta name=\"twitter:label1\" content=\"Est. reading time\" \/>\n\t<meta name=\"twitter:data1\" content=\"5 minutos\" \/>\n<script type=\"application\/ld+json\" class=\"yoast-schema-graph\">{\"@context\":\"https:\/\/schema.org\",\"@graph\":[{\"@type\":\"WebPage\",\"@id\":\"https:\/\/civilmaster.com.br\/mineracao\/\",\"url\":\"https:\/\/civilmaster.com.br\/mineracao\/\",\"name\":\"Solu\u00e7\u00f5es para Minera\u00e7\u00e3o: Geotecnia, Conten\u00e7\u00e3o e Servi\u00e7os\",\"isPartOf\":{\"@id\":\"https:\/\/civilmaster.com.br\/#website\"},\"datePublished\":\"2023-11-28T14:51:54+00:00\",\"dateModified\":\"2025-08-13T04:09:27+00:00\",\"description\":\"Descubra nossas solu\u00e7\u00f5es para o setor de minera\u00e7\u00e3o, incluindo DHP, cortinas atirantadas, solo grampeado, barreiras din\u00e2micas, limpeza de taludes e silos, al\u00e9m de tecnologias remotas\",\"breadcrumb\":{\"@id\":\"https:\/\/civilmaster.com.br\/mineracao\/#breadcrumb\"},\"inLanguage\":\"pt-BR\",\"potentialAction\":[{\"@type\":\"ReadAction\",\"target\":[\"https:\/\/civilmaster.com.br\/mineracao\/\"]}]},{\"@type\":\"BreadcrumbList\",\"@id\":\"https:\/\/civilmaster.com.br\/mineracao\/#breadcrumb\",\"itemListElement\":[{\"@type\":\"ListItem\",\"position\":1,\"name\":\"Home\",\"item\":\"https:\/\/civilmaster.com.br\/\"},{\"@type\":\"ListItem\",\"position\":2,\"name\":\"Minera\u00e7\u00e3o\"}]},{\"@type\":\"WebSite\",\"@id\":\"https:\/\/civilmaster.com.br\/#website\",\"url\":\"https:\/\/civilmaster.com.br\/\",\"name\":\"Civil Master\",\"description\":\"Engenharia em Altura\",\"publisher\":{\"@id\":\"https:\/\/civilmaster.com.br\/#organization\"},\"potentialAction\":[{\"@type\":\"SearchAction\",\"target\":{\"@type\":\"EntryPoint\",\"urlTemplate\":\"https:\/\/civilmaster.com.br\/?s={search_term_string}\"},\"query-input\":{\"@type\":\"PropertyValueSpecification\",\"valueRequired\":true,\"valueName\":\"search_term_string\"}}],\"inLanguage\":\"pt-BR\"},{\"@type\":\"Organization\",\"@id\":\"https:\/\/civilmaster.com.br\/#organization\",\"name\":\"Civil Master\",\"url\":\"https:\/\/civilmaster.com.br\/\",\"logo\":{\"@type\":\"ImageObject\",\"inLanguage\":\"pt-BR\",\"@id\":\"https:\/\/civilmaster.com.br\/#\/schema\/logo\/image\/\",\"url\":\"https:\/\/civilmaster.com.br\/wp-content\/uploads\/2024\/11\/logo.png.webp\",\"contentUrl\":\"https:\/\/civilmaster.com.br\/wp-content\/uploads\/2024\/11\/logo.png.webp\",\"width\":129,\"height\":83,\"caption\":\"Civil Master\"},\"image\":{\"@id\":\"https:\/\/civilmaster.com.br\/#\/schema\/logo\/image\/\"},\"sameAs\":[\"https:\/\/www.instagram.com\/civilmasterengenharia\"]}]}<\/script>\n<!-- \/ Yoast SEO Premium plugin. -->","yoast_head_json":{"title":"Solu\u00e7\u00f5es para Minera\u00e7\u00e3o: Geotecnia, Conten\u00e7\u00e3o e Servi\u00e7os","description":"Descubra nossas solu\u00e7\u00f5es para o setor de minera\u00e7\u00e3o, incluindo DHP, cortinas atirantadas, solo grampeado, barreiras din\u00e2micas, limpeza de taludes e silos, al\u00e9m de tecnologias remotas","robots":{"index":"index","follow":"follow","max-snippet":"max-snippet:-1","max-image-preview":"max-image-preview:large","max-video-preview":"max-video-preview:-1"},"canonical":"https:\/\/civilmaster.com.br\/mineracao\/","og_locale":"pt_BR","og_type":"article","og_title":"Solu\u00e7\u00f5es para Minera\u00e7\u00e3o: Geotecnia, Conten\u00e7\u00e3o e Servi\u00e7os","og_description":"Descubra nossas solu\u00e7\u00f5es para o setor de minera\u00e7\u00e3o, incluindo DHP, cortinas atirantadas, solo grampeado, barreiras din\u00e2micas, limpeza de taludes e silos, al\u00e9m de tecnologias remotas","og_url":"https:\/\/civilmaster.com.br\/mineracao\/","og_site_name":"Civil Master","article_publisher":"https:\/\/www.instagram.com\/civilmasterengenharia","article_modified_time":"2025-08-13T04:09:27+00:00","og_image":[{"width":129,"height":83,"url":"https:\/\/civilmaster.com.br\/wp-content\/uploads\/2024\/11\/logo.png.webp","type":"image\/webp"}],"twitter_card":"summary_large_image","twitter_misc":{"Est. reading time":"5 minutos"},"schema":{"@context":"https:\/\/schema.org","@graph":[{"@type":"WebPage","@id":"https:\/\/civilmaster.com.br\/mineracao\/","url":"https:\/\/civilmaster.com.br\/mineracao\/","name":"Solu\u00e7\u00f5es para Minera\u00e7\u00e3o: Geotecnia, Conten\u00e7\u00e3o e Servi\u00e7os","isPartOf":{"@id":"https:\/\/civilmaster.com.br\/#website"},"datePublished":"2023-11-28T14:51:54+00:00","dateModified":"2025-08-13T04:09:27+00:00","description":"Descubra nossas solu\u00e7\u00f5es para o setor de minera\u00e7\u00e3o, incluindo DHP, cortinas atirantadas, solo grampeado, barreiras din\u00e2micas, limpeza de taludes e silos, al\u00e9m de tecnologias remotas","breadcrumb":{"@id":"https:\/\/civilmaster.com.br\/mineracao\/#breadcrumb"},"inLanguage":"pt-BR","potentialAction":[{"@type":"ReadAction","target":["https:\/\/civilmaster.com.br\/mineracao\/"]}]},{"@type":"BreadcrumbList","@id":"https:\/\/civilmaster.com.br\/mineracao\/#breadcrumb","itemListElement":[{"@type":"ListItem","position":1,"name":"Home","item":"https:\/\/civilmaster.com.br\/"},{"@type":"ListItem","position":2,"name":"Minera\u00e7\u00e3o"}]},{"@type":"WebSite","@id":"https:\/\/civilmaster.com.br\/#website","url":"https:\/\/civilmaster.com.br\/","name":"Civil Master","description":"Engenharia em Altura","publisher":{"@id":"https:\/\/civilmaster.com.br\/#organization"},"potentialAction":[{"@type":"SearchAction","target":{"@type":"EntryPoint","urlTemplate":"https:\/\/civilmaster.com.br\/?s={search_term_string}"},"query-input":{"@type":"PropertyValueSpecification","valueRequired":true,"valueName":"search_term_string"}}],"inLanguage":"pt-BR"},{"@type":"Organization","@id":"https:\/\/civilmaster.com.br\/#organization","name":"Civil Master","url":"https:\/\/civilmaster.com.br\/","logo":{"@type":"ImageObject","inLanguage":"pt-BR","@id":"https:\/\/civilmaster.com.br\/#\/schema\/logo\/image\/","url":"https:\/\/civilmaster.com.br\/wp-content\/uploads\/2024\/11\/logo.png.webp","contentUrl":"https:\/\/civilmaster.com.br\/wp-content\/uploads\/2024\/11\/logo.png.webp","width":129,"height":83,"caption":"Civil Master"},"image":{"@id":"https:\/\/civilmaster.com.br\/#\/schema\/logo\/image\/"},"sameAs":["https:\/\/www.instagram.com\/civilmasterengenharia"]}]}},"_links":{"self":[{"href":"https:\/\/civilmaster.com.br\/pb\/wp-json\/wp\/v2\/pages\/13","targetHints":{"allow":["GET"]}}],"collection":[{"href":"https:\/\/civilmaster.com.br\/pb\/wp-json\/wp\/v2\/pages"}],"about":[{"href":"https:\/\/civilmaster.com.br\/pb\/wp-json\/wp\/v2\/types\/page"}],"author":[{"embeddable":true,"href":"https:\/\/civilmaster.com.br\/pb\/wp-json\/wp\/v2\/users\/1"}],"replies":[{"embeddable":true,"href":"https:\/\/civilmaster.com.br\/pb\/wp-json\/wp\/v2\/comments?post=13"}],"version-history":[{"count":27,"href":"https:\/\/civilmaster.com.br\/pb\/wp-json\/wp\/v2\/pages\/13\/revisions"}],"predecessor-version":[{"id":2330,"href":"https:\/\/civilmaster.com.br\/pb\/wp-json\/wp\/v2\/pages\/13\/revisions\/2330"}],"wp:attachment":[{"href":"https:\/\/civilmaster.com.br\/pb\/wp-json\/wp\/v2\/media?parent=13"}],"curies":[{"name":"wp","href":"https:\/\/api.w.org\/{rel}","templated":true}]}}