{"id":15,"date":"2023-11-28T11:52:05","date_gmt":"2023-11-28T14:52:05","guid":{"rendered":"https:\/\/civilmaster.com.br\/?page_id=15"},"modified":"2024-12-10T16:12:37","modified_gmt":"2024-12-10T19:12:37","slug":"energia","status":"publish","type":"page","link":"https:\/\/civilmaster.com.br\/pb\/energia\/","title":{"rendered":"Energia"},"content":{"rendered":"<p>direita fornecemos solucoes que atendem as demandas de energia atuais e impulsionam um futuro mais limpo sustentavel trabalhamos em parceria com nossos clientes para criar implementar estrategias beneficiam tanto os negocios quanto o meio ambiente &#038;nbsp explore nossas areas atuacao abaixo descubra como podemos ajudar sua empresa a alcancar sucesso seus projetos english veja servicos espaco confinado uma area nao foi projetada ocupacao humana continua meios limitados entrada saida ou ainda configuracao possa causar aprisionamento asfixia onde ventilacao insuficiente ate inexistente remover contaminantes perigosos 2 {i 0 s 3 &#8220;614&#8221; i 1 &#8220;615&#8221; } <\/p>","protected":false},"excerpt":{"rendered":"<p>direita fornecemos solucoes que atendem as demandas de energia atuais e impulsionam um futuro mais limpo sustentavel trabalhamos em parceria com nossos clientes para criar implementar estrategias beneficiam tanto os negocios quanto o meio ambiente &#038;nbsp explore nossas areas atuacao abaixo descubra como podemos ajudar sua empresa a alcancar sucesso seus projetos english veja servicos [&hellip;]<\/p>\n","protected":false},"author":1,"featured_media":0,"parent":0,"menu_order":0,"comment_status":"closed","ping_status":"closed","template":"template-servicos.php","meta":{"_acf_changed":false},"class_list":["post-15","page","type-page","status-publish","hentry"],"acf":[],"yoast_head":"<!-- This site is optimized with the Yoast SEO Premium plugin v25.3 (Yoast SEO v24.0) - https:\/\/yoast.com\/wordpress\/plugins\/seo\/ -->\n<title>Engenharia em Altura: Solu\u00e7\u00f5es para Energia e Infraestrutura<\/title>\n<meta name=\"description\" content=\"Solu\u00e7\u00f5es especializadas em engenharia em altura, abrangendo energia, infraestrutura e projetos personalizados.\" \/>\n<meta name=\"robots\" content=\"index, follow, max-snippet:-1, max-image-preview:large, max-video-preview:-1\" \/>\n<link rel=\"canonical\" href=\"https:\/\/civilmaster.com.br\/energia\/\" \/>\n<meta property=\"og:locale\" content=\"pt_BR\" \/>\n<meta property=\"og:type\" content=\"article\" \/>\n<meta property=\"og:title\" content=\"Engenharia em Altura: Solu\u00e7\u00f5es para Energia e Infraestrutura\" \/>\n<meta property=\"og:description\" content=\"Solu\u00e7\u00f5es especializadas em engenharia em altura, abrangendo energia, infraestrutura e projetos personalizados.\" \/>\n<meta property=\"og:url\" content=\"https:\/\/civilmaster.com.br\/energia\/\" \/>\n<meta property=\"og:site_name\" content=\"Civil Master\" \/>\n<meta property=\"article:publisher\" content=\"https:\/\/www.instagram.com\/civilmasterengenharia\" \/>\n<meta property=\"article:modified_time\" content=\"2024-12-10T19:12:37+00:00\" \/>\n<meta property=\"og:image\" content=\"https:\/\/civilmaster.com.br\/wp-content\/uploads\/2024\/11\/logo.png.webp\" \/>\n\t<meta property=\"og:image:width\" content=\"129\" \/>\n\t<meta property=\"og:image:height\" content=\"83\" \/>\n\t<meta property=\"og:image:type\" content=\"image\/webp\" \/>\n<meta name=\"twitter:card\" content=\"summary_large_image\" \/>\n<script type=\"application\/ld+json\" class=\"yoast-schema-graph\">{\"@context\":\"https:\/\/schema.org\",\"@graph\":[{\"@type\":\"WebPage\",\"@id\":\"https:\/\/civilmaster.com.br\/energia\/\",\"url\":\"https:\/\/civilmaster.com.br\/energia\/\",\"name\":\"Engenharia em Altura: Solu\u00e7\u00f5es para Energia e Infraestrutura\",\"isPartOf\":{\"@id\":\"https:\/\/civilmaster.com.br\/#website\"},\"datePublished\":\"2023-11-28T14:52:05+00:00\",\"dateModified\":\"2024-12-10T19:12:37+00:00\",\"description\":\"Solu\u00e7\u00f5es especializadas em engenharia em altura, abrangendo energia, infraestrutura e projetos personalizados.\",\"breadcrumb\":{\"@id\":\"https:\/\/civilmaster.com.br\/energia\/#breadcrumb\"},\"inLanguage\":\"pt-BR\",\"potentialAction\":[{\"@type\":\"ReadAction\",\"target\":[\"https:\/\/civilmaster.com.br\/energia\/\"]}]},{\"@type\":\"BreadcrumbList\",\"@id\":\"https:\/\/civilmaster.com.br\/energia\/#breadcrumb\",\"itemListElement\":[{\"@type\":\"ListItem\",\"position\":1,\"name\":\"Home\",\"item\":\"https:\/\/civilmaster.com.br\/\"},{\"@type\":\"ListItem\",\"position\":2,\"name\":\"Energia\"}]},{\"@type\":\"WebSite\",\"@id\":\"https:\/\/civilmaster.com.br\/#website\",\"url\":\"https:\/\/civilmaster.com.br\/\",\"name\":\"Civil Master\",\"description\":\"Engenharia em Altura\",\"publisher\":{\"@id\":\"https:\/\/civilmaster.com.br\/#organization\"},\"potentialAction\":[{\"@type\":\"SearchAction\",\"target\":{\"@type\":\"EntryPoint\",\"urlTemplate\":\"https:\/\/civilmaster.com.br\/?s={search_term_string}\"},\"query-input\":{\"@type\":\"PropertyValueSpecification\",\"valueRequired\":true,\"valueName\":\"search_term_string\"}}],\"inLanguage\":\"pt-BR\"},{\"@type\":\"Organization\",\"@id\":\"https:\/\/civilmaster.com.br\/#organization\",\"name\":\"Civil Master\",\"url\":\"https:\/\/civilmaster.com.br\/\",\"logo\":{\"@type\":\"ImageObject\",\"inLanguage\":\"pt-BR\",\"@id\":\"https:\/\/civilmaster.com.br\/#\/schema\/logo\/image\/\",\"url\":\"https:\/\/civilmaster.com.br\/wp-content\/uploads\/2024\/11\/logo.png.webp\",\"contentUrl\":\"https:\/\/civilmaster.com.br\/wp-content\/uploads\/2024\/11\/logo.png.webp\",\"width\":129,\"height\":83,\"caption\":\"Civil Master\"},\"image\":{\"@id\":\"https:\/\/civilmaster.com.br\/#\/schema\/logo\/image\/\"},\"sameAs\":[\"https:\/\/www.instagram.com\/civilmasterengenharia\"]}]}<\/script>\n<!-- \/ Yoast SEO Premium plugin. -->","yoast_head_json":{"title":"Engenharia em Altura: Solu\u00e7\u00f5es para Energia e Infraestrutura","description":"Solu\u00e7\u00f5es especializadas em engenharia em altura, abrangendo energia, infraestrutura e projetos personalizados.","robots":{"index":"index","follow":"follow","max-snippet":"max-snippet:-1","max-image-preview":"max-image-preview:large","max-video-preview":"max-video-preview:-1"},"canonical":"https:\/\/civilmaster.com.br\/energia\/","og_locale":"pt_BR","og_type":"article","og_title":"Engenharia em Altura: Solu\u00e7\u00f5es para Energia e Infraestrutura","og_description":"Solu\u00e7\u00f5es especializadas em engenharia em altura, abrangendo energia, infraestrutura e projetos personalizados.","og_url":"https:\/\/civilmaster.com.br\/energia\/","og_site_name":"Civil Master","article_publisher":"https:\/\/www.instagram.com\/civilmasterengenharia","article_modified_time":"2024-12-10T19:12:37+00:00","og_image":[{"width":129,"height":83,"url":"https:\/\/civilmaster.com.br\/wp-content\/uploads\/2024\/11\/logo.png.webp","type":"image\/webp"}],"twitter_card":"summary_large_image","schema":{"@context":"https:\/\/schema.org","@graph":[{"@type":"WebPage","@id":"https:\/\/civilmaster.com.br\/energia\/","url":"https:\/\/civilmaster.com.br\/energia\/","name":"Engenharia em Altura: Solu\u00e7\u00f5es para Energia e Infraestrutura","isPartOf":{"@id":"https:\/\/civilmaster.com.br\/#website"},"datePublished":"2023-11-28T14:52:05+00:00","dateModified":"2024-12-10T19:12:37+00:00","description":"Solu\u00e7\u00f5es especializadas em engenharia em altura, abrangendo energia, infraestrutura e projetos personalizados.","breadcrumb":{"@id":"https:\/\/civilmaster.com.br\/energia\/#breadcrumb"},"inLanguage":"pt-BR","potentialAction":[{"@type":"ReadAction","target":["https:\/\/civilmaster.com.br\/energia\/"]}]},{"@type":"BreadcrumbList","@id":"https:\/\/civilmaster.com.br\/energia\/#breadcrumb","itemListElement":[{"@type":"ListItem","position":1,"name":"Home","item":"https:\/\/civilmaster.com.br\/"},{"@type":"ListItem","position":2,"name":"Energia"}]},{"@type":"WebSite","@id":"https:\/\/civilmaster.com.br\/#website","url":"https:\/\/civilmaster.com.br\/","name":"Civil Master","description":"Engenharia em Altura","publisher":{"@id":"https:\/\/civilmaster.com.br\/#organization"},"potentialAction":[{"@type":"SearchAction","target":{"@type":"EntryPoint","urlTemplate":"https:\/\/civilmaster.com.br\/?s={search_term_string}"},"query-input":{"@type":"PropertyValueSpecification","valueRequired":true,"valueName":"search_term_string"}}],"inLanguage":"pt-BR"},{"@type":"Organization","@id":"https:\/\/civilmaster.com.br\/#organization","name":"Civil Master","url":"https:\/\/civilmaster.com.br\/","logo":{"@type":"ImageObject","inLanguage":"pt-BR","@id":"https:\/\/civilmaster.com.br\/#\/schema\/logo\/image\/","url":"https:\/\/civilmaster.com.br\/wp-content\/uploads\/2024\/11\/logo.png.webp","contentUrl":"https:\/\/civilmaster.com.br\/wp-content\/uploads\/2024\/11\/logo.png.webp","width":129,"height":83,"caption":"Civil Master"},"image":{"@id":"https:\/\/civilmaster.com.br\/#\/schema\/logo\/image\/"},"sameAs":["https:\/\/www.instagram.com\/civilmasterengenharia"]}]}},"_links":{"self":[{"href":"https:\/\/civilmaster.com.br\/pb\/wp-json\/wp\/v2\/pages\/15","targetHints":{"allow":["GET"]}}],"collection":[{"href":"https:\/\/civilmaster.com.br\/pb\/wp-json\/wp\/v2\/pages"}],"about":[{"href":"https:\/\/civilmaster.com.br\/pb\/wp-json\/wp\/v2\/types\/page"}],"author":[{"embeddable":true,"href":"https:\/\/civilmaster.com.br\/pb\/wp-json\/wp\/v2\/users\/1"}],"replies":[{"embeddable":true,"href":"https:\/\/civilmaster.com.br\/pb\/wp-json\/wp\/v2\/comments?post=15"}],"version-history":[{"count":27,"href":"https:\/\/civilmaster.com.br\/pb\/wp-json\/wp\/v2\/pages\/15\/revisions"}],"predecessor-version":[{"id":2002,"href":"https:\/\/civilmaster.com.br\/pb\/wp-json\/wp\/v2\/pages\/15\/revisions\/2002"}],"wp:attachment":[{"href":"https:\/\/civilmaster.com.br\/pb\/wp-json\/wp\/v2\/media?parent=15"}],"curies":[{"name":"wp","href":"https:\/\/api.w.org\/{rel}","templated":true}]}}