{"id":17,"date":"2023-11-28T11:52:39","date_gmt":"2023-11-28T14:52:39","guid":{"rendered":"https:\/\/civilmaster.com.br\/?page_id=17"},"modified":"2024-11-27T18:51:30","modified_gmt":"2024-11-27T21:51:30","slug":"construcao-civil","status":"publish","type":"page","link":"https:\/\/civilmaster.com.br\/pb\/construcao-civil\/","title":{"rendered":"Constru\u00e7\u00e3o Civil"},"content":{"rendered":"<p>direita nos dedicamos a criar estruturas duradouras e funcionais que atendam as necessidades de nossos clientes comunidades com experiencia em projetos geotecnia foco no cliente trabalhamos excelencia assegurando qualidade compromisso os mais altos padroes na construcao civil &#038;nbsp explore nossas areas atuacao abaixo descubra como podemos ajudar sua empresa alcancar o sucesso seus cortinas atirantadas sao constituidas por paramentos rigidos geral concreto armado bombeado ou projetado dotados tirantes ancorados terreno responsaveis combater empuxos ativos repouso estes feitos monobarras aco especial cordoalhas baixa relaxacao protendidos empurrando paramento rigido contra garantindo estabilidade do talude evitando movimentos massa indesejaveis 5 {i 0 s 3 &#8220;623&#8221; i 1 &#8220;624&#8221; 2 &#8220;625&#8221; &#8220;626&#8221; 4 &#8220;627&#8221; } solo grampeado tecnica empregada para estabilizacao encostas naturais taludes tem principal mecanismo estabilizador restricao deformacoes macico diferentemente dos grampos nao possuem trecho livre definidos elementos passivos pois solicitados somente quando ha tendencia movimento maneira pre-tensionados seu pode ser constituido tela metalica alta resistencia inclusive ter nenhum face &#8220;628&#8221; &#8220;629&#8221; &#8220;630&#8221; &#8220;631&#8221; rede drenagem responsavel direcionar agua pluvial aos cursos d\u2019agua este correto direcionamento impede uma infiltracao excessiva da chuva prejudicar alem disso dimensionamento ocorram erosoes podem vir se transformarem deslizamentos superficiais vocorocas etc &#8220;632&#8221; &#8220;633&#8221; &#8220;634&#8221; espaco confinado area foi projetada ocupacao humana continua meios limitados entrada saida ainda configuracao possa causar aprisionamento asfixia onde ventilacao insuficiente ate inexistente remover contaminantes perigosos &#8220;635&#8221; &#8220;636&#8221; <\/p>","protected":false},"excerpt":{"rendered":"<p>direita nos dedicamos a criar estruturas duradouras e funcionais que atendam as necessidades de nossos clientes comunidades com experiencia em projetos geotecnia foco no cliente trabalhamos excelencia assegurando qualidade compromisso os mais altos padroes na construcao civil &#038;nbsp explore nossas areas atuacao abaixo descubra como podemos ajudar sua empresa alcancar o sucesso seus cortinas atirantadas [&hellip;]<\/p>\n","protected":false},"author":1,"featured_media":0,"parent":0,"menu_order":0,"comment_status":"closed","ping_status":"closed","template":"template-servicos.php","meta":{"_acf_changed":false},"class_list":["post-17","page","type-page","status-publish","hentry"],"acf":[],"yoast_head":"<!-- This site is optimized with the Yoast SEO Premium plugin v25.3 (Yoast SEO v24.0) - https:\/\/yoast.com\/wordpress\/plugins\/seo\/ -->\n<title>Constru\u00e7\u00e3o Civil - Civil Master<\/title>\n<meta name=\"description\" content=\"engenharia em altura, geotecnia, obras de infraestrutura, servi\u00e7os industriais, conten\u00e7\u00e3o de encostas, alpinismo industrial, servi\u00e7os especiais em altura, constru\u00e7\u00e3o civil, minera\u00e7\u00e3o, energia&quot;\" \/>\n<meta name=\"robots\" content=\"index, follow, max-snippet:-1, max-image-preview:large, max-video-preview:-1\" \/>\n<link rel=\"canonical\" href=\"https:\/\/civilmaster.com.br\/construcao-civil\/\" \/>\n<meta property=\"og:locale\" content=\"pt_BR\" \/>\n<meta property=\"og:type\" content=\"article\" \/>\n<meta property=\"og:title\" content=\"[:pb]Constru\u00e7\u00e3o Civil[:en]Construction[:es]Construcci\u00f3n Civil[:] - Civil Master\" \/>\n<meta property=\"og:description\" content=\"engenharia em altura, geotecnia, obras de infraestrutura, servi\u00e7os industriais, conten\u00e7\u00e3o de encostas, alpinismo industrial, servi\u00e7os especiais em altura, constru\u00e7\u00e3o civil, minera\u00e7\u00e3o, energia&quot;\" \/>\n<meta property=\"og:url\" content=\"https:\/\/civilmaster.com.br\/construcao-civil\/\" \/>\n<meta property=\"og:site_name\" content=\"Civil Master\" \/>\n<meta property=\"article:publisher\" content=\"https:\/\/www.instagram.com\/civilmasterengenharia\" \/>\n<meta property=\"article:modified_time\" content=\"2024-11-27T21:51:30+00:00\" \/>\n<meta property=\"og:image\" content=\"https:\/\/civilmaster.com.br\/wp-content\/uploads\/2024\/11\/logo.png.webp\" \/>\n\t<meta property=\"og:image:width\" content=\"129\" \/>\n\t<meta property=\"og:image:height\" content=\"83\" \/>\n\t<meta property=\"og:image:type\" content=\"image\/webp\" \/>\n<meta name=\"twitter:card\" content=\"summary_large_image\" \/>\n<script type=\"application\/ld+json\" class=\"yoast-schema-graph\">{\"@context\":\"https:\/\/schema.org\",\"@graph\":[{\"@type\":\"WebPage\",\"@id\":\"https:\/\/civilmaster.com.br\/construcao-civil\/\",\"url\":\"https:\/\/civilmaster.com.br\/construcao-civil\/\",\"name\":\"[:pb]Constru\u00e7\u00e3o Civil[:en]Construction[:es]Construcci\u00f3n Civil[:] - Civil Master\",\"isPartOf\":{\"@id\":\"https:\/\/civilmaster.com.br\/#website\"},\"datePublished\":\"2023-11-28T14:52:39+00:00\",\"dateModified\":\"2024-11-27T21:51:30+00:00\",\"description\":\"engenharia em altura, geotecnia, obras de infraestrutura, servi\u00e7os industriais, conten\u00e7\u00e3o de encostas, alpinismo industrial, servi\u00e7os especiais em altura, constru\u00e7\u00e3o civil, minera\u00e7\u00e3o, energia\\\"\",\"breadcrumb\":{\"@id\":\"https:\/\/civilmaster.com.br\/construcao-civil\/#breadcrumb\"},\"inLanguage\":\"pt-BR\",\"potentialAction\":[{\"@type\":\"ReadAction\",\"target\":[\"https:\/\/civilmaster.com.br\/construcao-civil\/\"]}]},{\"@type\":\"BreadcrumbList\",\"@id\":\"https:\/\/civilmaster.com.br\/construcao-civil\/#breadcrumb\",\"itemListElement\":[{\"@type\":\"ListItem\",\"position\":1,\"name\":\"Home\",\"item\":\"https:\/\/civilmaster.com.br\/\"},{\"@type\":\"ListItem\",\"position\":2,\"name\":\"Constru\u00e7\u00e3o Civil\"}]},{\"@type\":\"WebSite\",\"@id\":\"https:\/\/civilmaster.com.br\/#website\",\"url\":\"https:\/\/civilmaster.com.br\/\",\"name\":\"Civil Master\",\"description\":\"Engenharia em Altura\",\"publisher\":{\"@id\":\"https:\/\/civilmaster.com.br\/#organization\"},\"potentialAction\":[{\"@type\":\"SearchAction\",\"target\":{\"@type\":\"EntryPoint\",\"urlTemplate\":\"https:\/\/civilmaster.com.br\/?s={search_term_string}\"},\"query-input\":{\"@type\":\"PropertyValueSpecification\",\"valueRequired\":true,\"valueName\":\"search_term_string\"}}],\"inLanguage\":\"pt-BR\"},{\"@type\":\"Organization\",\"@id\":\"https:\/\/civilmaster.com.br\/#organization\",\"name\":\"Civil Master\",\"url\":\"https:\/\/civilmaster.com.br\/\",\"logo\":{\"@type\":\"ImageObject\",\"inLanguage\":\"pt-BR\",\"@id\":\"https:\/\/civilmaster.com.br\/#\/schema\/logo\/image\/\",\"url\":\"https:\/\/civilmaster.com.br\/wp-content\/uploads\/2024\/11\/logo.png.webp\",\"contentUrl\":\"https:\/\/civilmaster.com.br\/wp-content\/uploads\/2024\/11\/logo.png.webp\",\"width\":129,\"height\":83,\"caption\":\"Civil Master\"},\"image\":{\"@id\":\"https:\/\/civilmaster.com.br\/#\/schema\/logo\/image\/\"},\"sameAs\":[\"https:\/\/www.instagram.com\/civilmasterengenharia\"]}]}<\/script>\n<!-- \/ Yoast SEO Premium plugin. -->","yoast_head_json":{"title":"[:pb]Constru\u00e7\u00e3o Civil[:en]Construction[:es]Construcci\u00f3n Civil[:] - Civil Master","description":"engenharia em altura, geotecnia, obras de infraestrutura, servi\u00e7os industriais, conten\u00e7\u00e3o de encostas, alpinismo industrial, servi\u00e7os especiais em altura, constru\u00e7\u00e3o civil, minera\u00e7\u00e3o, energia\"","robots":{"index":"index","follow":"follow","max-snippet":"max-snippet:-1","max-image-preview":"max-image-preview:large","max-video-preview":"max-video-preview:-1"},"canonical":"https:\/\/civilmaster.com.br\/construcao-civil\/","og_locale":"pt_BR","og_type":"article","og_title":"[:pb]Constru\u00e7\u00e3o Civil[:en]Construction[:es]Construcci\u00f3n Civil[:] - Civil Master","og_description":"engenharia em altura, geotecnia, obras de infraestrutura, servi\u00e7os industriais, conten\u00e7\u00e3o de encostas, alpinismo industrial, servi\u00e7os especiais em altura, constru\u00e7\u00e3o civil, minera\u00e7\u00e3o, energia\"","og_url":"https:\/\/civilmaster.com.br\/construcao-civil\/","og_site_name":"Civil Master","article_publisher":"https:\/\/www.instagram.com\/civilmasterengenharia","article_modified_time":"2024-11-27T21:51:30+00:00","og_image":[{"width":129,"height":83,"url":"https:\/\/civilmaster.com.br\/wp-content\/uploads\/2024\/11\/logo.png.webp","type":"image\/webp"}],"twitter_card":"summary_large_image","schema":{"@context":"https:\/\/schema.org","@graph":[{"@type":"WebPage","@id":"https:\/\/civilmaster.com.br\/construcao-civil\/","url":"https:\/\/civilmaster.com.br\/construcao-civil\/","name":"[:pb]Constru\u00e7\u00e3o Civil[:en]Construction[:es]Construcci\u00f3n Civil[:] - Civil Master","isPartOf":{"@id":"https:\/\/civilmaster.com.br\/#website"},"datePublished":"2023-11-28T14:52:39+00:00","dateModified":"2024-11-27T21:51:30+00:00","description":"engenharia em altura, geotecnia, obras de infraestrutura, servi\u00e7os industriais, conten\u00e7\u00e3o de encostas, alpinismo industrial, servi\u00e7os especiais em altura, constru\u00e7\u00e3o civil, minera\u00e7\u00e3o, energia\"","breadcrumb":{"@id":"https:\/\/civilmaster.com.br\/construcao-civil\/#breadcrumb"},"inLanguage":"pt-BR","potentialAction":[{"@type":"ReadAction","target":["https:\/\/civilmaster.com.br\/construcao-civil\/"]}]},{"@type":"BreadcrumbList","@id":"https:\/\/civilmaster.com.br\/construcao-civil\/#breadcrumb","itemListElement":[{"@type":"ListItem","position":1,"name":"Home","item":"https:\/\/civilmaster.com.br\/"},{"@type":"ListItem","position":2,"name":"Constru\u00e7\u00e3o Civil"}]},{"@type":"WebSite","@id":"https:\/\/civilmaster.com.br\/#website","url":"https:\/\/civilmaster.com.br\/","name":"Civil Master","description":"Engenharia em Altura","publisher":{"@id":"https:\/\/civilmaster.com.br\/#organization"},"potentialAction":[{"@type":"SearchAction","target":{"@type":"EntryPoint","urlTemplate":"https:\/\/civilmaster.com.br\/?s={search_term_string}"},"query-input":{"@type":"PropertyValueSpecification","valueRequired":true,"valueName":"search_term_string"}}],"inLanguage":"pt-BR"},{"@type":"Organization","@id":"https:\/\/civilmaster.com.br\/#organization","name":"Civil Master","url":"https:\/\/civilmaster.com.br\/","logo":{"@type":"ImageObject","inLanguage":"pt-BR","@id":"https:\/\/civilmaster.com.br\/#\/schema\/logo\/image\/","url":"https:\/\/civilmaster.com.br\/wp-content\/uploads\/2024\/11\/logo.png.webp","contentUrl":"https:\/\/civilmaster.com.br\/wp-content\/uploads\/2024\/11\/logo.png.webp","width":129,"height":83,"caption":"Civil Master"},"image":{"@id":"https:\/\/civilmaster.com.br\/#\/schema\/logo\/image\/"},"sameAs":["https:\/\/www.instagram.com\/civilmasterengenharia"]}]}},"_links":{"self":[{"href":"https:\/\/civilmaster.com.br\/pb\/wp-json\/wp\/v2\/pages\/17","targetHints":{"allow":["GET"]}}],"collection":[{"href":"https:\/\/civilmaster.com.br\/pb\/wp-json\/wp\/v2\/pages"}],"about":[{"href":"https:\/\/civilmaster.com.br\/pb\/wp-json\/wp\/v2\/types\/page"}],"author":[{"embeddable":true,"href":"https:\/\/civilmaster.com.br\/pb\/wp-json\/wp\/v2\/users\/1"}],"replies":[{"embeddable":true,"href":"https:\/\/civilmaster.com.br\/pb\/wp-json\/wp\/v2\/comments?post=17"}],"version-history":[{"count":31,"href":"https:\/\/civilmaster.com.br\/pb\/wp-json\/wp\/v2\/pages\/17\/revisions"}],"predecessor-version":[{"id":1976,"href":"https:\/\/civilmaster.com.br\/pb\/wp-json\/wp\/v2\/pages\/17\/revisions\/1976"}],"wp:attachment":[{"href":"https:\/\/civilmaster.com.br\/pb\/wp-json\/wp\/v2\/media?parent=17"}],"curies":[{"name":"wp","href":"https:\/\/api.w.org\/{rel}","templated":true}]}}