{"id":21,"date":"2023-11-28T11:53:04","date_gmt":"2023-11-28T14:53:04","guid":{"rendered":"https:\/\/civilmaster.com.br\/?page_id=21"},"modified":"2025-08-11T16:15:57","modified_gmt":"2025-08-11T19:15:57","slug":"sobre","status":"publish","type":"page","link":"https:\/\/civilmaster.com.br\/pb\/sobre\/","title":{"rendered":"Sobre"},"content":{"rendered":"<p>de fundacoes solidas a grandes conquistas cultura da empresa civil master e feita por um time comprometido em realizar os desafios engenharia com qualidade seguranca operacional nos orgulhamos termos concluido todas nossas obras consonancia as melhores praticas tecnica sempre buscado melhor tecnologia no mundo para proporcionar eficiencia operacoes entendemos que nossa humildade habilidade colocarmos lugar nossos stakeholders permitiu desenvolver uma escuta ativa buscar solucao problemas complexos saber quando corrigir rotas ou acoes nao estejam orientadas valores evolui medida crescemos como organizacao incorporando caracteristicas parceiros sejam valiosas luz do nosso proposito fortalecemos avancamos rumo ao alcance dos objetivos estrategicos tracamos protegemos aquilo mais importa na execucao complexas dificil acesso o sao profissionais recursos naturais comunidades integramos ativos clientes particularidades cada obra funcao risco complexidade das assumimos valor supremo regra ouro conduta individual coletiva competencia desenvolvemos experiencia servicos alta aprimoramos permanentemente tecnicas vencer compromisso desenvolvimento sustentavel realizamos atividades forma respeitando pessoas meio ambiente contribuindo economico local cuidado procuramos fazer diferenca vida equipe diariamente preocupamo-nos bem-estar fisico mental colaboradores estimulamos eles se desenvolvam trabalho saudavel acolhedor onde todos alinhados aos principios satisfeitos motivados dar seu etica conduzimos segundo rigorosos eticos estabelecendo relacionamentos respeitosos confianca fornecedores inovacao esta dna mapeamos continuamente principais tecnologias atender aplicamos proprietarias ineditas entregar resultados fundacao civis inicio manutencao predial 1\u00aa certificacao sistema gestao iso 9001 primeira geotecnia corda estados sp mg pr sc concessoes rodoviarias operacao porto tubarao parceria can pouco historia esg diferente equilibrio conceito-chave conjunto define socialmente consciente ambientalmente responsavel corretamente gerenciada costuma ser tambem meta pessoal articulando aspectos muitas vezes ultrapassam dimensao individuo cientes disso estamos atentos reflexos sobre proximas consideramos somos parte mesmo enredo isso investimos conhecimento iniciativas possam deixar legado positivo geracoes queremos essa ideia origem programa reflorestamento social apos identificacao areas geotecnico identificamos preferencialmente entorno fazemos selecao jovens 18 29 anos poderao tornar agentes transformacao regioes moram partir humanistico profissionalizante tem objetivo recuperar plantio especies nativas reflorestando encostas alem criar oportunidades renda ja nas processos voltados uso agua aproveitamento ajudam diminuir impacto ambiental canteiro nova lima exemplo fotovoltaico gera energia radiacao solar substitui oleo diesel abastecimento geradores dessa reduzindo emissao co2 atmosfera economia anual 228 milhoes litros seriam gastos producao combustivel suficiente encher 91 piscinas olimpicas certificacoes responsabilidades natureza superar infraestrutura expertise multidisciplinares preciso comprometimento seriedade coletivamente atuamos perspectiva preventiva acidentes evitar danos protegendo certificados normas \u00b7 \tiso 2015 14001 45001 2018 saude ocupacional alpinistas industriais pela industrial rope access trade association irata autoridade globalmente reconhecida qual filiada ainda associacao nacional empresas resgate aneac acreditada pelo inmetro atuam alpinismo base treinamentos treinamento ha 8 atuando seguimento rio set vem capacitando formando alto nivel cordas atendendo legais nbr vigentes padrao internacional contamos instrutores altamente capacitados carga horaria 40h divida 2 modulos teorico pratica oferecemos voce melhor! galeria politica comprometida excelencia negocio pautada fundamentais refletem promovem contribuem sucesso codigo privacidade sustentabilidade helicoptero cliente crt maior ocasiao minas aguas claras utilizacao pais monitoramento barragens 3 rapel helicopteros integrado contencao teto tuneis ferroviarios inedita implementacao equipamentos remotamente controlados implantacao area 25 salobo cortina atirantada brasil 2019 2023 brumadinho barreira debri flow capacidade qsms <\/p>","protected":false},"excerpt":{"rendered":"<p>de fundacoes solidas a grandes conquistas cultura da empresa civil master e feita por um time comprometido em realizar os desafios engenharia com qualidade seguranca operacional nos orgulhamos termos concluido todas nossas obras consonancia as melhores praticas tecnica sempre buscado melhor tecnologia no mundo para proporcionar eficiencia operacoes entendemos que nossa humildade habilidade colocarmos lugar [&hellip;]<\/p>\n","protected":false},"author":1,"featured_media":0,"parent":0,"menu_order":0,"comment_status":"closed","ping_status":"closed","template":"template-sobre.php","meta":{"_acf_changed":false},"class_list":["post-21","page","type-page","status-publish","hentry"],"acf":[],"yoast_head":"<!-- This site is optimized with the Yoast SEO Premium plugin v25.3 (Yoast SEO v24.0) - https:\/\/yoast.com\/wordpress\/plugins\/seo\/ -->\n<title>Civil Master: Engenharia em Altura<\/title>\n<meta name=\"description\" content=\"Compromisso com qualidade, seguran\u00e7a operacional e inova\u00e7\u00e3o. Desenvolvemos solu\u00e7\u00f5es para desafios complexos\" \/>\n<meta name=\"robots\" content=\"index, follow, max-snippet:-1, max-image-preview:large, max-video-preview:-1\" \/>\n<link rel=\"canonical\" href=\"https:\/\/civilmaster.com.br\/sobre\/\" \/>\n<meta property=\"og:locale\" content=\"pt_BR\" \/>\n<meta property=\"og:type\" content=\"article\" \/>\n<meta property=\"og:title\" content=\"Civil Master: Engenharia em Altura\" \/>\n<meta property=\"og:description\" content=\"Compromisso com qualidade, seguran\u00e7a operacional e inova\u00e7\u00e3o. Desenvolvemos solu\u00e7\u00f5es para desafios complexos\" \/>\n<meta property=\"og:url\" content=\"https:\/\/civilmaster.com.br\/sobre\/\" \/>\n<meta property=\"og:site_name\" content=\"Civil Master\" \/>\n<meta property=\"article:publisher\" content=\"https:\/\/www.instagram.com\/civilmasterengenharia\" \/>\n<meta property=\"article:modified_time\" content=\"2025-08-11T19:15:57+00:00\" \/>\n<meta property=\"og:image\" content=\"https:\/\/civilmaster.com.br\/wp-content\/uploads\/2024\/11\/logo.png.webp\" \/>\n\t<meta property=\"og:image:width\" content=\"129\" \/>\n\t<meta property=\"og:image:height\" content=\"83\" \/>\n\t<meta property=\"og:image:type\" content=\"image\/webp\" \/>\n<meta name=\"twitter:card\" content=\"summary_large_image\" \/>\n<meta name=\"twitter:label1\" content=\"Est. reading time\" \/>\n\t<meta name=\"twitter:data1\" content=\"22 minutos\" \/>\n<script type=\"application\/ld+json\" class=\"yoast-schema-graph\">{\"@context\":\"https:\/\/schema.org\",\"@graph\":[{\"@type\":\"WebPage\",\"@id\":\"https:\/\/civilmaster.com.br\/sobre\/\",\"url\":\"https:\/\/civilmaster.com.br\/sobre\/\",\"name\":\"Civil Master: Engenharia em Altura\",\"isPartOf\":{\"@id\":\"https:\/\/civilmaster.com.br\/#website\"},\"datePublished\":\"2023-11-28T14:53:04+00:00\",\"dateModified\":\"2025-08-11T19:15:57+00:00\",\"description\":\"Compromisso com qualidade, seguran\u00e7a operacional e inova\u00e7\u00e3o. Desenvolvemos solu\u00e7\u00f5es para desafios complexos\",\"breadcrumb\":{\"@id\":\"https:\/\/civilmaster.com.br\/sobre\/#breadcrumb\"},\"inLanguage\":\"pt-BR\",\"potentialAction\":[{\"@type\":\"ReadAction\",\"target\":[\"https:\/\/civilmaster.com.br\/sobre\/\"]}]},{\"@type\":\"BreadcrumbList\",\"@id\":\"https:\/\/civilmaster.com.br\/sobre\/#breadcrumb\",\"itemListElement\":[{\"@type\":\"ListItem\",\"position\":1,\"name\":\"Home\",\"item\":\"https:\/\/civilmaster.com.br\/\"},{\"@type\":\"ListItem\",\"position\":2,\"name\":\"[:pb]Sobre[:en]About[:es]Sobre[:]\"}]},{\"@type\":\"WebSite\",\"@id\":\"https:\/\/civilmaster.com.br\/#website\",\"url\":\"https:\/\/civilmaster.com.br\/\",\"name\":\"Civil Master\",\"description\":\"Engenharia em Altura\",\"publisher\":{\"@id\":\"https:\/\/civilmaster.com.br\/#organization\"},\"potentialAction\":[{\"@type\":\"SearchAction\",\"target\":{\"@type\":\"EntryPoint\",\"urlTemplate\":\"https:\/\/civilmaster.com.br\/?s={search_term_string}\"},\"query-input\":{\"@type\":\"PropertyValueSpecification\",\"valueRequired\":true,\"valueName\":\"search_term_string\"}}],\"inLanguage\":\"pt-BR\"},{\"@type\":\"Organization\",\"@id\":\"https:\/\/civilmaster.com.br\/#organization\",\"name\":\"Civil Master\",\"url\":\"https:\/\/civilmaster.com.br\/\",\"logo\":{\"@type\":\"ImageObject\",\"inLanguage\":\"pt-BR\",\"@id\":\"https:\/\/civilmaster.com.br\/#\/schema\/logo\/image\/\",\"url\":\"https:\/\/civilmaster.com.br\/wp-content\/uploads\/2024\/11\/logo.png.webp\",\"contentUrl\":\"https:\/\/civilmaster.com.br\/wp-content\/uploads\/2024\/11\/logo.png.webp\",\"width\":129,\"height\":83,\"caption\":\"Civil Master\"},\"image\":{\"@id\":\"https:\/\/civilmaster.com.br\/#\/schema\/logo\/image\/\"},\"sameAs\":[\"https:\/\/www.instagram.com\/civilmasterengenharia\"]}]}<\/script>\n<!-- \/ Yoast SEO Premium plugin. -->","yoast_head_json":{"title":"Civil Master: Engenharia em Altura","description":"Compromisso com qualidade, seguran\u00e7a operacional e inova\u00e7\u00e3o. Desenvolvemos solu\u00e7\u00f5es para desafios complexos","robots":{"index":"index","follow":"follow","max-snippet":"max-snippet:-1","max-image-preview":"max-image-preview:large","max-video-preview":"max-video-preview:-1"},"canonical":"https:\/\/civilmaster.com.br\/sobre\/","og_locale":"pt_BR","og_type":"article","og_title":"Civil Master: Engenharia em Altura","og_description":"Compromisso com qualidade, seguran\u00e7a operacional e inova\u00e7\u00e3o. Desenvolvemos solu\u00e7\u00f5es para desafios complexos","og_url":"https:\/\/civilmaster.com.br\/sobre\/","og_site_name":"Civil Master","article_publisher":"https:\/\/www.instagram.com\/civilmasterengenharia","article_modified_time":"2025-08-11T19:15:57+00:00","og_image":[{"width":129,"height":83,"url":"https:\/\/civilmaster.com.br\/wp-content\/uploads\/2024\/11\/logo.png.webp","type":"image\/webp"}],"twitter_card":"summary_large_image","twitter_misc":{"Est. reading time":"22 minutos"},"schema":{"@context":"https:\/\/schema.org","@graph":[{"@type":"WebPage","@id":"https:\/\/civilmaster.com.br\/sobre\/","url":"https:\/\/civilmaster.com.br\/sobre\/","name":"Civil Master: Engenharia em Altura","isPartOf":{"@id":"https:\/\/civilmaster.com.br\/#website"},"datePublished":"2023-11-28T14:53:04+00:00","dateModified":"2025-08-11T19:15:57+00:00","description":"Compromisso com qualidade, seguran\u00e7a operacional e inova\u00e7\u00e3o. Desenvolvemos solu\u00e7\u00f5es para desafios complexos","breadcrumb":{"@id":"https:\/\/civilmaster.com.br\/sobre\/#breadcrumb"},"inLanguage":"pt-BR","potentialAction":[{"@type":"ReadAction","target":["https:\/\/civilmaster.com.br\/sobre\/"]}]},{"@type":"BreadcrumbList","@id":"https:\/\/civilmaster.com.br\/sobre\/#breadcrumb","itemListElement":[{"@type":"ListItem","position":1,"name":"Home","item":"https:\/\/civilmaster.com.br\/"},{"@type":"ListItem","position":2,"name":"[:pb]Sobre[:en]About[:es]Sobre[:]"}]},{"@type":"WebSite","@id":"https:\/\/civilmaster.com.br\/#website","url":"https:\/\/civilmaster.com.br\/","name":"Civil Master","description":"Engenharia em Altura","publisher":{"@id":"https:\/\/civilmaster.com.br\/#organization"},"potentialAction":[{"@type":"SearchAction","target":{"@type":"EntryPoint","urlTemplate":"https:\/\/civilmaster.com.br\/?s={search_term_string}"},"query-input":{"@type":"PropertyValueSpecification","valueRequired":true,"valueName":"search_term_string"}}],"inLanguage":"pt-BR"},{"@type":"Organization","@id":"https:\/\/civilmaster.com.br\/#organization","name":"Civil Master","url":"https:\/\/civilmaster.com.br\/","logo":{"@type":"ImageObject","inLanguage":"pt-BR","@id":"https:\/\/civilmaster.com.br\/#\/schema\/logo\/image\/","url":"https:\/\/civilmaster.com.br\/wp-content\/uploads\/2024\/11\/logo.png.webp","contentUrl":"https:\/\/civilmaster.com.br\/wp-content\/uploads\/2024\/11\/logo.png.webp","width":129,"height":83,"caption":"Civil Master"},"image":{"@id":"https:\/\/civilmaster.com.br\/#\/schema\/logo\/image\/"},"sameAs":["https:\/\/www.instagram.com\/civilmasterengenharia"]}]}},"_links":{"self":[{"href":"https:\/\/civilmaster.com.br\/pb\/wp-json\/wp\/v2\/pages\/21","targetHints":{"allow":["GET"]}}],"collection":[{"href":"https:\/\/civilmaster.com.br\/pb\/wp-json\/wp\/v2\/pages"}],"about":[{"href":"https:\/\/civilmaster.com.br\/pb\/wp-json\/wp\/v2\/types\/page"}],"author":[{"embeddable":true,"href":"https:\/\/civilmaster.com.br\/pb\/wp-json\/wp\/v2\/users\/1"}],"replies":[{"embeddable":true,"href":"https:\/\/civilmaster.com.br\/pb\/wp-json\/wp\/v2\/comments?post=21"}],"version-history":[{"count":139,"href":"https:\/\/civilmaster.com.br\/pb\/wp-json\/wp\/v2\/pages\/21\/revisions"}],"predecessor-version":[{"id":2305,"href":"https:\/\/civilmaster.com.br\/pb\/wp-json\/wp\/v2\/pages\/21\/revisions\/2305"}],"wp:attachment":[{"href":"https:\/\/civilmaster.com.br\/pb\/wp-json\/wp\/v2\/media?parent=21"}],"curies":[{"name":"wp","href":"https:\/\/api.w.org\/{rel}","templated":true}]}}