{"id":27,"date":"2023-11-28T11:53:44","date_gmt":"2023-11-28T14:53:44","guid":{"rendered":"https:\/\/civilmaster.com.br\/?page_id=27"},"modified":"2024-12-10T20:27:36","modified_gmt":"2024-12-10T23:27:36","slug":"trabalhe-conosco","status":"publish","type":"page","link":"https:\/\/civilmaster.com.br\/pb\/trabalhe-conosco\/","title":{"rendered":"Trabalhe Conosco"},"content":{"rendered":"<p>faca parte do time civil master! prazer somos a engenharia em altura essa e base da atuacao master iniciamos nossas atividades 1997 no rio de janeiro ao longo tempo nos consolidamos como uma empresa que viabiliza obras complexas locais dificil acesso isso so possivel gracas talento experiencia dos nossos colaboradores nosso reune especialistas diferentes areas trabalham estreita parceria com as equipes campo profissionais ambiental geotecnia mecatronica mecanica eletrica outras disciplinas somam-se tecnica alpinistas industriais mestres topografos laboratoristas operadores maquinas pesadas diversos integram juntos mais 1 800 pessoas pelo brasil numa exige acima tudo seriedade responsabilidade investimos constantemente na capacitacao mantemos centros treinamento proprios certificados nas normas iso 9001 2015 14001 45001 2018 garantem excelencia execucao procedimentos operacionais \u00a0assumimos seguranca operacional valor supremo buscamos proteger o importa comunidades integramos os recursos naturais ativos cada cliente \u00a0etica competencia inovacao compromisso desenvolvimento sustentavel cuidado sao demais valores norteiam conduta individual coletiva depoimentos explore relatos inspiradores atuais antigos revelando experiencias singulares trabalhar mergulhe definem enche coracao orgulho trilhar jornada profissional rodrigo soares supervisor minha trajetoria esta se aproximando 20 anos entrei 2004 ajudante equipe rj desde inicio sempre me dediquei busquei fazer era confiado melhor forma vejo oferece oportunidades aos funcionarios eu sou um exemplo disso desses fui tendo responsabilidades sendo reconhecido meu desempenho alcancando outros niveis alpinista industrial lider encarregado mestre ate alcancar posicao ocupo hoje predial paulo tenho sentimento gratidao pela por todas confiou dessa time! estamos busca talentosos apaixonados desejam dedicada inovadora valorizamos diversidade pensamentos habilidades trabalhe conosco andressa albuquerque analista rh iniciei estagiaria area percorrido trilha muito aprendizado entao auxiliar assistente pl atuando coluna gestao talentos carreira acreditar apoiar jovens iniciam aqui alimenta admiracao desafiados dia para sermos melhores vencer obstaculos buscar sonhos ter coragem enfrentar qualquer desafio! nilton santos engenheiro ano 2014 nesse periodo estava cursando 5o semestre graduacao apos conclusao 2017 recebi proposta atuar 2019 tao sonhada oportunidade civil! grato pelas recebidas feliz companhia valoriza tantos seus proporciona excelente ambiente trabalho sem vagas abertas momento civilmaster br <\/p>","protected":false},"excerpt":{"rendered":"<p>faca parte do time civil master! prazer somos a engenharia em altura essa e base da atuacao master iniciamos nossas atividades 1997 no rio de janeiro ao longo tempo nos consolidamos como uma empresa que viabiliza obras complexas locais dificil acesso isso so possivel gracas talento experiencia dos nossos colaboradores nosso reune especialistas diferentes areas [&hellip;]<\/p>\n","protected":false},"author":1,"featured_media":0,"parent":0,"menu_order":0,"comment_status":"closed","ping_status":"closed","template":"template-trabalhe-conosco.php","meta":{"_acf_changed":false},"class_list":["post-27","page","type-page","status-publish","hentry"],"acf":[],"yoast_head":"<!-- This site is optimized with the Yoast SEO Premium plugin v25.3 (Yoast SEO v24.0) - https:\/\/yoast.com\/wordpress\/plugins\/seo\/ -->\n<title>Trabalhe Conosco: Fa\u00e7a Parte do Time Civil Master<\/title>\n<meta name=\"description\" content=\"Junte-se \u00e0 Civil Master, l\u00edder em engenharia em altura e obras complexas. Valorizamos talentos diversos e oferecemos capacita\u00e7\u00e3o cont\u00ednua\" \/>\n<meta name=\"robots\" content=\"index, follow, max-snippet:-1, max-image-preview:large, max-video-preview:-1\" \/>\n<link rel=\"canonical\" href=\"https:\/\/civilmaster.com.br\/trabalhe-conosco\/\" \/>\n<meta property=\"og:locale\" content=\"pt_BR\" \/>\n<meta property=\"og:type\" content=\"article\" \/>\n<meta property=\"og:title\" content=\"Trabalhe Conosco: Fa\u00e7a Parte do Time Civil Master\" \/>\n<meta property=\"og:description\" content=\"Junte-se \u00e0 Civil Master, l\u00edder em engenharia em altura e obras complexas. Valorizamos talentos diversos e oferecemos capacita\u00e7\u00e3o cont\u00ednua\" \/>\n<meta property=\"og:url\" content=\"https:\/\/civilmaster.com.br\/trabalhe-conosco\/\" \/>\n<meta property=\"og:site_name\" content=\"Civil Master\" \/>\n<meta property=\"article:publisher\" content=\"https:\/\/www.instagram.com\/civilmasterengenharia\" \/>\n<meta property=\"article:modified_time\" content=\"2024-12-10T23:27:36+00:00\" \/>\n<meta property=\"og:image\" content=\"https:\/\/civilmaster.com.br\/wp-content\/uploads\/2024\/11\/logo.png.webp\" \/>\n\t<meta property=\"og:image:width\" content=\"129\" \/>\n\t<meta property=\"og:image:height\" content=\"83\" \/>\n\t<meta property=\"og:image:type\" content=\"image\/webp\" \/>\n<meta name=\"twitter:card\" content=\"summary_large_image\" \/>\n<script type=\"application\/ld+json\" class=\"yoast-schema-graph\">{\"@context\":\"https:\/\/schema.org\",\"@graph\":[{\"@type\":\"WebPage\",\"@id\":\"https:\/\/civilmaster.com.br\/trabalhe-conosco\/\",\"url\":\"https:\/\/civilmaster.com.br\/trabalhe-conosco\/\",\"name\":\"Trabalhe Conosco: Fa\u00e7a Parte do Time Civil Master\",\"isPartOf\":{\"@id\":\"https:\/\/civilmaster.com.br\/#website\"},\"datePublished\":\"2023-11-28T14:53:44+00:00\",\"dateModified\":\"2024-12-10T23:27:36+00:00\",\"description\":\"Junte-se \u00e0 Civil Master, l\u00edder em engenharia em altura e obras complexas. Valorizamos talentos diversos e oferecemos capacita\u00e7\u00e3o cont\u00ednua\",\"breadcrumb\":{\"@id\":\"https:\/\/civilmaster.com.br\/trabalhe-conosco\/#breadcrumb\"},\"inLanguage\":\"pt-BR\",\"potentialAction\":[{\"@type\":\"ReadAction\",\"target\":[\"https:\/\/civilmaster.com.br\/trabalhe-conosco\/\"]}]},{\"@type\":\"BreadcrumbList\",\"@id\":\"https:\/\/civilmaster.com.br\/trabalhe-conosco\/#breadcrumb\",\"itemListElement\":[{\"@type\":\"ListItem\",\"position\":1,\"name\":\"Home\",\"item\":\"https:\/\/civilmaster.com.br\/\"},{\"@type\":\"ListItem\",\"position\":2,\"name\":\"Trabalhe Conosco\"}]},{\"@type\":\"WebSite\",\"@id\":\"https:\/\/civilmaster.com.br\/#website\",\"url\":\"https:\/\/civilmaster.com.br\/\",\"name\":\"Civil Master\",\"description\":\"Engenharia em Altura\",\"publisher\":{\"@id\":\"https:\/\/civilmaster.com.br\/#organization\"},\"potentialAction\":[{\"@type\":\"SearchAction\",\"target\":{\"@type\":\"EntryPoint\",\"urlTemplate\":\"https:\/\/civilmaster.com.br\/?s={search_term_string}\"},\"query-input\":{\"@type\":\"PropertyValueSpecification\",\"valueRequired\":true,\"valueName\":\"search_term_string\"}}],\"inLanguage\":\"pt-BR\"},{\"@type\":\"Organization\",\"@id\":\"https:\/\/civilmaster.com.br\/#organization\",\"name\":\"Civil Master\",\"url\":\"https:\/\/civilmaster.com.br\/\",\"logo\":{\"@type\":\"ImageObject\",\"inLanguage\":\"pt-BR\",\"@id\":\"https:\/\/civilmaster.com.br\/#\/schema\/logo\/image\/\",\"url\":\"https:\/\/civilmaster.com.br\/wp-content\/uploads\/2024\/11\/logo.png.webp\",\"contentUrl\":\"https:\/\/civilmaster.com.br\/wp-content\/uploads\/2024\/11\/logo.png.webp\",\"width\":129,\"height\":83,\"caption\":\"Civil Master\"},\"image\":{\"@id\":\"https:\/\/civilmaster.com.br\/#\/schema\/logo\/image\/\"},\"sameAs\":[\"https:\/\/www.instagram.com\/civilmasterengenharia\"]}]}<\/script>\n<!-- \/ Yoast SEO Premium plugin. -->","yoast_head_json":{"title":"Trabalhe Conosco: Fa\u00e7a Parte do Time Civil Master","description":"Junte-se \u00e0 Civil Master, l\u00edder em engenharia em altura e obras complexas. Valorizamos talentos diversos e oferecemos capacita\u00e7\u00e3o cont\u00ednua","robots":{"index":"index","follow":"follow","max-snippet":"max-snippet:-1","max-image-preview":"max-image-preview:large","max-video-preview":"max-video-preview:-1"},"canonical":"https:\/\/civilmaster.com.br\/trabalhe-conosco\/","og_locale":"pt_BR","og_type":"article","og_title":"Trabalhe Conosco: Fa\u00e7a Parte do Time Civil Master","og_description":"Junte-se \u00e0 Civil Master, l\u00edder em engenharia em altura e obras complexas. Valorizamos talentos diversos e oferecemos capacita\u00e7\u00e3o cont\u00ednua","og_url":"https:\/\/civilmaster.com.br\/trabalhe-conosco\/","og_site_name":"Civil Master","article_publisher":"https:\/\/www.instagram.com\/civilmasterengenharia","article_modified_time":"2024-12-10T23:27:36+00:00","og_image":[{"width":129,"height":83,"url":"https:\/\/civilmaster.com.br\/wp-content\/uploads\/2024\/11\/logo.png.webp","type":"image\/webp"}],"twitter_card":"summary_large_image","schema":{"@context":"https:\/\/schema.org","@graph":[{"@type":"WebPage","@id":"https:\/\/civilmaster.com.br\/trabalhe-conosco\/","url":"https:\/\/civilmaster.com.br\/trabalhe-conosco\/","name":"Trabalhe Conosco: Fa\u00e7a Parte do Time Civil Master","isPartOf":{"@id":"https:\/\/civilmaster.com.br\/#website"},"datePublished":"2023-11-28T14:53:44+00:00","dateModified":"2024-12-10T23:27:36+00:00","description":"Junte-se \u00e0 Civil Master, l\u00edder em engenharia em altura e obras complexas. Valorizamos talentos diversos e oferecemos capacita\u00e7\u00e3o cont\u00ednua","breadcrumb":{"@id":"https:\/\/civilmaster.com.br\/trabalhe-conosco\/#breadcrumb"},"inLanguage":"pt-BR","potentialAction":[{"@type":"ReadAction","target":["https:\/\/civilmaster.com.br\/trabalhe-conosco\/"]}]},{"@type":"BreadcrumbList","@id":"https:\/\/civilmaster.com.br\/trabalhe-conosco\/#breadcrumb","itemListElement":[{"@type":"ListItem","position":1,"name":"Home","item":"https:\/\/civilmaster.com.br\/"},{"@type":"ListItem","position":2,"name":"Trabalhe Conosco"}]},{"@type":"WebSite","@id":"https:\/\/civilmaster.com.br\/#website","url":"https:\/\/civilmaster.com.br\/","name":"Civil Master","description":"Engenharia em Altura","publisher":{"@id":"https:\/\/civilmaster.com.br\/#organization"},"potentialAction":[{"@type":"SearchAction","target":{"@type":"EntryPoint","urlTemplate":"https:\/\/civilmaster.com.br\/?s={search_term_string}"},"query-input":{"@type":"PropertyValueSpecification","valueRequired":true,"valueName":"search_term_string"}}],"inLanguage":"pt-BR"},{"@type":"Organization","@id":"https:\/\/civilmaster.com.br\/#organization","name":"Civil Master","url":"https:\/\/civilmaster.com.br\/","logo":{"@type":"ImageObject","inLanguage":"pt-BR","@id":"https:\/\/civilmaster.com.br\/#\/schema\/logo\/image\/","url":"https:\/\/civilmaster.com.br\/wp-content\/uploads\/2024\/11\/logo.png.webp","contentUrl":"https:\/\/civilmaster.com.br\/wp-content\/uploads\/2024\/11\/logo.png.webp","width":129,"height":83,"caption":"Civil Master"},"image":{"@id":"https:\/\/civilmaster.com.br\/#\/schema\/logo\/image\/"},"sameAs":["https:\/\/www.instagram.com\/civilmasterengenharia"]}]}},"_links":{"self":[{"href":"https:\/\/civilmaster.com.br\/pb\/wp-json\/wp\/v2\/pages\/27","targetHints":{"allow":["GET"]}}],"collection":[{"href":"https:\/\/civilmaster.com.br\/pb\/wp-json\/wp\/v2\/pages"}],"about":[{"href":"https:\/\/civilmaster.com.br\/pb\/wp-json\/wp\/v2\/types\/page"}],"author":[{"embeddable":true,"href":"https:\/\/civilmaster.com.br\/pb\/wp-json\/wp\/v2\/users\/1"}],"replies":[{"embeddable":true,"href":"https:\/\/civilmaster.com.br\/pb\/wp-json\/wp\/v2\/comments?post=27"}],"version-history":[{"count":58,"href":"https:\/\/civilmaster.com.br\/pb\/wp-json\/wp\/v2\/pages\/27\/revisions"}],"predecessor-version":[{"id":2137,"href":"https:\/\/civilmaster.com.br\/pb\/wp-json\/wp\/v2\/pages\/27\/revisions\/2137"}],"wp:attachment":[{"href":"https:\/\/civilmaster.com.br\/pb\/wp-json\/wp\/v2\/media?parent=27"}],"curies":[{"name":"wp","href":"https:\/\/api.w.org\/{rel}","templated":true}]}}