{"id":32,"date":"2023-12-19T13:41:15","date_gmt":"2023-12-19T16:41:15","guid":{"rendered":"https:\/\/civilmaster.com.br\/?page_id=32"},"modified":"2025-01-09T20:43:25","modified_gmt":"2025-01-09T23:43:25","slug":"servicos-especiais","status":"publish","type":"page","link":"https:\/\/civilmaster.com.br\/pb\/servicos-especiais\/","title":{"rendered":"Servi\u00e7os Especiais"},"content":{"rendered":"<p>fundacao de dificil acesso sao partes elementares da infraestrutura obras artes especiais localizadas em locais tais como taludes muito altos e ingremes grandes profundos vales onde nao ha a possibilidade execucao com equipamentos convencionais mercado 5 {i 0 s 4 &#8220;1282&#8221; i 1 &#8220;1283&#8221; 2 &#8220;1284&#8221; 3 &#8220;1285&#8221; &#8220;1286&#8221; } trabalhos remotos aeronave carga externa inspecao barragem nivel se quando por alguma particularidade do local adequado disponivel para o carregamento transporte materiais ou pequeno\/medio porte caso extremamente sem crista ferrovias dentro zonas auto salvamento ja as inspecoes barragens maximo emergencia iminencia ruptura feitas alpinistas especialmente treinados nesta competencia acessar estrutura partir cordas atraves 6 &#8220;1289&#8221; &#8220;1290&#8221; &#8220;1291&#8221; &#8220;1292&#8221; &#8220;1293&#8221; &#8220;1294&#8221; espaco confinado uma area que foi projetada ocupacao humana continua meios limitados entrada saida ainda configuracao possa causar aprisionamento asfixia ventilacao insuficiente ate inexistente remover contaminantes perigosos &#8220;1297&#8221; &#8220;1298&#8221; &#8220;1299&#8221; servico equipamento remotamente controlado areas permanencia pessoas proibida tempo suficiente intervencao autoridade competente no estes utilizados tripulados controlados controle remoto servicos supressao vegetal monitoramento cameras 360\u00b0 rompimento exemplos &#8220;1302&#8221; &#8220;1303&#8221; direita <\/p>","protected":false},"excerpt":{"rendered":"<p>fundacao de dificil acesso sao partes elementares da infraestrutura obras artes especiais localizadas em locais tais como taludes muito altos e ingremes grandes profundos vales onde nao ha a possibilidade execucao com equipamentos convencionais mercado 5 {i 0 s 4 &#8220;1282&#8221; i 1 &#8220;1283&#8221; 2 &#8220;1284&#8221; 3 &#8220;1285&#8221; &#8220;1286&#8221; } trabalhos remotos aeronave carga externa [&hellip;]<\/p>\n","protected":false},"author":1,"featured_media":0,"parent":0,"menu_order":0,"comment_status":"closed","ping_status":"closed","template":"template-servicos.php","meta":{"_acf_changed":false},"class_list":["post-32","page","type-page","status-publish","hentry"],"acf":[],"yoast_head":"<!-- This site is optimized with the Yoast SEO Premium plugin v25.3 (Yoast SEO v24.0) - https:\/\/yoast.com\/wordpress\/plugins\/seo\/ -->\n<title>Funda\u00e7\u00e3o de Dif\u00edcil Acesso e Solu\u00e7\u00f5es Remotas Complexas<\/title>\n<meta name=\"description\" content=\"Especialistas em funda\u00e7\u00f5es de dif\u00edcil acesso, trabalhos remotos com aeronaves, espa\u00e7o confinado e equipamentos remotamente controlados\" \/>\n<meta name=\"robots\" content=\"index, follow, max-snippet:-1, max-image-preview:large, max-video-preview:-1\" \/>\n<link rel=\"canonical\" href=\"https:\/\/civilmaster.com.br\/servicos-especiais\/\" \/>\n<meta property=\"og:locale\" content=\"pt_BR\" \/>\n<meta property=\"og:type\" content=\"article\" \/>\n<meta property=\"og:title\" content=\"Funda\u00e7\u00e3o de Dif\u00edcil Acesso e Solu\u00e7\u00f5es Remotas Complexas\" \/>\n<meta property=\"og:description\" content=\"Especialistas em funda\u00e7\u00f5es de dif\u00edcil acesso, trabalhos remotos com aeronaves, espa\u00e7o confinado e equipamentos remotamente controlados\" \/>\n<meta property=\"og:url\" content=\"https:\/\/civilmaster.com.br\/servicos-especiais\/\" \/>\n<meta property=\"og:site_name\" content=\"Civil Master\" \/>\n<meta property=\"article:publisher\" content=\"https:\/\/www.instagram.com\/civilmasterengenharia\" \/>\n<meta property=\"article:modified_time\" content=\"2025-01-09T23:43:25+00:00\" \/>\n<meta property=\"og:image\" content=\"https:\/\/civilmaster.com.br\/wp-content\/uploads\/2024\/11\/logo.png.webp\" \/>\n\t<meta property=\"og:image:width\" content=\"129\" \/>\n\t<meta property=\"og:image:height\" content=\"83\" \/>\n\t<meta property=\"og:image:type\" content=\"image\/webp\" \/>\n<meta name=\"twitter:card\" content=\"summary_large_image\" \/>\n<meta name=\"twitter:label1\" content=\"Est. reading time\" \/>\n\t<meta name=\"twitter:data1\" content=\"2 minutos\" \/>\n<script type=\"application\/ld+json\" class=\"yoast-schema-graph\">{\"@context\":\"https:\/\/schema.org\",\"@graph\":[{\"@type\":\"WebPage\",\"@id\":\"https:\/\/civilmaster.com.br\/servicos-especiais\/\",\"url\":\"https:\/\/civilmaster.com.br\/servicos-especiais\/\",\"name\":\"Funda\u00e7\u00e3o de Dif\u00edcil Acesso e Solu\u00e7\u00f5es Remotas Complexas\",\"isPartOf\":{\"@id\":\"https:\/\/civilmaster.com.br\/#website\"},\"datePublished\":\"2023-12-19T16:41:15+00:00\",\"dateModified\":\"2025-01-09T23:43:25+00:00\",\"description\":\"Especialistas em funda\u00e7\u00f5es de dif\u00edcil acesso, trabalhos remotos com aeronaves, espa\u00e7o confinado e equipamentos remotamente controlados\",\"breadcrumb\":{\"@id\":\"https:\/\/civilmaster.com.br\/servicos-especiais\/#breadcrumb\"},\"inLanguage\":\"pt-BR\",\"potentialAction\":[{\"@type\":\"ReadAction\",\"target\":[\"https:\/\/civilmaster.com.br\/servicos-especiais\/\"]}]},{\"@type\":\"BreadcrumbList\",\"@id\":\"https:\/\/civilmaster.com.br\/servicos-especiais\/#breadcrumb\",\"itemListElement\":[{\"@type\":\"ListItem\",\"position\":1,\"name\":\"Home\",\"item\":\"https:\/\/civilmaster.com.br\/\"},{\"@type\":\"ListItem\",\"position\":2,\"name\":\"Servi\u00e7os Especiais\"}]},{\"@type\":\"WebSite\",\"@id\":\"https:\/\/civilmaster.com.br\/#website\",\"url\":\"https:\/\/civilmaster.com.br\/\",\"name\":\"Civil Master\",\"description\":\"Engenharia em Altura\",\"publisher\":{\"@id\":\"https:\/\/civilmaster.com.br\/#organization\"},\"potentialAction\":[{\"@type\":\"SearchAction\",\"target\":{\"@type\":\"EntryPoint\",\"urlTemplate\":\"https:\/\/civilmaster.com.br\/?s={search_term_string}\"},\"query-input\":{\"@type\":\"PropertyValueSpecification\",\"valueRequired\":true,\"valueName\":\"search_term_string\"}}],\"inLanguage\":\"pt-BR\"},{\"@type\":\"Organization\",\"@id\":\"https:\/\/civilmaster.com.br\/#organization\",\"name\":\"Civil Master\",\"url\":\"https:\/\/civilmaster.com.br\/\",\"logo\":{\"@type\":\"ImageObject\",\"inLanguage\":\"pt-BR\",\"@id\":\"https:\/\/civilmaster.com.br\/#\/schema\/logo\/image\/\",\"url\":\"https:\/\/civilmaster.com.br\/wp-content\/uploads\/2024\/11\/logo.png.webp\",\"contentUrl\":\"https:\/\/civilmaster.com.br\/wp-content\/uploads\/2024\/11\/logo.png.webp\",\"width\":129,\"height\":83,\"caption\":\"Civil Master\"},\"image\":{\"@id\":\"https:\/\/civilmaster.com.br\/#\/schema\/logo\/image\/\"},\"sameAs\":[\"https:\/\/www.instagram.com\/civilmasterengenharia\"]}]}<\/script>\n<!-- \/ Yoast SEO Premium plugin. -->","yoast_head_json":{"title":"Funda\u00e7\u00e3o de Dif\u00edcil Acesso e Solu\u00e7\u00f5es Remotas Complexas","description":"Especialistas em funda\u00e7\u00f5es de dif\u00edcil acesso, trabalhos remotos com aeronaves, espa\u00e7o confinado e equipamentos remotamente controlados","robots":{"index":"index","follow":"follow","max-snippet":"max-snippet:-1","max-image-preview":"max-image-preview:large","max-video-preview":"max-video-preview:-1"},"canonical":"https:\/\/civilmaster.com.br\/servicos-especiais\/","og_locale":"pt_BR","og_type":"article","og_title":"Funda\u00e7\u00e3o de Dif\u00edcil Acesso e Solu\u00e7\u00f5es Remotas Complexas","og_description":"Especialistas em funda\u00e7\u00f5es de dif\u00edcil acesso, trabalhos remotos com aeronaves, espa\u00e7o confinado e equipamentos remotamente controlados","og_url":"https:\/\/civilmaster.com.br\/servicos-especiais\/","og_site_name":"Civil Master","article_publisher":"https:\/\/www.instagram.com\/civilmasterengenharia","article_modified_time":"2025-01-09T23:43:25+00:00","og_image":[{"width":129,"height":83,"url":"https:\/\/civilmaster.com.br\/wp-content\/uploads\/2024\/11\/logo.png.webp","type":"image\/webp"}],"twitter_card":"summary_large_image","twitter_misc":{"Est. reading time":"2 minutos"},"schema":{"@context":"https:\/\/schema.org","@graph":[{"@type":"WebPage","@id":"https:\/\/civilmaster.com.br\/servicos-especiais\/","url":"https:\/\/civilmaster.com.br\/servicos-especiais\/","name":"Funda\u00e7\u00e3o de Dif\u00edcil Acesso e Solu\u00e7\u00f5es Remotas Complexas","isPartOf":{"@id":"https:\/\/civilmaster.com.br\/#website"},"datePublished":"2023-12-19T16:41:15+00:00","dateModified":"2025-01-09T23:43:25+00:00","description":"Especialistas em funda\u00e7\u00f5es de dif\u00edcil acesso, trabalhos remotos com aeronaves, espa\u00e7o confinado e equipamentos remotamente controlados","breadcrumb":{"@id":"https:\/\/civilmaster.com.br\/servicos-especiais\/#breadcrumb"},"inLanguage":"pt-BR","potentialAction":[{"@type":"ReadAction","target":["https:\/\/civilmaster.com.br\/servicos-especiais\/"]}]},{"@type":"BreadcrumbList","@id":"https:\/\/civilmaster.com.br\/servicos-especiais\/#breadcrumb","itemListElement":[{"@type":"ListItem","position":1,"name":"Home","item":"https:\/\/civilmaster.com.br\/"},{"@type":"ListItem","position":2,"name":"Servi\u00e7os Especiais"}]},{"@type":"WebSite","@id":"https:\/\/civilmaster.com.br\/#website","url":"https:\/\/civilmaster.com.br\/","name":"Civil Master","description":"Engenharia em Altura","publisher":{"@id":"https:\/\/civilmaster.com.br\/#organization"},"potentialAction":[{"@type":"SearchAction","target":{"@type":"EntryPoint","urlTemplate":"https:\/\/civilmaster.com.br\/?s={search_term_string}"},"query-input":{"@type":"PropertyValueSpecification","valueRequired":true,"valueName":"search_term_string"}}],"inLanguage":"pt-BR"},{"@type":"Organization","@id":"https:\/\/civilmaster.com.br\/#organization","name":"Civil Master","url":"https:\/\/civilmaster.com.br\/","logo":{"@type":"ImageObject","inLanguage":"pt-BR","@id":"https:\/\/civilmaster.com.br\/#\/schema\/logo\/image\/","url":"https:\/\/civilmaster.com.br\/wp-content\/uploads\/2024\/11\/logo.png.webp","contentUrl":"https:\/\/civilmaster.com.br\/wp-content\/uploads\/2024\/11\/logo.png.webp","width":129,"height":83,"caption":"Civil Master"},"image":{"@id":"https:\/\/civilmaster.com.br\/#\/schema\/logo\/image\/"},"sameAs":["https:\/\/www.instagram.com\/civilmasterengenharia"]}]}},"_links":{"self":[{"href":"https:\/\/civilmaster.com.br\/pb\/wp-json\/wp\/v2\/pages\/32","targetHints":{"allow":["GET"]}}],"collection":[{"href":"https:\/\/civilmaster.com.br\/pb\/wp-json\/wp\/v2\/pages"}],"about":[{"href":"https:\/\/civilmaster.com.br\/pb\/wp-json\/wp\/v2\/types\/page"}],"author":[{"embeddable":true,"href":"https:\/\/civilmaster.com.br\/pb\/wp-json\/wp\/v2\/users\/1"}],"replies":[{"embeddable":true,"href":"https:\/\/civilmaster.com.br\/pb\/wp-json\/wp\/v2\/comments?post=32"}],"version-history":[{"count":40,"href":"https:\/\/civilmaster.com.br\/pb\/wp-json\/wp\/v2\/pages\/32\/revisions"}],"predecessor-version":[{"id":1998,"href":"https:\/\/civilmaster.com.br\/pb\/wp-json\/wp\/v2\/pages\/32\/revisions\/1998"}],"wp:attachment":[{"href":"https:\/\/civilmaster.com.br\/pb\/wp-json\/wp\/v2\/media?parent=32"}],"curies":[{"name":"wp","href":"https:\/\/api.w.org\/{rel}","templated":true}]}}