{"id":34,"date":"2023-12-19T13:41:25","date_gmt":"2023-12-19T16:41:25","guid":{"rendered":"https:\/\/civilmaster.com.br\/?page_id=34"},"modified":"2025-01-15T16:29:25","modified_gmt":"2025-01-15T19:29:25","slug":"predial","status":"publish","type":"page","link":"https:\/\/civilmaster.com.br\/pb\/predial\/","title":{"rendered":"Predial"},"content":{"rendered":"<p>limpeza manual de fachadas e claraboias a uma parte fundamental da manutencao edificios nao apenas por questoes esteticas mas tambem para garantir preservacao vida util seus elementos civil master conta com equipe especializada que utiliza tecnicas alpinismo industrial alcancar ate os pontos mais dificeis garantindo eficiente segura materiais produtos equipamentos sao escolhidos acordo o revestimento cada local fim preservar integridade superficie excelencia no resultado atingido na satisfacao do cliente 9 {i 0 s 4 &#8220;1396&#8221; i 1 &#8220;1397&#8221; 2 &#8220;1398&#8221; 3 &#8220;1399&#8221; &#8220;1400&#8221; 5 &#8220;1401&#8221; 6 &#8220;1402&#8221; 7 &#8220;1403&#8221; 8 &#8220;1404&#8221; } inspecao visual teste percussao estruturas prediais oferece abordagem tecnica minuciosa identificacao irregularidades patologias em fachada fornecendo relatorios detalhados permitem tomada decisoes tecnicamente embasadas longo prazo fase construcao falhas execucao antes aceite reduz necessidade intervencoes durante periodo garantia empreendimento as inspecoes periodicas recomendadas anos previa potenciais problemas se agravam tragam riscos edificacao dos usuarios &#8220;1407&#8221; &#8220;1408&#8221; &#8220;1409&#8221; &#8220;1410&#8221; &#8220;1411&#8221; &#8220;1412&#8221; &#8220;1413&#8221; tratamento pintura altura somos especialistas proporcionar completo servicos combinando habilidade avancados compromisso seguranca nossa experiente inovadoras alta qualidade destacam visualmente transmitem confianca aos clientes alem oferecer aparencia impecavel priorizamos resistencia durabilidade &#8220;1416&#8221; &#8220;1417&#8221; &#8220;1418&#8221; &#8220;1419&#8221; &#8220;1420&#8221; &#8220;1421&#8221; &#8220;1422&#8221; instalacoes lonas banners paineis iluminacoes adesivos letreiros especializados instalacao locais desafiadores pequenos detalhes solucoes une criatividade personalizada seja unica valorize seu negocio ou evento &#8220;1425&#8221; &#8220;1427&#8221; &#8220;1428&#8221; &#8220;1429&#8221; impermeabilizacao \/ vedacao estanqueidade caracteristica protecao estetica imovel um servico vai simplesmente selar entendemos essa vital processo responsavel enfrentar desafios impostos pelos externos enquanto contribui apelo estetico sua &#8220;1241&#8221; &#8220;1242&#8221; &#8220;1243&#8221; &#8220;1246&#8221; substituicao vidros possui expertise atraves acesso cordas elimina balancins agiliza custo operacional atuando desde medicao aquisicao elemento substituido oferecemos gestao completa renovacao &#8220;1249&#8221; &#8220;1251&#8221; &#8220;1252&#8221; &#8220;1253&#8221; &#8220;1255&#8221; icamento cargas construcoes desafiadoras projetos complexos esta preparada desenvolver personalizadas garantam confiabilidade ampla experiencia entregamos precisos eficientes suas sejam posicionadas precisao &#8220;1258&#8221; &#8220;1259&#8221; recuperacao estrutural reparos revestimentos emboco porcelanatos granitos pastilhas marmores essenciais devendo ser executados conforme identificada nas corrige desenvolvem ao tempo comprometem estabilidade estrutura ja reparo garante mantenha desempenho esperado como isolamentos termico acustico robusta engenheiros consultores parceiros especificacao procedimento devem utilizados gerando diagnostico preciso alto portanto valorizacao economia &#8220;1432&#8221; &#8220;1433&#8221; &#8220;1434&#8221; &#8220;1435&#8221; coberturas geral decadas trabalhos permite exigem movimentacao pessoas sobre agilidade telhados telhas linhas-de-vida &#8220;1270&#8221; &#8220;1271&#8221; direita hidrojateamento english hydroblasting utilizacao corda remocao incrustacao dificil silos galpoes industrias elevadas rapida equipes reduzidas conferindo nossos maior produtividade atividades &#8220;1274&#8221; &#8220;1275&#8221; &#8220;1276&#8221; &#8220;1277&#8221; &#8220;1278&#8221; &#8220;1279&#8221; <\/p>","protected":false},"excerpt":{"rendered":"<p>limpeza manual de fachadas e claraboias a uma parte fundamental da manutencao edificios nao apenas por questoes esteticas mas tambem para garantir preservacao vida util seus elementos civil master conta com equipe especializada que utiliza tecnicas alpinismo industrial alcancar ate os pontos mais dificeis garantindo eficiente segura materiais produtos equipamentos sao escolhidos acordo o revestimento [&hellip;]<\/p>\n","protected":false},"author":1,"featured_media":0,"parent":0,"menu_order":0,"comment_status":"closed","ping_status":"closed","template":"template-servicos.php","meta":{"_acf_changed":false},"class_list":["post-34","page","type-page","status-publish","hentry"],"acf":[],"yoast_head":"<!-- This site is optimized with the Yoast SEO Premium plugin v25.3 (Yoast SEO v24.0) - https:\/\/yoast.com\/wordpress\/plugins\/seo\/ -->\n<title>Solu\u00e7\u00f5es Prediais: Limpeza, Manuten\u00e7\u00e3o e Recupera\u00e7\u00e3o Estrutural<\/title>\n<meta name=\"description\" content=\"Limpeza de fachadas, inspe\u00e7\u00f5es, impermeabiliza\u00e7\u00e3o, substitui\u00e7\u00e3o de vidros, recupera\u00e7\u00e3o estrutural e I\u00e7amento de cargas\" \/>\n<meta name=\"robots\" content=\"index, follow, max-snippet:-1, max-image-preview:large, max-video-preview:-1\" \/>\n<link rel=\"canonical\" href=\"https:\/\/civilmaster.com.br\/predial\/\" \/>\n<meta property=\"og:locale\" content=\"pt_BR\" \/>\n<meta property=\"og:type\" content=\"article\" \/>\n<meta property=\"og:title\" content=\"Solu\u00e7\u00f5es Prediais: Limpeza, Manuten\u00e7\u00e3o e Recupera\u00e7\u00e3o Estrutural\" \/>\n<meta property=\"og:description\" content=\"Limpeza de fachadas, inspe\u00e7\u00f5es, impermeabiliza\u00e7\u00e3o, substitui\u00e7\u00e3o de vidros, recupera\u00e7\u00e3o estrutural e I\u00e7amento de cargas\" \/>\n<meta property=\"og:url\" content=\"https:\/\/civilmaster.com.br\/predial\/\" \/>\n<meta property=\"og:site_name\" content=\"Civil Master\" \/>\n<meta property=\"article:publisher\" content=\"https:\/\/www.instagram.com\/civilmasterengenharia\" \/>\n<meta property=\"article:modified_time\" content=\"2025-01-15T19:29:25+00:00\" \/>\n<meta property=\"og:image\" content=\"https:\/\/civilmaster.com.br\/wp-content\/uploads\/2024\/11\/logo.png.webp\" \/>\n\t<meta property=\"og:image:width\" content=\"129\" \/>\n\t<meta property=\"og:image:height\" content=\"83\" \/>\n\t<meta property=\"og:image:type\" content=\"image\/webp\" \/>\n<meta name=\"twitter:card\" content=\"summary_large_image\" \/>\n<meta name=\"twitter:label1\" content=\"Est. reading time\" \/>\n\t<meta name=\"twitter:data1\" content=\"5 minutos\" \/>\n<script type=\"application\/ld+json\" class=\"yoast-schema-graph\">{\"@context\":\"https:\/\/schema.org\",\"@graph\":[{\"@type\":\"WebPage\",\"@id\":\"https:\/\/civilmaster.com.br\/predial\/\",\"url\":\"https:\/\/civilmaster.com.br\/predial\/\",\"name\":\"Solu\u00e7\u00f5es Prediais: Limpeza, Manuten\u00e7\u00e3o e Recupera\u00e7\u00e3o Estrutural\",\"isPartOf\":{\"@id\":\"https:\/\/civilmaster.com.br\/#website\"},\"datePublished\":\"2023-12-19T16:41:25+00:00\",\"dateModified\":\"2025-01-15T19:29:25+00:00\",\"description\":\"Limpeza de fachadas, inspe\u00e7\u00f5es, impermeabiliza\u00e7\u00e3o, substitui\u00e7\u00e3o de vidros, recupera\u00e7\u00e3o estrutural e I\u00e7amento de cargas\",\"breadcrumb\":{\"@id\":\"https:\/\/civilmaster.com.br\/predial\/#breadcrumb\"},\"inLanguage\":\"pt-BR\",\"potentialAction\":[{\"@type\":\"ReadAction\",\"target\":[\"https:\/\/civilmaster.com.br\/predial\/\"]}]},{\"@type\":\"BreadcrumbList\",\"@id\":\"https:\/\/civilmaster.com.br\/predial\/#breadcrumb\",\"itemListElement\":[{\"@type\":\"ListItem\",\"position\":1,\"name\":\"Home\",\"item\":\"https:\/\/civilmaster.com.br\/\"},{\"@type\":\"ListItem\",\"position\":2,\"name\":\"Predial\"}]},{\"@type\":\"WebSite\",\"@id\":\"https:\/\/civilmaster.com.br\/#website\",\"url\":\"https:\/\/civilmaster.com.br\/\",\"name\":\"Civil Master\",\"description\":\"Engenharia em Altura\",\"publisher\":{\"@id\":\"https:\/\/civilmaster.com.br\/#organization\"},\"potentialAction\":[{\"@type\":\"SearchAction\",\"target\":{\"@type\":\"EntryPoint\",\"urlTemplate\":\"https:\/\/civilmaster.com.br\/?s={search_term_string}\"},\"query-input\":{\"@type\":\"PropertyValueSpecification\",\"valueRequired\":true,\"valueName\":\"search_term_string\"}}],\"inLanguage\":\"pt-BR\"},{\"@type\":\"Organization\",\"@id\":\"https:\/\/civilmaster.com.br\/#organization\",\"name\":\"Civil Master\",\"url\":\"https:\/\/civilmaster.com.br\/\",\"logo\":{\"@type\":\"ImageObject\",\"inLanguage\":\"pt-BR\",\"@id\":\"https:\/\/civilmaster.com.br\/#\/schema\/logo\/image\/\",\"url\":\"https:\/\/civilmaster.com.br\/wp-content\/uploads\/2024\/11\/logo.png.webp\",\"contentUrl\":\"https:\/\/civilmaster.com.br\/wp-content\/uploads\/2024\/11\/logo.png.webp\",\"width\":129,\"height\":83,\"caption\":\"Civil Master\"},\"image\":{\"@id\":\"https:\/\/civilmaster.com.br\/#\/schema\/logo\/image\/\"},\"sameAs\":[\"https:\/\/www.instagram.com\/civilmasterengenharia\"]}]}<\/script>\n<!-- \/ Yoast SEO Premium plugin. -->","yoast_head_json":{"title":"Solu\u00e7\u00f5es Prediais: Limpeza, Manuten\u00e7\u00e3o e Recupera\u00e7\u00e3o Estrutural","description":"Limpeza de fachadas, inspe\u00e7\u00f5es, impermeabiliza\u00e7\u00e3o, substitui\u00e7\u00e3o de vidros, recupera\u00e7\u00e3o estrutural e I\u00e7amento de cargas","robots":{"index":"index","follow":"follow","max-snippet":"max-snippet:-1","max-image-preview":"max-image-preview:large","max-video-preview":"max-video-preview:-1"},"canonical":"https:\/\/civilmaster.com.br\/predial\/","og_locale":"pt_BR","og_type":"article","og_title":"Solu\u00e7\u00f5es Prediais: Limpeza, Manuten\u00e7\u00e3o e Recupera\u00e7\u00e3o Estrutural","og_description":"Limpeza de fachadas, inspe\u00e7\u00f5es, impermeabiliza\u00e7\u00e3o, substitui\u00e7\u00e3o de vidros, recupera\u00e7\u00e3o estrutural e I\u00e7amento de cargas","og_url":"https:\/\/civilmaster.com.br\/predial\/","og_site_name":"Civil Master","article_publisher":"https:\/\/www.instagram.com\/civilmasterengenharia","article_modified_time":"2025-01-15T19:29:25+00:00","og_image":[{"width":129,"height":83,"url":"https:\/\/civilmaster.com.br\/wp-content\/uploads\/2024\/11\/logo.png.webp","type":"image\/webp"}],"twitter_card":"summary_large_image","twitter_misc":{"Est. reading time":"5 minutos"},"schema":{"@context":"https:\/\/schema.org","@graph":[{"@type":"WebPage","@id":"https:\/\/civilmaster.com.br\/predial\/","url":"https:\/\/civilmaster.com.br\/predial\/","name":"Solu\u00e7\u00f5es Prediais: Limpeza, Manuten\u00e7\u00e3o e Recupera\u00e7\u00e3o Estrutural","isPartOf":{"@id":"https:\/\/civilmaster.com.br\/#website"},"datePublished":"2023-12-19T16:41:25+00:00","dateModified":"2025-01-15T19:29:25+00:00","description":"Limpeza de fachadas, inspe\u00e7\u00f5es, impermeabiliza\u00e7\u00e3o, substitui\u00e7\u00e3o de vidros, recupera\u00e7\u00e3o estrutural e I\u00e7amento de cargas","breadcrumb":{"@id":"https:\/\/civilmaster.com.br\/predial\/#breadcrumb"},"inLanguage":"pt-BR","potentialAction":[{"@type":"ReadAction","target":["https:\/\/civilmaster.com.br\/predial\/"]}]},{"@type":"BreadcrumbList","@id":"https:\/\/civilmaster.com.br\/predial\/#breadcrumb","itemListElement":[{"@type":"ListItem","position":1,"name":"Home","item":"https:\/\/civilmaster.com.br\/"},{"@type":"ListItem","position":2,"name":"Predial"}]},{"@type":"WebSite","@id":"https:\/\/civilmaster.com.br\/#website","url":"https:\/\/civilmaster.com.br\/","name":"Civil Master","description":"Engenharia em Altura","publisher":{"@id":"https:\/\/civilmaster.com.br\/#organization"},"potentialAction":[{"@type":"SearchAction","target":{"@type":"EntryPoint","urlTemplate":"https:\/\/civilmaster.com.br\/?s={search_term_string}"},"query-input":{"@type":"PropertyValueSpecification","valueRequired":true,"valueName":"search_term_string"}}],"inLanguage":"pt-BR"},{"@type":"Organization","@id":"https:\/\/civilmaster.com.br\/#organization","name":"Civil Master","url":"https:\/\/civilmaster.com.br\/","logo":{"@type":"ImageObject","inLanguage":"pt-BR","@id":"https:\/\/civilmaster.com.br\/#\/schema\/logo\/image\/","url":"https:\/\/civilmaster.com.br\/wp-content\/uploads\/2024\/11\/logo.png.webp","contentUrl":"https:\/\/civilmaster.com.br\/wp-content\/uploads\/2024\/11\/logo.png.webp","width":129,"height":83,"caption":"Civil Master"},"image":{"@id":"https:\/\/civilmaster.com.br\/#\/schema\/logo\/image\/"},"sameAs":["https:\/\/www.instagram.com\/civilmasterengenharia"]}]}},"_links":{"self":[{"href":"https:\/\/civilmaster.com.br\/pb\/wp-json\/wp\/v2\/pages\/34","targetHints":{"allow":["GET"]}}],"collection":[{"href":"https:\/\/civilmaster.com.br\/pb\/wp-json\/wp\/v2\/pages"}],"about":[{"href":"https:\/\/civilmaster.com.br\/pb\/wp-json\/wp\/v2\/types\/page"}],"author":[{"embeddable":true,"href":"https:\/\/civilmaster.com.br\/pb\/wp-json\/wp\/v2\/users\/1"}],"replies":[{"embeddable":true,"href":"https:\/\/civilmaster.com.br\/pb\/wp-json\/wp\/v2\/comments?post=34"}],"version-history":[{"count":88,"href":"https:\/\/civilmaster.com.br\/pb\/wp-json\/wp\/v2\/pages\/34\/revisions"}],"predecessor-version":[{"id":2004,"href":"https:\/\/civilmaster.com.br\/pb\/wp-json\/wp\/v2\/pages\/34\/revisions\/2004"}],"wp:attachment":[{"href":"https:\/\/civilmaster.com.br\/pb\/wp-json\/wp\/v2\/media?parent=34"}],"curies":[{"name":"wp","href":"https:\/\/api.w.org\/{rel}","templated":true}]}}