{"id":343,"date":"2024-01-15T13:37:59","date_gmt":"2024-01-15T16:37:59","guid":{"rendered":"https:\/\/civilmaster.com.br\/?page_id=343"},"modified":"2025-02-18T14:57:32","modified_gmt":"2025-02-18T17:57:32","slug":"geotecnia-solucoes-contencao-taludes","status":"publish","type":"page","link":"https:\/\/civilmaster.com.br\/pb\/geotecnia-solucoes-contencao-taludes\/","title":{"rendered":"Geotecnia"},"content":{"rendered":"<p>cortinas atirantadas a sao constituidas por parametros rigidos em geral de concreto armado bombeado ou projetado dotados tirantes ancorados no terreno responsaveis combater os empuxos ativos repouso estes feitos com monobarras aco especial cordoalhas baixa relaxacao protendidos empurrando o paramento rigido contra assim as garantem estabilidade do talude e evitando movimentos massa indesejaveis 5 {i 0 s 4 &#8220;1133&#8221; i 1 &#8220;1134&#8221; 2 &#8220;1135&#8221; 3 &#8220;1136&#8221; &#8220;1137&#8221; } solo grampeado uma tecnica empregada para estabilizacao encostas naturais taludes tem como principal mecanismo estabilizador restricao deformacoes macico diferentemente dos grampos nao possuem trecho livre definidos elementos passivos pois solicitados somente quando ha tendencia movimento maneira pre-tensionados seu pode ser constituido tela metalica alta resistencia &#8220;1142&#8221; &#8220;1143&#8221; &#8220;1144&#8221; &#8220;1145&#8221; &#8220;1146&#8221; rede drenagem responsavel direcionar agua pluvial aos cursos d\u2019agua este correto direcionamento impede infiltracao excessiva da chuva que prejudicar alem disso dimensionamento ocorram erosoes nos podem vir se transformarem deslizamentos superficiais vocorocas etc estas estruturas geralmente promovem maior durabilidade das obras contencao &#8220;1149&#8221; &#8220;1150&#8221; &#8220;1151&#8221; &#8220;1152&#8221; &#8220;1153&#8221; barreiras dinamicas flexiveis visam desaceleracao blocos rocha esta solucao aplicada estabilizar generalizada torna economicamente inviavel dimensionadas energia devem capazes atraves atrito gerado seus componentes absorver cinetica queda &#8220;1156&#8221; &#8220;1157&#8221; debris flow fluxo detritos comeca comportar fluida possui muito grande potencial destrutivo mesmo poder desta forma comum intervencoes flows tenhamos mais barreira instalada todas conjunta consigam quebrar consistente &#8220;1160&#8221; &#8220;1161&#8221; &#8220;1162&#8221; tunel contencoes tuneis conter possiveis desprendimentos caso rochoso exploracao minas subterraneas tipo contemplado solucoes rockburst trata repentina \u201cexplosao\u201d sa vindo desprender liberacao ja ferroviarios rodoviarios utilizacao grampeada previne na via permanente prevenindo descarrilamento considerado um piores acidente ferroviario 7 &#8220;1165&#8221; &#8220;1166&#8221; &#8220;1167&#8221; &#8220;1168&#8221; &#8220;1169&#8221; &#8220;1170&#8221; 6 &#8220;1171&#8221; limpeza faz importante partir dela possivel verificar patologias camada vegetacao superficial enxergar tais trincas monitoramento alguns prismas exemplo preciso realizar seja mirar equipamento topografico instrumento questao feita manual mecanizada remotamente controlada depender complexidade acesso local condicao e\/ou barragem &#8220;1174&#8221; &#8220;1175&#8221; &#8220;1176&#8221; &#8220;1177&#8221; &#8220;1178&#8221; &#8220;1179&#8221; instrumentacoes consiste instalar aparelhos locais previamente escolhidos medem diversas grandezas relevantes determinado poro-pressoes nivel instrumentos utilizados piezometros indicadores inclinometros marcos topograficos crack meter pinos recalque outros instalados tambem verificacao parametro especifico instrumentacao medida in loco &#8220;1182&#8221; &#8220;1183&#8221; &#8220;1184&#8221; &#8220;1187&#8221; execucao dhp drenos sub-horizontais profundos manter rebaixado lencol freatico aumento indesejado dimensionados acordo estudos hidrogeologicos pluviometricos cada especificamente montagem deve permitir direcionada fora melhorando fator seguranca estrutura &#8220;1190&#8221; &#8220;1191&#8221; &#8220;1192&#8221; &#8220;1193&#8221; &#038;nbsp direita <\/p>","protected":false},"excerpt":{"rendered":"<p>cortinas atirantadas a sao constituidas por parametros rigidos em geral de concreto armado bombeado ou projetado dotados tirantes ancorados no terreno responsaveis combater os empuxos ativos repouso estes feitos com monobarras aco especial cordoalhas baixa relaxacao protendidos empurrando o paramento rigido contra assim as garantem estabilidade do talude e evitando movimentos massa indesejaveis 5 {i [&hellip;]<\/p>\n","protected":false},"author":1,"featured_media":0,"parent":0,"menu_order":0,"comment_status":"closed","ping_status":"closed","template":"template-servicos.php","meta":{"_acf_changed":false},"class_list":["post-343","page","type-page","status-publish","hentry"],"acf":[],"yoast_head":"<!-- This site is optimized with the Yoast SEO Premium plugin v25.3 (Yoast SEO v24.0) - https:\/\/yoast.com\/wordpress\/plugins\/seo\/ -->\n<title>Geotecnia: Estabilidade de Taludes e Obras de Conten\u00e7\u00e3o<\/title>\n<meta name=\"description\" content=\"Solu\u00e7\u00f5es de geotecnia, incluindo cortinas atirantadas, solo grampeado, barreiras din\u00e2micas, limpeza de taludes e instrumenta\u00e7\u00f5es.\" \/>\n<meta name=\"robots\" content=\"index, follow, max-snippet:-1, max-image-preview:large, max-video-preview:-1\" \/>\n<link rel=\"canonical\" href=\"https:\/\/civilmaster.com.br\/geotecnia-solucoes-contencao-taludes\/\" \/>\n<meta property=\"og:locale\" content=\"pt_BR\" \/>\n<meta property=\"og:type\" content=\"article\" \/>\n<meta property=\"og:title\" content=\"Geotecnia: Estabilidade de Taludes e Obras de Conten\u00e7\u00e3o\" \/>\n<meta property=\"og:description\" content=\"Solu\u00e7\u00f5es de geotecnia, incluindo cortinas atirantadas, solo grampeado, barreiras din\u00e2micas, limpeza de taludes e instrumenta\u00e7\u00f5es.\" \/>\n<meta property=\"og:url\" content=\"https:\/\/civilmaster.com.br\/geotecnia-solucoes-contencao-taludes\/\" \/>\n<meta property=\"og:site_name\" content=\"Civil Master\" \/>\n<meta property=\"article:publisher\" content=\"https:\/\/www.instagram.com\/civilmasterengenharia\" \/>\n<meta property=\"article:modified_time\" content=\"2025-02-18T17:57:32+00:00\" \/>\n<meta property=\"og:image\" content=\"https:\/\/civilmaster.com.br\/wp-content\/uploads\/2024\/11\/logo.png.webp\" \/>\n\t<meta property=\"og:image:width\" content=\"129\" \/>\n\t<meta property=\"og:image:height\" content=\"83\" \/>\n\t<meta property=\"og:image:type\" content=\"image\/webp\" \/>\n<meta name=\"twitter:card\" content=\"summary_large_image\" \/>\n<meta name=\"twitter:label1\" content=\"Est. reading time\" \/>\n\t<meta name=\"twitter:data1\" content=\"4 minutos\" \/>\n<script type=\"application\/ld+json\" class=\"yoast-schema-graph\">{\"@context\":\"https:\/\/schema.org\",\"@graph\":[{\"@type\":\"WebPage\",\"@id\":\"https:\/\/civilmaster.com.br\/geotecnia-solucoes-contencao-taludes\/\",\"url\":\"https:\/\/civilmaster.com.br\/geotecnia-solucoes-contencao-taludes\/\",\"name\":\"Geotecnia: Estabilidade de Taludes e Obras de Conten\u00e7\u00e3o\",\"isPartOf\":{\"@id\":\"https:\/\/civilmaster.com.br\/#website\"},\"datePublished\":\"2024-01-15T16:37:59+00:00\",\"dateModified\":\"2025-02-18T17:57:32+00:00\",\"description\":\"Solu\u00e7\u00f5es de geotecnia, incluindo cortinas atirantadas, solo grampeado, barreiras din\u00e2micas, limpeza de taludes e instrumenta\u00e7\u00f5es.\",\"breadcrumb\":{\"@id\":\"https:\/\/civilmaster.com.br\/geotecnia-solucoes-contencao-taludes\/#breadcrumb\"},\"inLanguage\":\"pt-BR\",\"potentialAction\":[{\"@type\":\"ReadAction\",\"target\":[\"https:\/\/civilmaster.com.br\/geotecnia-solucoes-contencao-taludes\/\"]}]},{\"@type\":\"BreadcrumbList\",\"@id\":\"https:\/\/civilmaster.com.br\/geotecnia-solucoes-contencao-taludes\/#breadcrumb\",\"itemListElement\":[{\"@type\":\"ListItem\",\"position\":1,\"name\":\"Home\",\"item\":\"https:\/\/civilmaster.com.br\/\"},{\"@type\":\"ListItem\",\"position\":2,\"name\":\"Geotecnia\"}]},{\"@type\":\"WebSite\",\"@id\":\"https:\/\/civilmaster.com.br\/#website\",\"url\":\"https:\/\/civilmaster.com.br\/\",\"name\":\"Civil Master\",\"description\":\"Engenharia em Altura\",\"publisher\":{\"@id\":\"https:\/\/civilmaster.com.br\/#organization\"},\"potentialAction\":[{\"@type\":\"SearchAction\",\"target\":{\"@type\":\"EntryPoint\",\"urlTemplate\":\"https:\/\/civilmaster.com.br\/?s={search_term_string}\"},\"query-input\":{\"@type\":\"PropertyValueSpecification\",\"valueRequired\":true,\"valueName\":\"search_term_string\"}}],\"inLanguage\":\"pt-BR\"},{\"@type\":\"Organization\",\"@id\":\"https:\/\/civilmaster.com.br\/#organization\",\"name\":\"Civil Master\",\"url\":\"https:\/\/civilmaster.com.br\/\",\"logo\":{\"@type\":\"ImageObject\",\"inLanguage\":\"pt-BR\",\"@id\":\"https:\/\/civilmaster.com.br\/#\/schema\/logo\/image\/\",\"url\":\"https:\/\/civilmaster.com.br\/wp-content\/uploads\/2024\/11\/logo.png.webp\",\"contentUrl\":\"https:\/\/civilmaster.com.br\/wp-content\/uploads\/2024\/11\/logo.png.webp\",\"width\":129,\"height\":83,\"caption\":\"Civil Master\"},\"image\":{\"@id\":\"https:\/\/civilmaster.com.br\/#\/schema\/logo\/image\/\"},\"sameAs\":[\"https:\/\/www.instagram.com\/civilmasterengenharia\"]}]}<\/script>\n<!-- \/ Yoast SEO Premium plugin. -->","yoast_head_json":{"title":"Geotecnia: Estabilidade de Taludes e Obras de Conten\u00e7\u00e3o","description":"Solu\u00e7\u00f5es de geotecnia, incluindo cortinas atirantadas, solo grampeado, barreiras din\u00e2micas, limpeza de taludes e instrumenta\u00e7\u00f5es.","robots":{"index":"index","follow":"follow","max-snippet":"max-snippet:-1","max-image-preview":"max-image-preview:large","max-video-preview":"max-video-preview:-1"},"canonical":"https:\/\/civilmaster.com.br\/geotecnia-solucoes-contencao-taludes\/","og_locale":"pt_BR","og_type":"article","og_title":"Geotecnia: Estabilidade de Taludes e Obras de Conten\u00e7\u00e3o","og_description":"Solu\u00e7\u00f5es de geotecnia, incluindo cortinas atirantadas, solo grampeado, barreiras din\u00e2micas, limpeza de taludes e instrumenta\u00e7\u00f5es.","og_url":"https:\/\/civilmaster.com.br\/geotecnia-solucoes-contencao-taludes\/","og_site_name":"Civil Master","article_publisher":"https:\/\/www.instagram.com\/civilmasterengenharia","article_modified_time":"2025-02-18T17:57:32+00:00","og_image":[{"width":129,"height":83,"url":"https:\/\/civilmaster.com.br\/wp-content\/uploads\/2024\/11\/logo.png.webp","type":"image\/webp"}],"twitter_card":"summary_large_image","twitter_misc":{"Est. reading time":"4 minutos"},"schema":{"@context":"https:\/\/schema.org","@graph":[{"@type":"WebPage","@id":"https:\/\/civilmaster.com.br\/geotecnia-solucoes-contencao-taludes\/","url":"https:\/\/civilmaster.com.br\/geotecnia-solucoes-contencao-taludes\/","name":"Geotecnia: Estabilidade de Taludes e Obras de Conten\u00e7\u00e3o","isPartOf":{"@id":"https:\/\/civilmaster.com.br\/#website"},"datePublished":"2024-01-15T16:37:59+00:00","dateModified":"2025-02-18T17:57:32+00:00","description":"Solu\u00e7\u00f5es de geotecnia, incluindo cortinas atirantadas, solo grampeado, barreiras din\u00e2micas, limpeza de taludes e instrumenta\u00e7\u00f5es.","breadcrumb":{"@id":"https:\/\/civilmaster.com.br\/geotecnia-solucoes-contencao-taludes\/#breadcrumb"},"inLanguage":"pt-BR","potentialAction":[{"@type":"ReadAction","target":["https:\/\/civilmaster.com.br\/geotecnia-solucoes-contencao-taludes\/"]}]},{"@type":"BreadcrumbList","@id":"https:\/\/civilmaster.com.br\/geotecnia-solucoes-contencao-taludes\/#breadcrumb","itemListElement":[{"@type":"ListItem","position":1,"name":"Home","item":"https:\/\/civilmaster.com.br\/"},{"@type":"ListItem","position":2,"name":"Geotecnia"}]},{"@type":"WebSite","@id":"https:\/\/civilmaster.com.br\/#website","url":"https:\/\/civilmaster.com.br\/","name":"Civil Master","description":"Engenharia em Altura","publisher":{"@id":"https:\/\/civilmaster.com.br\/#organization"},"potentialAction":[{"@type":"SearchAction","target":{"@type":"EntryPoint","urlTemplate":"https:\/\/civilmaster.com.br\/?s={search_term_string}"},"query-input":{"@type":"PropertyValueSpecification","valueRequired":true,"valueName":"search_term_string"}}],"inLanguage":"pt-BR"},{"@type":"Organization","@id":"https:\/\/civilmaster.com.br\/#organization","name":"Civil Master","url":"https:\/\/civilmaster.com.br\/","logo":{"@type":"ImageObject","inLanguage":"pt-BR","@id":"https:\/\/civilmaster.com.br\/#\/schema\/logo\/image\/","url":"https:\/\/civilmaster.com.br\/wp-content\/uploads\/2024\/11\/logo.png.webp","contentUrl":"https:\/\/civilmaster.com.br\/wp-content\/uploads\/2024\/11\/logo.png.webp","width":129,"height":83,"caption":"Civil Master"},"image":{"@id":"https:\/\/civilmaster.com.br\/#\/schema\/logo\/image\/"},"sameAs":["https:\/\/www.instagram.com\/civilmasterengenharia"]}]}},"_links":{"self":[{"href":"https:\/\/civilmaster.com.br\/pb\/wp-json\/wp\/v2\/pages\/343","targetHints":{"allow":["GET"]}}],"collection":[{"href":"https:\/\/civilmaster.com.br\/pb\/wp-json\/wp\/v2\/pages"}],"about":[{"href":"https:\/\/civilmaster.com.br\/pb\/wp-json\/wp\/v2\/types\/page"}],"author":[{"embeddable":true,"href":"https:\/\/civilmaster.com.br\/pb\/wp-json\/wp\/v2\/users\/1"}],"replies":[{"embeddable":true,"href":"https:\/\/civilmaster.com.br\/pb\/wp-json\/wp\/v2\/comments?post=343"}],"version-history":[{"count":107,"href":"https:\/\/civilmaster.com.br\/pb\/wp-json\/wp\/v2\/pages\/343\/revisions"}],"predecessor-version":[{"id":2181,"href":"https:\/\/civilmaster.com.br\/pb\/wp-json\/wp\/v2\/pages\/343\/revisions\/2181"}],"wp:attachment":[{"href":"https:\/\/civilmaster.com.br\/pb\/wp-json\/wp\/v2\/media?parent=343"}],"curies":[{"name":"wp","href":"https:\/\/api.w.org\/{rel}","templated":true}]}}