{"id":36,"date":"2023-12-19T13:41:37","date_gmt":"2023-12-19T16:41:37","guid":{"rendered":"https:\/\/civilmaster.com.br\/?page_id=36"},"modified":"2025-06-17T18:20:11","modified_gmt":"2025-06-17T21:20:11","slug":"treinamento","status":"publish","type":"page","link":"https:\/\/civilmaster.com.br\/pb\/treinamento\/","title":{"rendered":"Treinamentos"},"content":{"rendered":"<p>centro de treinamentos especializado rio set ha mais 8 anos atuando no seguimento a vem capacitando e formando profissionais alto nivel em tecnicas acesso por cordas atendendo as normas legais nbr vigentes com padrao qualidade internacional contamos um time instrutores altamente capacitados carga horaria 40h dividida 2 modulos teorico pratica oferecemos voce aquilo que fazemos melhor! incansaveis na busca pela excelencia perseguimos todas nossas praticas nessa nao podemos perder vista o compromisso seguranca porque somos feitos pessoas suas familias seus planos historias vao muito alem dos obras projetos capacitacao portanto uma questao central para civil master bem aplicada capaz garantir apenas correta execucao procedimentos operacionais mas sobretudo protocolos necessarios nossos colaboradores voltem casa como sairam la plenas condicoes fisicas mentais este objetivo temos empresa parceira tres centros treinamento proprios dois permanentes situados belo horizonte mg parauapebas pa estrutura itinerante pode ser montada diferentes locais atender empreendimentos maior dispersao geografica exemplo cada cts alpinistas industriais sao criteriosamente preparados futuras atividades apos formacao todos certificados junto industrial rope access trade association irata hoje somamos 900 detem conhecimentos tecnicos praticos nas areas relacionadas corda escalada ancoragem movimentacao resgate altura vamos alem! incentivamos aprendizado cotidiano entre times pois entendemos ideias inovadoras podem surgir qualquer pessoa saber ouvir valorizar opinioes diversas fazem parte do jeito trabalhar nosso elevar patamar servicos nos aproximar dela segmento divida oferece 6 {i 0 s 4 &#8220;1306&#8221; i 1 &#8220;1307&#8221; &#8220;1308&#8221; 3 &#8220;1309&#8221; &#8220;1310&#8221; 5 &#8220;1311&#8221; } venha viver essa experiencia alavancar sua carreira profissional! galeria <\/p>","protected":false},"excerpt":{"rendered":"<p>centro de treinamentos especializado rio set ha mais 8 anos atuando no seguimento a vem capacitando e formando profissionais alto nivel em tecnicas acesso por cordas atendendo as normas legais nbr vigentes com padrao qualidade internacional contamos um time instrutores altamente capacitados carga horaria 40h dividida 2 modulos teorico pratica oferecemos voce aquilo que fazemos [&hellip;]<\/p>\n","protected":false},"author":1,"featured_media":0,"parent":0,"menu_order":0,"comment_status":"closed","ping_status":"closed","template":"template-treinamento.php","meta":{"_acf_changed":false},"class_list":["post-36","page","type-page","status-publish","hentry"],"acf":[],"yoast_head":"<!-- This site is optimized with the Yoast SEO Premium plugin v25.3 (Yoast SEO v24.0) - https:\/\/yoast.com\/wordpress\/plugins\/seo\/ -->\n<title>Capacita\u00e7\u00e3o em Acesso por Cordas com Padr\u00e3o Internacional<\/title>\n<meta name=\"description\" content=\"A Civil Master e a RIO SET TREINAMENTOS capacita profissionais em acesso por cordas, atendendo normas NBR e padr\u00f5es internacionais.\" \/>\n<meta name=\"robots\" content=\"index, follow, max-snippet:-1, max-image-preview:large, max-video-preview:-1\" \/>\n<link rel=\"canonical\" href=\"https:\/\/civilmaster.com.br\/treinamento\/\" \/>\n<meta property=\"og:locale\" content=\"pt_BR\" \/>\n<meta property=\"og:type\" content=\"article\" \/>\n<meta property=\"og:title\" content=\"Capacita\u00e7\u00e3o em Acesso por Cordas com Padr\u00e3o Internacional\" \/>\n<meta property=\"og:description\" content=\"A Civil Master e a RIO SET TREINAMENTOS capacita profissionais em acesso por cordas, atendendo normas NBR e padr\u00f5es internacionais.\" \/>\n<meta property=\"og:url\" content=\"https:\/\/civilmaster.com.br\/treinamento\/\" \/>\n<meta property=\"og:site_name\" content=\"Civil Master\" \/>\n<meta property=\"article:publisher\" content=\"https:\/\/www.instagram.com\/civilmasterengenharia\" \/>\n<meta property=\"article:modified_time\" content=\"2025-06-17T21:20:11+00:00\" \/>\n<meta property=\"og:image\" content=\"https:\/\/civilmaster.com.br\/wp-content\/uploads\/2024\/11\/logo.png.webp\" \/>\n\t<meta property=\"og:image:width\" content=\"129\" \/>\n\t<meta property=\"og:image:height\" content=\"83\" \/>\n\t<meta property=\"og:image:type\" content=\"image\/webp\" \/>\n<meta name=\"twitter:card\" content=\"summary_large_image\" \/>\n<meta name=\"twitter:label1\" content=\"Est. reading time\" \/>\n\t<meta name=\"twitter:data1\" content=\"3 minutos\" \/>\n<script type=\"application\/ld+json\" class=\"yoast-schema-graph\">{\"@context\":\"https:\/\/schema.org\",\"@graph\":[{\"@type\":\"WebPage\",\"@id\":\"https:\/\/civilmaster.com.br\/treinamento\/\",\"url\":\"https:\/\/civilmaster.com.br\/treinamento\/\",\"name\":\"Capacita\u00e7\u00e3o em Acesso por Cordas com Padr\u00e3o Internacional\",\"isPartOf\":{\"@id\":\"https:\/\/civilmaster.com.br\/#website\"},\"datePublished\":\"2023-12-19T16:41:37+00:00\",\"dateModified\":\"2025-06-17T21:20:11+00:00\",\"description\":\"A Civil Master e a RIO SET TREINAMENTOS capacita profissionais em acesso por cordas, atendendo normas NBR e padr\u00f5es internacionais.\",\"breadcrumb\":{\"@id\":\"https:\/\/civilmaster.com.br\/treinamento\/#breadcrumb\"},\"inLanguage\":\"pt-BR\",\"potentialAction\":[{\"@type\":\"ReadAction\",\"target\":[\"https:\/\/civilmaster.com.br\/treinamento\/\"]}]},{\"@type\":\"BreadcrumbList\",\"@id\":\"https:\/\/civilmaster.com.br\/treinamento\/#breadcrumb\",\"itemListElement\":[{\"@type\":\"ListItem\",\"position\":1,\"name\":\"Home\",\"item\":\"https:\/\/civilmaster.com.br\/\"},{\"@type\":\"ListItem\",\"position\":2,\"name\":\"Treinamentos\"}]},{\"@type\":\"WebSite\",\"@id\":\"https:\/\/civilmaster.com.br\/#website\",\"url\":\"https:\/\/civilmaster.com.br\/\",\"name\":\"Civil Master\",\"description\":\"Engenharia em Altura\",\"publisher\":{\"@id\":\"https:\/\/civilmaster.com.br\/#organization\"},\"potentialAction\":[{\"@type\":\"SearchAction\",\"target\":{\"@type\":\"EntryPoint\",\"urlTemplate\":\"https:\/\/civilmaster.com.br\/?s={search_term_string}\"},\"query-input\":{\"@type\":\"PropertyValueSpecification\",\"valueRequired\":true,\"valueName\":\"search_term_string\"}}],\"inLanguage\":\"pt-BR\"},{\"@type\":\"Organization\",\"@id\":\"https:\/\/civilmaster.com.br\/#organization\",\"name\":\"Civil Master\",\"url\":\"https:\/\/civilmaster.com.br\/\",\"logo\":{\"@type\":\"ImageObject\",\"inLanguage\":\"pt-BR\",\"@id\":\"https:\/\/civilmaster.com.br\/#\/schema\/logo\/image\/\",\"url\":\"https:\/\/civilmaster.com.br\/wp-content\/uploads\/2024\/11\/logo.png.webp\",\"contentUrl\":\"https:\/\/civilmaster.com.br\/wp-content\/uploads\/2024\/11\/logo.png.webp\",\"width\":129,\"height\":83,\"caption\":\"Civil Master\"},\"image\":{\"@id\":\"https:\/\/civilmaster.com.br\/#\/schema\/logo\/image\/\"},\"sameAs\":[\"https:\/\/www.instagram.com\/civilmasterengenharia\"]}]}<\/script>\n<!-- \/ Yoast SEO Premium plugin. -->","yoast_head_json":{"title":"Capacita\u00e7\u00e3o em Acesso por Cordas com Padr\u00e3o Internacional","description":"A Civil Master e a RIO SET TREINAMENTOS capacita profissionais em acesso por cordas, atendendo normas NBR e padr\u00f5es internacionais.","robots":{"index":"index","follow":"follow","max-snippet":"max-snippet:-1","max-image-preview":"max-image-preview:large","max-video-preview":"max-video-preview:-1"},"canonical":"https:\/\/civilmaster.com.br\/treinamento\/","og_locale":"pt_BR","og_type":"article","og_title":"Capacita\u00e7\u00e3o em Acesso por Cordas com Padr\u00e3o Internacional","og_description":"A Civil Master e a RIO SET TREINAMENTOS capacita profissionais em acesso por cordas, atendendo normas NBR e padr\u00f5es internacionais.","og_url":"https:\/\/civilmaster.com.br\/treinamento\/","og_site_name":"Civil Master","article_publisher":"https:\/\/www.instagram.com\/civilmasterengenharia","article_modified_time":"2025-06-17T21:20:11+00:00","og_image":[{"width":129,"height":83,"url":"https:\/\/civilmaster.com.br\/wp-content\/uploads\/2024\/11\/logo.png.webp","type":"image\/webp"}],"twitter_card":"summary_large_image","twitter_misc":{"Est. reading time":"3 minutos"},"schema":{"@context":"https:\/\/schema.org","@graph":[{"@type":"WebPage","@id":"https:\/\/civilmaster.com.br\/treinamento\/","url":"https:\/\/civilmaster.com.br\/treinamento\/","name":"Capacita\u00e7\u00e3o em Acesso por Cordas com Padr\u00e3o Internacional","isPartOf":{"@id":"https:\/\/civilmaster.com.br\/#website"},"datePublished":"2023-12-19T16:41:37+00:00","dateModified":"2025-06-17T21:20:11+00:00","description":"A Civil Master e a RIO SET TREINAMENTOS capacita profissionais em acesso por cordas, atendendo normas NBR e padr\u00f5es internacionais.","breadcrumb":{"@id":"https:\/\/civilmaster.com.br\/treinamento\/#breadcrumb"},"inLanguage":"pt-BR","potentialAction":[{"@type":"ReadAction","target":["https:\/\/civilmaster.com.br\/treinamento\/"]}]},{"@type":"BreadcrumbList","@id":"https:\/\/civilmaster.com.br\/treinamento\/#breadcrumb","itemListElement":[{"@type":"ListItem","position":1,"name":"Home","item":"https:\/\/civilmaster.com.br\/"},{"@type":"ListItem","position":2,"name":"Treinamentos"}]},{"@type":"WebSite","@id":"https:\/\/civilmaster.com.br\/#website","url":"https:\/\/civilmaster.com.br\/","name":"Civil Master","description":"Engenharia em Altura","publisher":{"@id":"https:\/\/civilmaster.com.br\/#organization"},"potentialAction":[{"@type":"SearchAction","target":{"@type":"EntryPoint","urlTemplate":"https:\/\/civilmaster.com.br\/?s={search_term_string}"},"query-input":{"@type":"PropertyValueSpecification","valueRequired":true,"valueName":"search_term_string"}}],"inLanguage":"pt-BR"},{"@type":"Organization","@id":"https:\/\/civilmaster.com.br\/#organization","name":"Civil Master","url":"https:\/\/civilmaster.com.br\/","logo":{"@type":"ImageObject","inLanguage":"pt-BR","@id":"https:\/\/civilmaster.com.br\/#\/schema\/logo\/image\/","url":"https:\/\/civilmaster.com.br\/wp-content\/uploads\/2024\/11\/logo.png.webp","contentUrl":"https:\/\/civilmaster.com.br\/wp-content\/uploads\/2024\/11\/logo.png.webp","width":129,"height":83,"caption":"Civil Master"},"image":{"@id":"https:\/\/civilmaster.com.br\/#\/schema\/logo\/image\/"},"sameAs":["https:\/\/www.instagram.com\/civilmasterengenharia"]}]}},"_links":{"self":[{"href":"https:\/\/civilmaster.com.br\/pb\/wp-json\/wp\/v2\/pages\/36","targetHints":{"allow":["GET"]}}],"collection":[{"href":"https:\/\/civilmaster.com.br\/pb\/wp-json\/wp\/v2\/pages"}],"about":[{"href":"https:\/\/civilmaster.com.br\/pb\/wp-json\/wp\/v2\/types\/page"}],"author":[{"embeddable":true,"href":"https:\/\/civilmaster.com.br\/pb\/wp-json\/wp\/v2\/users\/1"}],"replies":[{"embeddable":true,"href":"https:\/\/civilmaster.com.br\/pb\/wp-json\/wp\/v2\/comments?post=36"}],"version-history":[{"count":56,"href":"https:\/\/civilmaster.com.br\/pb\/wp-json\/wp\/v2\/pages\/36\/revisions"}],"predecessor-version":[{"id":2242,"href":"https:\/\/civilmaster.com.br\/pb\/wp-json\/wp\/v2\/pages\/36\/revisions\/2242"}],"wp:attachment":[{"href":"https:\/\/civilmaster.com.br\/pb\/wp-json\/wp\/v2\/media?parent=36"}],"curies":[{"name":"wp","href":"https:\/\/api.w.org\/{rel}","templated":true}]}}